{"id":70950,"date":"2022-11-18T17:06:12","date_gmt":"2022-11-18T22:06:12","guid":{"rendered":"https:\/\/www.muralunique.com\/?post_type=product&#038;p=70950"},"modified":"2022-11-18T17:33:56","modified_gmt":"2022-11-18T22:33:56","slug":"chateau-dosaka-avec-cerisiers-en-fleurs-et-le-mont-fuji-en-arriere-plan","status":"publish","type":"product","link":"https:\/\/www.muralunique.com\/fr\/produit\/chateau-dosaka-avec-cerisiers-en-fleurs-et-le-mont-fuji-en-arriere-plan\/","title":{"rendered":"Ch\u00e2teau d&#8217;Osaka avec Cerisiers en Fleurs et le Mont Fuji en Arri\u00e8re-plan"},"content":{"rendered":"<p>-Murale en papier peint du ch\u00e2teau d&#8217;Osaka avec de beaux cerisiers en fleurs et le Mont Fuji en arri\u00e8re-plan. Ce ch\u00e2teau est l&#8217;un des monuments les plus c\u00e9l\u00e8bres du Japon. Une sc\u00e8ne orientale paisible, propice au repos et \u00e0 la relaxation. Une bonne id\u00e9e d\u00e9co pour une salle de yoga, un spa ou m\u00eame pour une chambre \u00e0 coucher.<\/p>\n<p>-La murale comprend des laizes de 18\u2033 (45cm) de largeur. Par exemple, une murale de 6\u2032 (1,83m) de largeur a 4 laizes et une murale de 12\u2032 (3,66m) de largeur a 8 laizes.<\/p>\n<p>-Murale en papier\u00a0peint pr\u00e9encoll\u00e9e, lavable, s\u2019enl\u00e8ve \u00e0 sec et r\u00e9utilisable. Facile \u00e0 installer, se pose comme du papier\u00a0peint (tapisserie).<\/p>\n<p>-murale japonaise, murale en papier peint japonaise, tapisserie japonaise, murale ch\u00e2teau d&#8217;Osaka, tapisserie ch\u00e2teau d&#8217;Osaka, murale en papier peint ch\u00e2teau d&#8217;Osaka, murale orientale, murale en papier peint orientale<\/p>\n","protected":false},"excerpt":{"rendered":"<p>-Murale en papier peint du ch\u00e2teau d&#8217;Osaka avec de beaux cerisiers en fleurs et le Mont Fuji en arri\u00e8re-plan. Ce ch\u00e2teau est l&#8217;un des monuments les plus c\u00e9l\u00e8bres du Japon. Une sc\u00e8ne orientale paisible, propice au repos et \u00e0 la relaxation. Une bonne id\u00e9e d\u00e9co pour une salle de yoga, un spa ou m\u00eame pour [&hellip;]<\/p>\n","protected":false},"featured_media":70948,"template":"","meta":{"_acf_changed":false},"product_brand":[],"product_cat":[141,138,401],"product_tag":[9478,8784,8783,8877,8889,9991,9117,9118,9207,9208,9209,9219,9238,9992,9137],"class_list":{"0":"post-70950","1":"product","2":"type-product","3":"status-publish","4":"has-post-thumbnail","6":"product_cat-nature-et-paysages","7":"product_cat-oriental-religion-spiritualite","8":"product_cat-tous-nos-produits","9":"product_tag-arbres","10":"product_tag-asiatique","11":"product_tag-asie","12":"product_tag-chateau","13":"product_tag-fleur-de-cerisier","14":"product_tag-fuji-fr","15":"product_tag-japon","16":"product_tag-japonais","17":"product_tag-mont","18":"product_tag-montagne","19":"product_tag-montagnes","20":"product_tag-nature-fr","21":"product_tag-oriental-fr","22":"product_tag-osaka-fr","23":"product_tag-paysage","25":"first","26":"instock","27":"taxable","28":"shipping-taxable","29":"purchasable","30":"product-type-variable","31":"has-default-attributes"},"acf":[],"_links":{"self":[{"href":"https:\/\/www.muralunique.com\/fr\/wp-json\/wp\/v2\/product\/70950","targetHints":{"allow":["GET"]}}],"collection":[{"href":"https:\/\/www.muralunique.com\/fr\/wp-json\/wp\/v2\/product"}],"about":[{"href":"https:\/\/www.muralunique.com\/fr\/wp-json\/wp\/v2\/types\/product"}],"wp:featuredmedia":[{"embeddable":true,"href":"https:\/\/www.muralunique.com\/fr\/wp-json\/wp\/v2\/media\/70948"}],"wp:attachment":[{"href":"https:\/\/www.muralunique.com\/fr\/wp-json\/wp\/v2\/media?parent=70950"}],"wp:term":[{"taxonomy":"product_brand","embeddable":true,"href":"https:\/\/www.muralunique.com\/fr\/wp-json\/wp\/v2\/product_brand?post=70950"},{"taxonomy":"product_cat","embeddable":true,"href":"https:\/\/www.muralunique.com\/fr\/wp-json\/wp\/v2\/product_cat?post=70950"},{"taxonomy":"product_tag","embeddable":true,"href":"https:\/\/www.muralunique.com\/fr\/wp-json\/wp\/v2\/product_tag?post=70950"}],"curies":[{"name":"wp","href":"https:\/\/api.w.org\/{rel}","templated":true}]}}