{"id":71237,"date":"2022-11-25T17:09:56","date_gmt":"2022-11-25T22:09:56","guid":{"rendered":"https:\/\/www.muralunique.com\/?post_type=product&#038;p=71237"},"modified":"2022-11-25T17:26:50","modified_gmt":"2022-11-25T22:26:50","slug":"vieilles-planches-horizontales-noir-et-blanc","status":"publish","type":"product","link":"https:\/\/www.muralunique.com\/fr\/produit\/vieilles-planches-horizontales-noir-et-blanc\/","title":{"rendered":"Vieilles Planches Horizontales (Noir et Blanc)"},"content":{"rendered":"<p>-Murale en papier peint de planches de bois horizontales en noir et blanc. Entourez-vous de textures naturelles avec ce papier peint de planches de bois. Un look parfait sans les d\u00e9penses et les complications li\u00e9es \u00e0 l&#8217;ajout de v\u00e9ritables planches de bois. La qualit\u00e9 (r\u00e9solution) de cette image est exceptionnelle (820 M\u00e9gaPixels).<\/p>\n<p>-La murale comprend des laizes de 18\u2033 (45cm) de largeur. Par exemple, une murale de 6\u2032 (1,83m) de largeur a 4 laizes et une murale de 12\u2032 (3,66m) de largeur a 8 laizes.<\/p>\n<p>-Murale en papier\u00a0peint pr\u00e9encoll\u00e9e, lavable, s\u2019enl\u00e8ve \u00e0 sec et r\u00e9utilisable. Facile \u00e0 installer, se pose comme du papier\u00a0peint (tapisserie).<\/p>\n<p>-Photographie de Donn Petelka. Vous pouvez obtenir plus d\u2019informations \u00e0 cette adresse:\u00a0<a href=\"mailto:donnpetelka@gmail.com\" target=\"_blank\" rel=\"noopener noreferrer\">donnpetelka@gmail.com<\/a>.<\/p>\n<p>-murale vieilles planches de bois horizontales grises, tapisserie vieilles planches de bois horizontales grises, papier peint vieilles planches de bois horizontales grises, tapisserie murale vieilles planches de bois horizontales grises<\/p>\n<p>&nbsp;<\/p>\n","protected":false},"excerpt":{"rendered":"<p>-Murale en papier peint de planches de bois horizontales en noir et blanc. Entourez-vous de textures naturelles avec ce papier peint de planches de bois. Un look parfait sans les d\u00e9penses et les complications li\u00e9es \u00e0 l&#8217;ajout de v\u00e9ritables planches de bois. La qualit\u00e9 (r\u00e9solution) de cette image est exceptionnelle (820 M\u00e9gaPixels). -La murale comprend [&hellip;]<\/p>\n","protected":false},"featured_media":71255,"template":"","meta":{"_acf_changed":false},"product_brand":[],"product_cat":[169,401,427],"product_tag":[9538,8801,9515,9282,9283,9542,9447,9448,9449,9234],"class_list":{"0":"post-71237","1":"product","2":"type-product","3":"status-publish","4":"has-post-thumbnail","6":"artist-donn-petelka-fr","7":"product_cat-textures-2","8":"product_cat-tous-nos-produits","9":"product_cat-ultra-haute-d-finition-photos","10":"product_tag-bois","11":"product_tag-grange","12":"product_tag-mur","13":"product_tag-planche","14":"product_tag-planches","15":"product_tag-planches-de-bois","16":"product_tag-texture-fr","17":"product_tag-texture-fr-2","18":"product_tag-textures","19":"product_tag-vieux","21":"first","22":"instock","23":"taxable","24":"shipping-taxable","25":"purchasable","26":"product-type-variable","27":"has-default-attributes"},"acf":[],"_links":{"self":[{"href":"https:\/\/www.muralunique.com\/fr\/wp-json\/wp\/v2\/product\/71237","targetHints":{"allow":["GET"]}}],"collection":[{"href":"https:\/\/www.muralunique.com\/fr\/wp-json\/wp\/v2\/product"}],"about":[{"href":"https:\/\/www.muralunique.com\/fr\/wp-json\/wp\/v2\/types\/product"}],"wp:featuredmedia":[{"embeddable":true,"href":"https:\/\/www.muralunique.com\/fr\/wp-json\/wp\/v2\/media\/71255"}],"wp:attachment":[{"href":"https:\/\/www.muralunique.com\/fr\/wp-json\/wp\/v2\/media?parent=71237"}],"wp:term":[{"taxonomy":"product_brand","embeddable":true,"href":"https:\/\/www.muralunique.com\/fr\/wp-json\/wp\/v2\/product_brand?post=71237"},{"taxonomy":"product_cat","embeddable":true,"href":"https:\/\/www.muralunique.com\/fr\/wp-json\/wp\/v2\/product_cat?post=71237"},{"taxonomy":"product_tag","embeddable":true,"href":"https:\/\/www.muralunique.com\/fr\/wp-json\/wp\/v2\/product_tag?post=71237"}],"curies":[{"name":"wp","href":"https:\/\/api.w.org\/{rel}","templated":true}]}}