{"id":7139,"date":"2014-11-18T13:42:35","date_gmt":"2014-11-18T13:42:35","guid":{"rendered":"https:\/\/muralunique.com\/?post_type=product&#038;p=7139"},"modified":"2025-07-30T15:23:59","modified_gmt":"2025-07-30T19:23:59","slug":"arc-en-ciel-du-bouclier-canadien","status":"publish","type":"product","link":"https:\/\/www.muralunique.com\/fr\/produit\/arc-en-ciel-du-bouclier-canadien\/","title":{"rendered":"Arc-en-Ciel du Bouclier Canadien"},"content":{"rendered":"<p>-Murale en papier peint d&#8217;une texture de roc. Cette murale de texture en haute d\u00e9finition vous permettra de cr\u00e9er un d\u00e9cor original et \u00e9poustouflant. Tr\u00e8s polyvalente, cette murale convient tr\u00e8s bien \u00e0 n&#8217;importe quelle pi\u00e8ce de votre int\u00e9rieur.<\/p>\n<p>-La qualit\u00e9 (r\u00e9solution) de cette image est exceptionnelle (450 M\u00e9gaPixels).<\/p>\n<p>-La murale comprend des laizes de 18&#8243; (45cm) de largeur. Par exemple, une murale de 6&#8242; (1,83m) de largeur a 4 laizes et une murale de 12&#8242; (3,66m) de largeur a 8 laizes.<\/p>\n<p>-Murale en papier\u00a0peint pr\u00e9encoll\u00e9e, lavable, s&#8217;enl\u00e8ve \u00e0 sec et r\u00e9utilisable. Facile \u00e0 installer, se pose comme du papier\u00a0peint (tapisserie).<\/p>\n<p>-Photographie de Donn Petelka. Vous pouvez obtenir plus d&#8217;informations \u00e0 cette adresse:\u00a0<u><a style=\"color: #1155cc; font-family: verdana, sans-serif; font-size: large;\" href=\"mailto:donnpetelka@gmail.com\" target=\"_blank\" rel=\"noopener noreferrer\">donnpetelka@gmail.com<\/a><\/u>.<\/p>\n<p>-murale texture de roc, murale bouclier canadien, papier peint texture de roc, papier peint bouclier canadien, tapisserie texture roc<\/p>\n","protected":false},"excerpt":{"rendered":"<p>-Murale en papier peint d&#8217;une texture de roc. Cette murale de texture en haute d\u00e9finition vous permettra de cr\u00e9er un d\u00e9cor original et \u00e9poustouflant. Tr\u00e8s polyvalente, cette murale convient tr\u00e8s bien \u00e0 n&#8217;importe quelle pi\u00e8ce de votre int\u00e9rieur. -La qualit\u00e9 (r\u00e9solution) de cette image est exceptionnelle (450 M\u00e9gaPixels). -La murale comprend des laizes de 18&#8243; [&hellip;]<\/p>\n","protected":false},"featured_media":7140,"template":"","meta":{"_acf_changed":false},"product_brand":[197],"product_cat":[169,401,163,427],"product_tag":[8921,9515,9418,9416,9332,9333,9448,9449,9483,9612,9485],"class_list":{"0":"post-7139","1":"product","2":"type-product","3":"status-publish","4":"has-post-thumbnail","6":"artist-donn-petelka-fr","7":"product_brand-donn-petelka-2","8":"product_cat-textures-2","9":"product_cat-tous-nos-produits","10":"product_cat-trompe-loeil","11":"product_cat-ultra-haute-d-finition-photos","12":"product_tag-contemporain","13":"product_tag-mur","14":"product_tag-mur-de-pierres","15":"product_tag-pierre","16":"product_tag-roc-fr","17":"product_tag-rocher-fr","18":"product_tag-texture-fr-2","19":"product_tag-textures","20":"product_tag-trompe-l-oeil","21":"product_tag-trompe-loeil-fr","22":"product_tag-trompe-oeil-fr","24":"first","25":"instock","26":"taxable","27":"shipping-taxable","28":"purchasable","29":"product-type-variable","30":"has-default-attributes"},"acf":[],"_links":{"self":[{"href":"https:\/\/www.muralunique.com\/fr\/wp-json\/wp\/v2\/product\/7139","targetHints":{"allow":["GET"]}}],"collection":[{"href":"https:\/\/www.muralunique.com\/fr\/wp-json\/wp\/v2\/product"}],"about":[{"href":"https:\/\/www.muralunique.com\/fr\/wp-json\/wp\/v2\/types\/product"}],"wp:featuredmedia":[{"embeddable":true,"href":"https:\/\/www.muralunique.com\/fr\/wp-json\/wp\/v2\/media\/7140"}],"wp:attachment":[{"href":"https:\/\/www.muralunique.com\/fr\/wp-json\/wp\/v2\/media?parent=7139"}],"wp:term":[{"taxonomy":"product_brand","embeddable":true,"href":"https:\/\/www.muralunique.com\/fr\/wp-json\/wp\/v2\/product_brand?post=7139"},{"taxonomy":"product_cat","embeddable":true,"href":"https:\/\/www.muralunique.com\/fr\/wp-json\/wp\/v2\/product_cat?post=7139"},{"taxonomy":"product_tag","embeddable":true,"href":"https:\/\/www.muralunique.com\/fr\/wp-json\/wp\/v2\/product_tag?post=7139"}],"curies":[{"name":"wp","href":"https:\/\/api.w.org\/{rel}","templated":true}]}}