{"id":7172,"date":"2014-11-24T10:01:56","date_gmt":"2014-11-24T10:01:56","guid":{"rendered":"https:\/\/muralunique.com\/?post_type=product&#038;p=7172"},"modified":"2022-04-16T19:43:49","modified_gmt":"2022-04-16T23:43:49","slug":"coeur-a-coeur","status":"publish","type":"product","link":"https:\/\/www.muralunique.com\/fr\/produit\/coeur-a-coeur\/","title":{"rendered":"Coeur \u00e0 Coeur"},"content":{"rendered":"<p>-Murale en papier peint pour petites filles de magnifiques coeurs roses, verts et mauves.<\/p>\n<p>-La murale comprend des laizes de 18&#8243; (45cm) de largeur. Par exemple, une murale de 6&#8242; (1,83m) de largeur a 4 laizes et une murale de 12&#8242; (3,66m) de largeur a 8 laizes.<\/p>\n<p>-Murale en papier\u00a0peint pr\u00e9encoll\u00e9e, lavable, s&#8217;enl\u00e8ve \u00e0 sec et r\u00e9utilisable. Facile \u00e0 installer, se pose comme du papier\u00a0peint (tapisserie).<\/p>\n<p>-Cr\u00e9ation originale de Barbara Brower. Vous pouvez obtenir plus d&#8217;informations \u00e0\u00a0<a href=\"http:\/\/www.barbarabrowerdesigns.com\/\" rel=\"nofollow noopener\" target=\"_blank\">www.barbarabrowerdesigns.com<\/a>.<\/p>\n<p>-murale pour filles, papier peint pour filles, tapisserie de coeurs, murale en papier peint pour enfants, murale pour enfants<\/p>\n","protected":false},"excerpt":{"rendered":"<p>-Murale en papier peint pour petites filles de magnifiques coeurs roses, verts et mauves. -La murale comprend des laizes de 18&#8243; (45cm) de largeur. Par exemple, une murale de 6&#8242; (1,83m) de largeur a 4 laizes et une murale de 12&#8242; (3,66m) de largeur a 8 laizes. -Murale en papier\u00a0peint pr\u00e9encoll\u00e9e, lavable, s&#8217;enl\u00e8ve \u00e0 sec [&hellip;]<\/p>\n","protected":false},"featured_media":7173,"template":"","meta":{"_acf_changed":false},"product_brand":[204],"product_cat":[173,401,425],"product_tag":[8791,8790,9076,8894,8895,9125],"class_list":{"0":"post-7172","1":"product","2":"type-product","3":"status-publish","4":"has-post-thumbnail","6":"artist-barbara-brower-fr","7":"product_brand-barbara-brower-2","8":"product_cat-enfants","9":"product_cat-tous-nos-produits","10":"product_cat-ultra-haute-d-finition-art","11":"product_tag-bebe","12":"product_tag-bebes","13":"product_tag-coeur","14":"product_tag-enfant","15":"product_tag-enfants","16":"product_tag-gamins","18":"first","19":"instock","20":"taxable","21":"shipping-taxable","22":"purchasable","23":"product-type-variable","24":"has-default-attributes"},"acf":[],"_links":{"self":[{"href":"https:\/\/www.muralunique.com\/fr\/wp-json\/wp\/v2\/product\/7172","targetHints":{"allow":["GET"]}}],"collection":[{"href":"https:\/\/www.muralunique.com\/fr\/wp-json\/wp\/v2\/product"}],"about":[{"href":"https:\/\/www.muralunique.com\/fr\/wp-json\/wp\/v2\/types\/product"}],"wp:featuredmedia":[{"embeddable":true,"href":"https:\/\/www.muralunique.com\/fr\/wp-json\/wp\/v2\/media\/7173"}],"wp:attachment":[{"href":"https:\/\/www.muralunique.com\/fr\/wp-json\/wp\/v2\/media?parent=7172"}],"wp:term":[{"taxonomy":"product_brand","embeddable":true,"href":"https:\/\/www.muralunique.com\/fr\/wp-json\/wp\/v2\/product_brand?post=7172"},{"taxonomy":"product_cat","embeddable":true,"href":"https:\/\/www.muralunique.com\/fr\/wp-json\/wp\/v2\/product_cat?post=7172"},{"taxonomy":"product_tag","embeddable":true,"href":"https:\/\/www.muralunique.com\/fr\/wp-json\/wp\/v2\/product_tag?post=7172"}],"curies":[{"name":"wp","href":"https:\/\/api.w.org\/{rel}","templated":true}]}}