{"id":71909,"date":"2022-12-15T11:16:11","date_gmt":"2022-12-15T16:16:11","guid":{"rendered":"https:\/\/www.muralunique.com\/?post_type=product&#038;p=71909"},"modified":"2023-03-10T16:06:12","modified_gmt":"2023-03-10T21:06:12","slug":"vue-sur-le-lac","status":"publish","type":"product","link":"https:\/\/www.muralunique.com\/fr\/produit\/vue-sur-le-lac\/","title":{"rendered":"Vue sur le Lac"},"content":{"rendered":"<p>-Murale en papier peint d&#8217;une vue sur un lac enchanteur avec des rochers, un tronc d&#8217;arbre et des feuillages qui donnent un bel effet de prodondeur. La murale tout indiqu\u00e9e pour cr\u00e9er une atmosph\u00e8re paisible dans un spa, une salle de relaxation, une salle de bain ou une chambre.<\/p>\n<p>-La murale comprend des laizes de 18\u2033 (45cm) de largeur. Par exemple, une murale de 6\u2032 (1,83m) de largeur a 4 laizes et une murale de 12\u2032 (3,66m) de largeur a 8 laizes.<\/p>\n<p>-Murale en papier\u00a0peint pr\u00e9encoll\u00e9e, lavable, s\u2019enl\u00e8ve \u00e0 sec et r\u00e9utilisable. Facile \u00e0 installer, se pose comme du papier\u00a0peint (tapisserie).<\/p>\n<p>-murale vue sur le lac, murale en papier peint vue sur le lac, tapisserie vue sur le lac, papier peint vue sur le lac, murale lac, photo murale lac, papier peint lac, tapisserie murale lac<\/p>\n","protected":false},"excerpt":{"rendered":"<p>-Murale en papier peint d&#8217;une vue sur un lac enchanteur avec des rochers, un tronc d&#8217;arbre et des feuillages qui donnent un bel effet de prodondeur. La murale tout indiqu\u00e9e pour cr\u00e9er une atmosph\u00e8re paisible dans un spa, une salle de relaxation, une salle de bain ou une chambre. -La murale comprend des laizes de [&hellip;]<\/p>\n","protected":false},"featured_media":71907,"template":"","meta":{"_acf_changed":false},"product_brand":[],"product_cat":[153,141,305,401],"product_tag":[9477,9478,8864,9517,9427,9014,9135,9219,9261,9137,9336,9467,9488,9508,9552],"class_list":{"0":"post-71909","1":"product","2":"type-product","3":"status-publish","4":"has-post-thumbnail","6":"artist-artistes-varies","7":"product_cat-eau-et-plages","8":"product_cat-nature-et-paysages","9":"product_cat-produits-vedettes","10":"product_cat-tous-nos-produits","11":"product_tag-arbre","12":"product_tag-arbres","13":"product_tag-calme","14":"product_tag-eau","15":"product_tag-ete","16":"product_tag-feuillage","17":"product_tag-lac","18":"product_tag-nature-fr","19":"product_tag-paisible","20":"product_tag-paysage","21":"product_tag-rocks-fr","22":"product_tag-tranquilite","23":"product_tag-tronc","24":"product_tag-vue","25":"product_tag-zen-fr","27":"first","28":"instock","29":"taxable","30":"shipping-taxable","31":"purchasable","32":"product-type-variable","33":"has-default-attributes"},"acf":[],"_links":{"self":[{"href":"https:\/\/www.muralunique.com\/fr\/wp-json\/wp\/v2\/product\/71909","targetHints":{"allow":["GET"]}}],"collection":[{"href":"https:\/\/www.muralunique.com\/fr\/wp-json\/wp\/v2\/product"}],"about":[{"href":"https:\/\/www.muralunique.com\/fr\/wp-json\/wp\/v2\/types\/product"}],"wp:featuredmedia":[{"embeddable":true,"href":"https:\/\/www.muralunique.com\/fr\/wp-json\/wp\/v2\/media\/71907"}],"wp:attachment":[{"href":"https:\/\/www.muralunique.com\/fr\/wp-json\/wp\/v2\/media?parent=71909"}],"wp:term":[{"taxonomy":"product_brand","embeddable":true,"href":"https:\/\/www.muralunique.com\/fr\/wp-json\/wp\/v2\/product_brand?post=71909"},{"taxonomy":"product_cat","embeddable":true,"href":"https:\/\/www.muralunique.com\/fr\/wp-json\/wp\/v2\/product_cat?post=71909"},{"taxonomy":"product_tag","embeddable":true,"href":"https:\/\/www.muralunique.com\/fr\/wp-json\/wp\/v2\/product_tag?post=71909"}],"curies":[{"name":"wp","href":"https:\/\/api.w.org\/{rel}","templated":true}]}}