{"id":71952,"date":"2022-12-15T14:51:00","date_gmt":"2022-12-15T19:51:00","guid":{"rendered":"https:\/\/www.muralunique.com\/?post_type=product&#038;p=71952"},"modified":"2022-12-15T15:06:55","modified_gmt":"2022-12-15T20:06:55","slug":"un-chevreuil-dans-une-foret","status":"publish","type":"product","link":"https:\/\/www.muralunique.com\/fr\/produit\/un-chevreuil-dans-une-foret\/","title":{"rendered":"Un Chevreuil dans une For\u00eat"},"content":{"rendered":"<p>-Murale myst\u00e9rieuse d&#8217;une for\u00eat brumeuse en noir et blanc avec un chevreuil au loin. Un paysage int\u00e9ressant pour donner de la personnalit\u00e9 \u00e0 vos murs et cr\u00e9er une ambiance unique dans votre int\u00e9rieur.<\/p>\n<p>-La murale comprend des laizes de 18\u2033 (45cm) de largeur. Par exemple, une murale de 6\u2032 (1,83m) de largeur a 4 laizes et une murale de 12\u2032 (3,66m) de largeur a 8 laizes.<\/p>\n<p>-Murale en papier\u00a0peint pr\u00e9encoll\u00e9e, lavable, s\u2019enl\u00e8ve \u00e0 sec et r\u00e9utilisable. Facile \u00e0 installer, se pose comme du papier\u00a0peint (tapisserie).<\/p>\n<p>-murale un chevreuil dans une for\u00eat, tapisserie murale un chevreuil dans une for\u00eat, murale en papier peint un chevreuil dans une for\u00eat, papier peint un chevreuil dans une for\u00eat, murale paysage<\/p>\n","protected":false},"excerpt":{"rendered":"<p>-Murale myst\u00e9rieuse d&#8217;une for\u00eat brumeuse en noir et blanc avec un chevreuil au loin. Un paysage int\u00e9ressant pour donner de la personnalit\u00e9 \u00e0 vos murs et cr\u00e9er une ambiance unique dans votre int\u00e9rieur. -La murale comprend des laizes de 18\u2033 (45cm) de largeur. Par exemple, une murale de 6\u2032 (1,83m) de largeur a 4 laizes [&hellip;]<\/p>\n","protected":false},"featured_media":71951,"template":"","meta":{"_acf_changed":false},"product_brand":[],"product_cat":[134,141,401],"product_tag":[8768,8769,9478,9013,9011,10002,8940,9019,9219,9137],"class_list":{"0":"post-71952","1":"product","2":"type-product","3":"status-publish","4":"has-post-thumbnail","6":"artist-artistes-varies","7":"product_cat-animaux","8":"product_cat-nature-et-paysages","9":"product_cat-tous-nos-produits","10":"product_tag-animal","11":"product_tag-animaux","12":"product_tag-arbres","13":"product_tag-brouillard","14":"product_tag-brumeux","15":"product_tag-cerf-fr","16":"product_tag-chevreuil","17":"product_tag-foret","18":"product_tag-nature-fr","19":"product_tag-paysage","21":"first","22":"instock","23":"taxable","24":"shipping-taxable","25":"purchasable","26":"product-type-variable","27":"has-default-attributes"},"acf":[],"_links":{"self":[{"href":"https:\/\/www.muralunique.com\/fr\/wp-json\/wp\/v2\/product\/71952","targetHints":{"allow":["GET"]}}],"collection":[{"href":"https:\/\/www.muralunique.com\/fr\/wp-json\/wp\/v2\/product"}],"about":[{"href":"https:\/\/www.muralunique.com\/fr\/wp-json\/wp\/v2\/types\/product"}],"wp:featuredmedia":[{"embeddable":true,"href":"https:\/\/www.muralunique.com\/fr\/wp-json\/wp\/v2\/media\/71951"}],"wp:attachment":[{"href":"https:\/\/www.muralunique.com\/fr\/wp-json\/wp\/v2\/media?parent=71952"}],"wp:term":[{"taxonomy":"product_brand","embeddable":true,"href":"https:\/\/www.muralunique.com\/fr\/wp-json\/wp\/v2\/product_brand?post=71952"},{"taxonomy":"product_cat","embeddable":true,"href":"https:\/\/www.muralunique.com\/fr\/wp-json\/wp\/v2\/product_cat?post=71952"},{"taxonomy":"product_tag","embeddable":true,"href":"https:\/\/www.muralunique.com\/fr\/wp-json\/wp\/v2\/product_tag?post=71952"}],"curies":[{"name":"wp","href":"https:\/\/api.w.org\/{rel}","templated":true}]}}