{"id":73018,"date":"2023-01-18T14:41:58","date_gmt":"2023-01-18T19:41:58","guid":{"rendered":"https:\/\/www.muralunique.com\/?post_type=product&#038;p=73018"},"modified":"2023-01-18T14:55:29","modified_gmt":"2023-01-18T19:55:29","slug":"graffitis-en-noir-et-blanc","status":"publish","type":"product","link":"https:\/\/www.muralunique.com\/fr\/produit\/graffitis-en-noir-et-blanc\/","title":{"rendered":"Graffitis en Noir et Blanc"},"content":{"rendered":"<p>-Tapisserie murale de graffitis en noir et blanc. Une murale id\u00e9ale pour cr\u00e9er un look urbain hors du commun dans votre int\u00e9rieur. Un d\u00e9cor parfait pour une chambre d&#8217;adolescent ou pour donner vie \u00e0 un sous-sol ennuyant.<\/p>\n<p>-La murale comprend des laizes de 18\u2033 (45cm) de largeur. Par exemple, une murale de 6\u2032 (1,83m) de largeur a 4 laizes et une murale de 12\u2032 (3,66m) de largeur a 8 laizes.<\/p>\n<p>-Murale en papier\u00a0peint pr\u00e9encoll\u00e9e, lavable, s\u2019enl\u00e8ve \u00e0 sec et r\u00e9utilisable. Facile \u00e0 installer, se pose comme du papier\u00a0peint (tapisserie).<\/p>\n<p>-murale graffitis, papier peint graffitis, tapisserie murale graffitis, murale graffitis en noir et blanc, papier peint graffitis en noir et blanc, tapisserie murale graffitis en noir et blanc, murale papier peint graffitis en noir et blanc<\/p>\n","protected":false},"excerpt":{"rendered":"<p>-Tapisserie murale de graffitis en noir et blanc. Une murale id\u00e9ale pour cr\u00e9er un look urbain hors du commun dans votre int\u00e9rieur. Un d\u00e9cor parfait pour une chambre d&#8217;adolescent ou pour donner vie \u00e0 un sous-sol ennuyant. -La murale comprend des laizes de 18\u2033 (45cm) de largeur. Par exemple, une murale de 6\u2032 (1,83m) de [&hellip;]<\/p>\n","protected":false},"featured_media":73017,"template":"","meta":{"_acf_changed":false},"product_brand":[],"product_cat":[131,173,401],"product_tag":[9441,9901,9442,9424,8894,8895,9037,9125,9057,9058,9059,9060,9423],"class_list":{"0":"post-73018","1":"product","2":"type-product","3":"status-publish","4":"has-post-thumbnail","6":"product_cat-adolescents","7":"product_cat-enfants","8":"product_cat-tous-nos-produits","9":"product_tag-ado","10":"product_tag-adolescent","11":"product_tag-adolescents","12":"product_tag-art-de-rue","13":"product_tag-enfant","14":"product_tag-enfants","15":"product_tag-funky-fr","16":"product_tag-gamins","17":"product_tag-graffiti-fr","18":"product_tag-graffitis-fr","19":"product_tag-grafiti","20":"product_tag-grafitis-fr","21":"product_tag-rue","23":"first","24":"instock","25":"taxable","26":"shipping-taxable","27":"purchasable","28":"product-type-variable","29":"has-default-attributes"},"acf":[],"_links":{"self":[{"href":"https:\/\/www.muralunique.com\/fr\/wp-json\/wp\/v2\/product\/73018","targetHints":{"allow":["GET"]}}],"collection":[{"href":"https:\/\/www.muralunique.com\/fr\/wp-json\/wp\/v2\/product"}],"about":[{"href":"https:\/\/www.muralunique.com\/fr\/wp-json\/wp\/v2\/types\/product"}],"wp:featuredmedia":[{"embeddable":true,"href":"https:\/\/www.muralunique.com\/fr\/wp-json\/wp\/v2\/media\/73017"}],"wp:attachment":[{"href":"https:\/\/www.muralunique.com\/fr\/wp-json\/wp\/v2\/media?parent=73018"}],"wp:term":[{"taxonomy":"product_brand","embeddable":true,"href":"https:\/\/www.muralunique.com\/fr\/wp-json\/wp\/v2\/product_brand?post=73018"},{"taxonomy":"product_cat","embeddable":true,"href":"https:\/\/www.muralunique.com\/fr\/wp-json\/wp\/v2\/product_cat?post=73018"},{"taxonomy":"product_tag","embeddable":true,"href":"https:\/\/www.muralunique.com\/fr\/wp-json\/wp\/v2\/product_tag?post=73018"}],"curies":[{"name":"wp","href":"https:\/\/api.w.org\/{rel}","templated":true}]}}