{"id":7308,"date":"2015-02-03T13:01:21","date_gmt":"2015-02-03T13:01:21","guid":{"rendered":"https:\/\/muralunique.com\/?post_type=product&#038;p=7308"},"modified":"2021-08-12T16:04:20","modified_gmt":"2021-08-12T20:04:20","slug":"je-taime","status":"publish","type":"product","link":"https:\/\/www.muralunique.com\/fr\/produit\/je-taime\/","title":{"rendered":"Je t&#8217;aime"},"content":{"rendered":"<p>-Murale en papier peint de plusieurs &#8220;Je T&#8217;aime&#8221; en diff\u00e9rentes langues.<\/p>\n<p>-La murale comprend des laizes de 18&#8243; (45cm) de largeur. Par exemple, une murale de 6&#8242; (1,83m) de largeur a 4 laizes et une murale de 12&#8242; (3,66m) de largeur a 8 laizes.<\/p>\n<p>-Murale en papier\u00a0peint pr\u00e9encoll\u00e9e, lavable, s&#8217;enl\u00e8ve \u00e0 sec et r\u00e9utilisable. Facile \u00e0 installer, se pose comme du papier\u00a0peint (tapisserie).<\/p>\n<p>-murale je t&#8217;aime, papier peint je t&#8217;aime, murale en papier peint je t&#8217;aime, papier peint texte, papier peint mots<\/p>\n<p>&nbsp;<\/p>\n<p>&nbsp;<\/p>\n","protected":false},"excerpt":{"rendered":"<p>-Murale en papier peint de plusieurs &#8220;Je T&#8217;aime&#8221; en diff\u00e9rentes langues. -La murale comprend des laizes de 18&#8243; (45cm) de largeur. Par exemple, une murale de 6&#8242; (1,83m) de largeur a 4 laizes et une murale de 12&#8242; (3,66m) de largeur a 8 laizes. -Murale en papier\u00a0peint pr\u00e9encoll\u00e9e, lavable, s&#8217;enl\u00e8ve \u00e0 sec et r\u00e9utilisable. Facile [&hellip;]<\/p>\n","protected":false},"featured_media":7309,"template":"","meta":{"_acf_changed":false},"product_brand":[203],"product_cat":[401,163],"product_tag":[9441,9442,9162,9138,9148,9912,9913,9446],"class_list":{"0":"post-7308","1":"product","2":"type-product","3":"status-publish","4":"has-post-thumbnail","6":"product_brand-muralunique-com","7":"product_cat-tous-nos-produits","8":"product_cat-trompe-loeil","9":"product_tag-ado","10":"product_tag-adolescents","11":"product_tag-amour","12":"product_tag-langue","13":"product_tag-lettres","14":"product_tag-mot","15":"product_tag-mots","16":"product_tag-texte","18":"first","19":"instock","20":"taxable","21":"shipping-taxable","22":"purchasable","23":"product-type-variable","24":"has-default-attributes"},"acf":[],"_links":{"self":[{"href":"https:\/\/www.muralunique.com\/fr\/wp-json\/wp\/v2\/product\/7308","targetHints":{"allow":["GET"]}}],"collection":[{"href":"https:\/\/www.muralunique.com\/fr\/wp-json\/wp\/v2\/product"}],"about":[{"href":"https:\/\/www.muralunique.com\/fr\/wp-json\/wp\/v2\/types\/product"}],"wp:featuredmedia":[{"embeddable":true,"href":"https:\/\/www.muralunique.com\/fr\/wp-json\/wp\/v2\/media\/7309"}],"wp:attachment":[{"href":"https:\/\/www.muralunique.com\/fr\/wp-json\/wp\/v2\/media?parent=7308"}],"wp:term":[{"taxonomy":"product_brand","embeddable":true,"href":"https:\/\/www.muralunique.com\/fr\/wp-json\/wp\/v2\/product_brand?post=7308"},{"taxonomy":"product_cat","embeddable":true,"href":"https:\/\/www.muralunique.com\/fr\/wp-json\/wp\/v2\/product_cat?post=7308"},{"taxonomy":"product_tag","embeddable":true,"href":"https:\/\/www.muralunique.com\/fr\/wp-json\/wp\/v2\/product_tag?post=7308"}],"curies":[{"name":"wp","href":"https:\/\/api.w.org\/{rel}","templated":true}]}}