{"id":73264,"date":"2023-01-24T11:12:38","date_gmt":"2023-01-24T16:12:38","guid":{"rendered":"https:\/\/www.muralunique.com\/?post_type=product&#038;p=73264"},"modified":"2023-03-10T15:13:20","modified_gmt":"2023-03-10T20:13:20","slug":"fleurs-hollandaises","status":"publish","type":"product","link":"https:\/\/www.muralunique.com\/fr\/produit\/fleurs-hollandaises\/","title":{"rendered":"Fleurs Hollandaises"},"content":{"rendered":"<p>-Tapisserie murale de fleurs hollandaises. Un design floral original pour cr\u00e9er un mur accent \u00e9l\u00e9gant dans votre int\u00e9rieur.<\/p>\n<p>-La murale comprend des laizes de 18\u2033 (45cm) de largeur. Par exemple, une murale de 6\u2032 (1,83m) de largeur a 4 laizes et une murale de 12\u2032 (3,66m) de largeur a 8 laizes.<\/p>\n<p>-Murale en papier\u00a0peint pr\u00e9encoll\u00e9e, lavable, s\u2019enl\u00e8ve \u00e0 sec et r\u00e9utilisable. Facile \u00e0 installer, se pose comme du papier\u00a0peint (tapisserie).<\/p>\n<p>-murale fleurs hollandaises, tapisserie murale fleurs hollandaises, papier peint fleurs hollandaises, murale en papier peint fleurs hollandaises, tapisserie florale, murale florale<\/p>\n","protected":false},"excerpt":{"rendered":"<p>-Tapisserie murale de fleurs hollandaises. Un design floral original pour cr\u00e9er un mur accent \u00e9l\u00e9gant dans votre int\u00e9rieur. -La murale comprend des laizes de 18\u2033 (45cm) de largeur. Par exemple, une murale de 6\u2032 (1,83m) de largeur a 4 laizes et une murale de 12\u2032 (3,66m) de largeur a 8 laizes. -Murale en papier\u00a0peint pr\u00e9encoll\u00e9e, [&hellip;]<\/p>\n","protected":false},"featured_media":73311,"template":"","meta":{"_acf_changed":false},"product_brand":[],"product_cat":[150,401],"product_tag":[9010,9006,10037],"class_list":{"0":"post-73264","1":"product","2":"type-product","3":"status-publish","4":"has-post-thumbnail","6":"product_cat-fleurs-et-feuillages","7":"product_cat-tous-nos-produits","8":"product_tag-fleurs","9":"product_tag-floral-fr","10":"product_tag-hollandais","12":"first","13":"instock","14":"taxable","15":"shipping-taxable","16":"purchasable","17":"product-type-variable","18":"has-default-attributes"},"acf":[],"_links":{"self":[{"href":"https:\/\/www.muralunique.com\/fr\/wp-json\/wp\/v2\/product\/73264","targetHints":{"allow":["GET"]}}],"collection":[{"href":"https:\/\/www.muralunique.com\/fr\/wp-json\/wp\/v2\/product"}],"about":[{"href":"https:\/\/www.muralunique.com\/fr\/wp-json\/wp\/v2\/types\/product"}],"wp:featuredmedia":[{"embeddable":true,"href":"https:\/\/www.muralunique.com\/fr\/wp-json\/wp\/v2\/media\/73311"}],"wp:attachment":[{"href":"https:\/\/www.muralunique.com\/fr\/wp-json\/wp\/v2\/media?parent=73264"}],"wp:term":[{"taxonomy":"product_brand","embeddable":true,"href":"https:\/\/www.muralunique.com\/fr\/wp-json\/wp\/v2\/product_brand?post=73264"},{"taxonomy":"product_cat","embeddable":true,"href":"https:\/\/www.muralunique.com\/fr\/wp-json\/wp\/v2\/product_cat?post=73264"},{"taxonomy":"product_tag","embeddable":true,"href":"https:\/\/www.muralunique.com\/fr\/wp-json\/wp\/v2\/product_tag?post=73264"}],"curies":[{"name":"wp","href":"https:\/\/api.w.org\/{rel}","templated":true}]}}