{"id":7330,"date":"2015-02-05T11:53:18","date_gmt":"2015-02-05T11:53:18","guid":{"rendered":"https:\/\/muralunique.com\/?post_type=product&#038;p=7330"},"modified":"2021-08-12T16:04:22","modified_gmt":"2021-08-12T20:04:22","slug":"tapis-de-feuilles","status":"publish","type":"product","link":"https:\/\/www.muralunique.com\/fr\/produit\/tapis-de-feuilles\/","title":{"rendered":"Tapis de feuilles"},"content":{"rendered":"<p>-Magnifique photo murale d&#8217;une\u00a0for\u00eat.\u00a0La qualit\u00e9 (r\u00e9solution) de cette image est exceptionnelle (200\u00a0M\u00e9gaPixels).<\/p>\n<p>-La murale comprend des laizes de 18&#8243; (45cm) de largeur. Par exemple, une murale de 6&#8242; (1,83m) de largeur a 4 laizes et une murale de 12&#8242; (3,66m) de largeur a 8 laizes.<\/p>\n<p>-Murale en papier\u00a0peint pr\u00e9encoll\u00e9e, lavable, s&#8217;enl\u00e8ve \u00e0 sec et r\u00e9utilisable. Facile \u00e0 installer, se pose comme du papier\u00a0peint (tapisserie).<\/p>\n<p>-Photographie de Donn Petelka. Vous pouvez obtenir plus d&#8217;informations \u00e0 cette adresse:\u00a0<a href=\"mailto:donnpetelka@gmail.com\" target=\"_blank\" rel=\"noopener noreferrer\">donnpetelka@gmail.com<\/a>.<\/p>\n<p>-murale de for\u00eat, murale tapis de feuilles, papier peint for\u00eat, papier peint nature, tapisserie nature<\/p>\n","protected":false},"excerpt":{"rendered":"<p>-Magnifique photo murale d&#8217;une\u00a0for\u00eat.\u00a0La qualit\u00e9 (r\u00e9solution) de cette image est exceptionnelle (200\u00a0M\u00e9gaPixels). -La murale comprend des laizes de 18&#8243; (45cm) de largeur. Par exemple, une murale de 6&#8242; (1,83m) de largeur a 4 laizes et une murale de 12&#8242; (3,66m) de largeur a 8 laizes. -Murale en papier\u00a0peint pr\u00e9encoll\u00e9e, lavable, s&#8217;enl\u00e8ve \u00e0 sec et r\u00e9utilisable. [&hellip;]<\/p>\n","protected":false},"featured_media":31677,"template":"","meta":{"_acf_changed":false},"product_brand":[197],"product_cat":[141,401,427],"product_tag":[9478,8864,9258,9427,9142,9144,9019,9219,9261,9137,9467],"class_list":{"0":"post-7330","1":"product","2":"type-product","3":"status-publish","4":"has-post-thumbnail","6":"artist-donn-petelka-fr","7":"product_brand-donn-petelka-2","8":"product_cat-nature-et-paysages","9":"product_cat-tous-nos-produits","10":"product_cat-ultra-haute-d-finition-photos","11":"product_tag-arbres","12":"product_tag-calme","13":"product_tag-chemin","14":"product_tag-ete","15":"product_tag-feuille","16":"product_tag-feuilles","17":"product_tag-foret","18":"product_tag-nature-fr","19":"product_tag-paisible","20":"product_tag-paysage","21":"product_tag-tranquilite","23":"first","24":"instock","25":"taxable","26":"shipping-taxable","27":"purchasable","28":"product-type-variable","29":"has-default-attributes"},"acf":[],"_links":{"self":[{"href":"https:\/\/www.muralunique.com\/fr\/wp-json\/wp\/v2\/product\/7330","targetHints":{"allow":["GET"]}}],"collection":[{"href":"https:\/\/www.muralunique.com\/fr\/wp-json\/wp\/v2\/product"}],"about":[{"href":"https:\/\/www.muralunique.com\/fr\/wp-json\/wp\/v2\/types\/product"}],"wp:featuredmedia":[{"embeddable":true,"href":"https:\/\/www.muralunique.com\/fr\/wp-json\/wp\/v2\/media\/31677"}],"wp:attachment":[{"href":"https:\/\/www.muralunique.com\/fr\/wp-json\/wp\/v2\/media?parent=7330"}],"wp:term":[{"taxonomy":"product_brand","embeddable":true,"href":"https:\/\/www.muralunique.com\/fr\/wp-json\/wp\/v2\/product_brand?post=7330"},{"taxonomy":"product_cat","embeddable":true,"href":"https:\/\/www.muralunique.com\/fr\/wp-json\/wp\/v2\/product_cat?post=7330"},{"taxonomy":"product_tag","embeddable":true,"href":"https:\/\/www.muralunique.com\/fr\/wp-json\/wp\/v2\/product_tag?post=7330"}],"curies":[{"name":"wp","href":"https:\/\/api.w.org\/{rel}","templated":true}]}}