{"id":7348,"date":"2015-02-09T14:44:38","date_gmt":"2015-02-09T14:44:38","guid":{"rendered":"https:\/\/muralunique.com\/?post_type=product&#038;p=7348"},"modified":"2022-05-24T11:13:37","modified_gmt":"2022-05-24T15:13:37","slug":"erable-japonais-au-printemps","status":"publish","type":"product","link":"https:\/\/www.muralunique.com\/fr\/produit\/erable-japonais-au-printemps\/","title":{"rendered":"\u00c9rable Japonais au Printemps"},"content":{"rendered":"<p>-Photo murale en papier peint d&#8217;un magnifique \u00e9rable japonais vert.<\/p>\n<p>-La murale comprend des laizes de 18&#8243; (45cm) de largeur. Par exemple, une murale de 6&#8242; (1,83m) de largeur a 4 laizes et une murale de 12&#8242; (3,66m) de largeur a 8 laizes.<\/p>\n<p>-Murale en papier\u00a0peint pr\u00e9encoll\u00e9e, lavable, s&#8217;enl\u00e8ve \u00e0 sec et r\u00e9utilisable. Facile \u00e0 installer, se pose comme du papier\u00a0peint (tapisserie).<\/p>\n<p>-Photographie de Jacques Cloutier.\u00a0Vous pouvez obtenir plus d&#8217;informations \u00e0\u00a0<a href=\"http:\/\/www.jaxmagikfoto.com\/\" rel=\"nofollow noopener\" target=\"_blank\">www.jaxmagikfoto.com<\/a>.<\/p>\n<p>-murale \u00e9rable japonais, papier peint \u00e9rable japonais, tapisserie \u00e9rable japonais, photo murale \u00e9rable japonais, murale orientale<\/p>\n","protected":false},"excerpt":{"rendered":"<p>-Photo murale en papier peint d&#8217;un magnifique \u00e9rable japonais vert. -La murale comprend des laizes de 18&#8243; (45cm) de largeur. Par exemple, une murale de 6&#8242; (1,83m) de largeur a 4 laizes et une murale de 12&#8242; (3,66m) de largeur a 8 laizes. -Murale en papier\u00a0peint pr\u00e9encoll\u00e9e, lavable, s&#8217;enl\u00e8ve \u00e0 sec et r\u00e9utilisable. Facile \u00e0 [&hellip;]<\/p>\n","protected":false},"featured_media":31680,"template":"","meta":{"_acf_changed":false},"product_brand":[205],"product_cat":[150,141,138,401],"product_tag":[9477,9478,8784,8783,8864,10000,9427,9014,9117,9118,9044,9219,9238,9261,9137,9401,9467,9552],"class_list":{"0":"post-7348","1":"product","2":"type-product","3":"status-publish","4":"has-post-thumbnail","6":"artist-jacques-cloutier-fr","7":"product_brand-jacques-cloutier","8":"product_cat-fleurs-et-feuillages","9":"product_cat-nature-et-paysages","10":"product_cat-oriental-religion-spiritualite","11":"product_cat-tous-nos-produits","12":"product_tag-arbre","13":"product_tag-arbres","14":"product_tag-asiatique","15":"product_tag-asie","16":"product_tag-calme","17":"product_tag-erable","18":"product_tag-ete","19":"product_tag-feuillage","20":"product_tag-japon","21":"product_tag-japonais","22":"product_tag-jardin","23":"product_tag-nature-fr","24":"product_tag-oriental-fr","25":"product_tag-paisible","26":"product_tag-paysage","27":"product_tag-printemps-fr","28":"product_tag-tranquilite","29":"product_tag-zen-fr","31":"first","32":"instock","33":"taxable","34":"shipping-taxable","35":"purchasable","36":"product-type-variable","37":"has-default-attributes"},"acf":[],"_links":{"self":[{"href":"https:\/\/www.muralunique.com\/fr\/wp-json\/wp\/v2\/product\/7348","targetHints":{"allow":["GET"]}}],"collection":[{"href":"https:\/\/www.muralunique.com\/fr\/wp-json\/wp\/v2\/product"}],"about":[{"href":"https:\/\/www.muralunique.com\/fr\/wp-json\/wp\/v2\/types\/product"}],"wp:featuredmedia":[{"embeddable":true,"href":"https:\/\/www.muralunique.com\/fr\/wp-json\/wp\/v2\/media\/31680"}],"wp:attachment":[{"href":"https:\/\/www.muralunique.com\/fr\/wp-json\/wp\/v2\/media?parent=7348"}],"wp:term":[{"taxonomy":"product_brand","embeddable":true,"href":"https:\/\/www.muralunique.com\/fr\/wp-json\/wp\/v2\/product_brand?post=7348"},{"taxonomy":"product_cat","embeddable":true,"href":"https:\/\/www.muralunique.com\/fr\/wp-json\/wp\/v2\/product_cat?post=7348"},{"taxonomy":"product_tag","embeddable":true,"href":"https:\/\/www.muralunique.com\/fr\/wp-json\/wp\/v2\/product_tag?post=7348"}],"curies":[{"name":"wp","href":"https:\/\/api.w.org\/{rel}","templated":true}]}}