{"id":7356,"date":"2015-02-10T10:06:22","date_gmt":"2015-02-10T10:06:22","guid":{"rendered":"https:\/\/muralunique.com\/?post_type=product&#038;p=7356"},"modified":"2021-07-30T13:31:54","modified_gmt":"2021-07-30T17:31:54","slug":"foret-de-bouleaux-a-linfinie","status":"publish","type":"product","link":"https:\/\/www.muralunique.com\/fr\/produit\/foret-de-bouleaux-a-linfinie\/","title":{"rendered":"For\u00eat de Bouleaux \u00e0 l&#8217;Infinie"},"content":{"rendered":"<p>-Murale en papier peint d&#8217;une for\u00eat de bouleaux paisible (photo murale).\u00a0La qualit\u00e9 (r\u00e9solution) de cette image est exceptionnelle (350 M\u00e9gaPixels).<\/p>\n<p>-La murale comprend des laizes de 18&#8243; (45cm) de largeur. Par exemple, une murale de 6&#8242; (1,83m) de largeur a 4 laizes et une murale de 12&#8242; (3,66m) de largeur a 8 laizes.<\/p>\n<p>-Murale en papier\u00a0peint pr\u00e9encoll\u00e9e, lavable, s&#8217;enl\u00e8ve \u00e0 sec et r\u00e9utilisable. Facile \u00e0 installer, se pose comme du papier\u00a0peint (tapisserie).<\/p>\n<p>-Photographie de Donn Petelka. Vous pouvez obtenir plus d&#8217;informations \u00e0 cette adresse:\u00a0<a href=\"mailto:donnpetelka@gmail.com\" target=\"_blank\" rel=\"noopener noreferrer\">donnpetelka@gmail.com<\/a>.<\/p>\n<p>-murale bouleaux, papier peint bouleaux, murale for\u00eat de bouleaux, papier peint for\u00eat de bouleaux, photo murale bouleaux<\/p>\n","protected":false},"excerpt":{"rendered":"<p>-Murale en papier peint d&#8217;une for\u00eat de bouleaux paisible (photo murale).\u00a0La qualit\u00e9 (r\u00e9solution) de cette image est exceptionnelle (350 M\u00e9gaPixels). -La murale comprend des laizes de 18&#8243; (45cm) de largeur. Par exemple, une murale de 6&#8242; (1,83m) de largeur a 4 laizes et une murale de 12&#8242; (3,66m) de largeur a 8 laizes. -Murale en [&hellip;]<\/p>\n","protected":false},"featured_media":31672,"template":"","meta":{"_acf_changed":false},"product_brand":[197],"product_cat":[10434,141,401,427],"product_tag":[9478,8821,8822,9019,9219,9137],"class_list":{"0":"post-7356","1":"product","2":"type-product","3":"status-publish","4":"has-post-thumbnail","6":"artist-donn-petelka-fr","7":"product_brand-donn-petelka-2","8":"product_cat-images-panoramiques","9":"product_cat-nature-et-paysages","10":"product_cat-tous-nos-produits","11":"product_cat-ultra-haute-d-finition-photos","12":"product_tag-arbres","13":"product_tag-bouleau","14":"product_tag-bouleaux","15":"product_tag-foret","16":"product_tag-nature-fr","17":"product_tag-paysage","19":"first","20":"instock","21":"taxable","22":"shipping-taxable","23":"purchasable","24":"product-type-variable","25":"has-default-attributes"},"acf":[],"_links":{"self":[{"href":"https:\/\/www.muralunique.com\/fr\/wp-json\/wp\/v2\/product\/7356","targetHints":{"allow":["GET"]}}],"collection":[{"href":"https:\/\/www.muralunique.com\/fr\/wp-json\/wp\/v2\/product"}],"about":[{"href":"https:\/\/www.muralunique.com\/fr\/wp-json\/wp\/v2\/types\/product"}],"wp:featuredmedia":[{"embeddable":true,"href":"https:\/\/www.muralunique.com\/fr\/wp-json\/wp\/v2\/media\/31672"}],"wp:attachment":[{"href":"https:\/\/www.muralunique.com\/fr\/wp-json\/wp\/v2\/media?parent=7356"}],"wp:term":[{"taxonomy":"product_brand","embeddable":true,"href":"https:\/\/www.muralunique.com\/fr\/wp-json\/wp\/v2\/product_brand?post=7356"},{"taxonomy":"product_cat","embeddable":true,"href":"https:\/\/www.muralunique.com\/fr\/wp-json\/wp\/v2\/product_cat?post=7356"},{"taxonomy":"product_tag","embeddable":true,"href":"https:\/\/www.muralunique.com\/fr\/wp-json\/wp\/v2\/product_tag?post=7356"}],"curies":[{"name":"wp","href":"https:\/\/api.w.org\/{rel}","templated":true}]}}