{"id":73729,"date":"2023-01-31T16:15:00","date_gmt":"2023-01-31T21:15:00","guid":{"rendered":"https:\/\/www.muralunique.com\/?post_type=product&#038;p=73729"},"modified":"2023-02-23T15:42:18","modified_gmt":"2023-02-23T20:42:18","slug":"feuillage-abstrait-en-noir-et-blanc","status":"publish","type":"product","link":"https:\/\/www.muralunique.com\/fr\/produit\/feuillage-abstrait-en-noir-et-blanc\/","title":{"rendered":"Feuillage Abstrait en Noir et Blanc"},"content":{"rendered":"<p>-Tapisserie murale en noir et blanc d&#8217;un feuillage abstrait artistique en noir et blanc. Transformez vos murs et votre int\u00e9rieur avec cette splendide murale.<\/p>\n<p>-La murale comprend des laizes de 18\u2033 (45cm) de largeur. Par exemple, une murale de 6\u2032 (1,83m) de largeur a 4 laizes et une murale de 12\u2032 (3,66m) de largeur a 8 laizes.<\/p>\n<p>-Murale en papier\u00a0peint pr\u00e9encoll\u00e9e, lavable, s\u2019enl\u00e8ve \u00e0 sec et r\u00e9utilisable. Facile \u00e0 installer, se pose comme du papier\u00a0peint (tapisserie).<\/p>\n<p>-tapisserie murale feuillage abstrait, tapisserie feuillage abstrait, murale en papier peint feuillage abstrait, papier peint feuillage abstrait, murale feuillage abstrait en noir et blanc, tapisserie feuillage abstrait en noir et blanc<\/p>\n","protected":false},"excerpt":{"rendered":"<p>-Tapisserie murale en noir et blanc d&#8217;un feuillage abstrait artistique en noir et blanc. Transformez vos murs et votre int\u00e9rieur avec cette splendide murale. -La murale comprend des laizes de 18\u2033 (45cm) de largeur. Par exemple, une murale de 6\u2032 (1,83m) de largeur a 4 laizes et une murale de 12\u2032 (3,66m) de largeur a [&hellip;]<\/p>\n","protected":false},"featured_media":73740,"template":"","meta":{"_acf_changed":false},"product_brand":[],"product_cat":[125,150,401],"product_tag":[8751,9724,9868,9014,9844,9239],"class_list":{"0":"post-73729","1":"product","2":"type-product","3":"status-publish","4":"has-post-thumbnail","6":"product_cat-abstrait-et-geometrie","7":"product_cat-fleurs-et-feuillages","8":"product_cat-tous-nos-produits","9":"product_tag-abstrait","10":"product_tag-art-fr","11":"product_tag-artistique","12":"product_tag-feuillage","13":"product_tag-peinture-a-lhuile","14":"product_tag-toile","16":"first","17":"instock","18":"taxable","19":"shipping-taxable","20":"purchasable","21":"product-type-variable","22":"has-default-attributes"},"acf":[],"_links":{"self":[{"href":"https:\/\/www.muralunique.com\/fr\/wp-json\/wp\/v2\/product\/73729","targetHints":{"allow":["GET"]}}],"collection":[{"href":"https:\/\/www.muralunique.com\/fr\/wp-json\/wp\/v2\/product"}],"about":[{"href":"https:\/\/www.muralunique.com\/fr\/wp-json\/wp\/v2\/types\/product"}],"wp:featuredmedia":[{"embeddable":true,"href":"https:\/\/www.muralunique.com\/fr\/wp-json\/wp\/v2\/media\/73740"}],"wp:attachment":[{"href":"https:\/\/www.muralunique.com\/fr\/wp-json\/wp\/v2\/media?parent=73729"}],"wp:term":[{"taxonomy":"product_brand","embeddable":true,"href":"https:\/\/www.muralunique.com\/fr\/wp-json\/wp\/v2\/product_brand?post=73729"},{"taxonomy":"product_cat","embeddable":true,"href":"https:\/\/www.muralunique.com\/fr\/wp-json\/wp\/v2\/product_cat?post=73729"},{"taxonomy":"product_tag","embeddable":true,"href":"https:\/\/www.muralunique.com\/fr\/wp-json\/wp\/v2\/product_tag?post=73729"}],"curies":[{"name":"wp","href":"https:\/\/api.w.org\/{rel}","templated":true}]}}