{"id":7376,"date":"2015-02-10T11:01:42","date_gmt":"2015-02-10T11:01:42","guid":{"rendered":"https:\/\/muralunique.com\/?post_type=product&#038;p=7376"},"modified":"2021-07-30T13:31:57","modified_gmt":"2021-07-30T17:31:57","slug":"montagnes-en-alaska","status":"publish","type":"product","link":"https:\/\/www.muralunique.com\/fr\/produit\/montagnes-en-alaska\/","title":{"rendered":"Montagnes en Alaska"},"content":{"rendered":"<p>-Magnifique murale en papier peint d&#8217;un paysage de montagnes en Alaska (photo murale). Un paysage grandiose pour vos murs.<\/p>\n<p>-La murale comprend des laizes de 18&#8243; (45cm) de largeur. Par exemple, une murale de 6&#8242; (1,83m) de largeur a 4 laizes et une murale de 12&#8242; (3,66m) de largeur a 8 laizes.<\/p>\n<p>-Murale en papier\u00a0peint pr\u00e9encoll\u00e9e, lavable, s&#8217;enl\u00e8ve \u00e0 sec et r\u00e9utilisable. Facile \u00e0 installer, se pose comme du papier\u00a0peint (tapisserie).<\/p>\n<p>-Photographie de Jacques Cloutier.\u00a0Vous pouvez obtenir plus d&#8217;informations \u00e0\u00a0<a style=\"line-height: 20.7999992370605px;\" href=\"http:\/\/www.jaxmagikfoto.com\/\" rel=\"nofollow noopener\" target=\"_blank\">www.jaxmagikfoto.com<\/a>.<\/p>\n<p>-murale montagnes en Alaska, murale en papier peint de l&#8217;Alaska, tapisserie montagnes en Alaska, papier peint montagnes en Alaska, murale de montagnes<\/p>\n","protected":false},"excerpt":{"rendered":"<p>-Magnifique murale en papier peint d&#8217;un paysage de montagnes en Alaska (photo murale). Un paysage grandiose pour vos murs. -La murale comprend des laizes de 18&#8243; (45cm) de largeur. Par exemple, une murale de 6&#8242; (1,83m) de largeur a 4 laizes et une murale de 12&#8242; (3,66m) de largeur a 8 laizes. -Murale en papier\u00a0peint [&hellip;]<\/p>\n","protected":false},"featured_media":31682,"template":"","meta":{"_acf_changed":false},"product_brand":[205],"product_cat":[141,401],"product_tag":[9209,9219,9137],"class_list":{"0":"post-7376","1":"product","2":"type-product","3":"status-publish","4":"has-post-thumbnail","6":"artist-jacques-cloutier-fr","7":"product_brand-jacques-cloutier","8":"product_cat-nature-et-paysages","9":"product_cat-tous-nos-produits","10":"product_tag-montagnes","11":"product_tag-nature-fr","12":"product_tag-paysage","14":"first","15":"instock","16":"taxable","17":"shipping-taxable","18":"purchasable","19":"product-type-variable","20":"has-default-attributes"},"acf":[],"_links":{"self":[{"href":"https:\/\/www.muralunique.com\/fr\/wp-json\/wp\/v2\/product\/7376","targetHints":{"allow":["GET"]}}],"collection":[{"href":"https:\/\/www.muralunique.com\/fr\/wp-json\/wp\/v2\/product"}],"about":[{"href":"https:\/\/www.muralunique.com\/fr\/wp-json\/wp\/v2\/types\/product"}],"wp:featuredmedia":[{"embeddable":true,"href":"https:\/\/www.muralunique.com\/fr\/wp-json\/wp\/v2\/media\/31682"}],"wp:attachment":[{"href":"https:\/\/www.muralunique.com\/fr\/wp-json\/wp\/v2\/media?parent=7376"}],"wp:term":[{"taxonomy":"product_brand","embeddable":true,"href":"https:\/\/www.muralunique.com\/fr\/wp-json\/wp\/v2\/product_brand?post=7376"},{"taxonomy":"product_cat","embeddable":true,"href":"https:\/\/www.muralunique.com\/fr\/wp-json\/wp\/v2\/product_cat?post=7376"},{"taxonomy":"product_tag","embeddable":true,"href":"https:\/\/www.muralunique.com\/fr\/wp-json\/wp\/v2\/product_tag?post=7376"}],"curies":[{"name":"wp","href":"https:\/\/api.w.org\/{rel}","templated":true}]}}