{"id":73863,"date":"2023-02-02T16:18:24","date_gmt":"2023-02-02T21:18:24","guid":{"rendered":"https:\/\/www.muralunique.com\/?post_type=product&#038;p=73863"},"modified":"2023-02-16T14:56:07","modified_gmt":"2023-02-16T19:56:07","slug":"cloture-de-roseaux","status":"publish","type":"product","link":"https:\/\/www.muralunique.com\/fr\/produit\/cloture-de-roseaux\/","title":{"rendered":"Cl\u00f4ture de Roseaux"},"content":{"rendered":"<p>-Murale en papier peint d&#8217;un mur de roseaux secs. Cette murale dans les tons de beige est un tr\u00e8s bon choix pour cr\u00e9er un d\u00e9cor champ\u00eatre chic et hors de l&#8217;ordinaire. S&#8217;int\u00e8gre facilement dans un d\u00e9cor de salle de bain, de chambre, de salon ou m\u00eame dans un spa ou dans une salle de d\u00e9tente.<\/p>\n<p>-La murale comprend des laizes de 18\u2033 (45cm) de largeur. Par exemple, une murale de 6\u2032 (1,83m) de largeur a 4 laizes et une murale de 12\u2032 (3,66m) de largeur a 8 laizes.<\/p>\n<p>-Murale en papier\u00a0peint pr\u00e9encoll\u00e9e, lavable, s\u2019enl\u00e8ve \u00e0 sec et r\u00e9utilisable. Facile \u00e0 installer, se pose comme du papier\u00a0peint (tapisserie).<\/p>\n<p>-murale cl\u00f4ture de roseaux, murale en papier peint cl\u00f4ture de roseaux, tapisserie murale cl\u00f4ture de roseaux, papier peint cl\u00f4ture de roseaux, murale roseaux, tapisserie roseaux, papier peint roseaux<\/p>\n","protected":false},"excerpt":{"rendered":"<p>-Murale en papier peint d&#8217;un mur de roseaux secs. Cette murale dans les tons de beige est un tr\u00e8s bon choix pour cr\u00e9er un d\u00e9cor champ\u00eatre chic et hors de l&#8217;ordinaire. S&#8217;int\u00e8gre facilement dans un d\u00e9cor de salle de bain, de chambre, de salon ou m\u00eame dans un spa ou dans une salle de d\u00e9tente. [&hellip;]<\/p>\n","protected":false},"featured_media":73877,"template":"","meta":{"_acf_changed":false},"product_brand":[],"product_cat":[150,401],"product_tag":[8990,9014,9515,10034,10035,9413,9414],"class_list":{"0":"post-73863","1":"product","2":"type-product","3":"status-publish","4":"has-post-thumbnail","6":"product_cat-fleurs-et-feuillages","7":"product_cat-tous-nos-produits","8":"product_tag-cloture","9":"product_tag-feuillage","10":"product_tag-mur","11":"product_tag-roseau","12":"product_tag-roseaux","13":"product_tag-tige","14":"product_tag-tiges","16":"first","17":"instock","18":"taxable","19":"shipping-taxable","20":"purchasable","21":"product-type-variable","22":"has-default-attributes"},"acf":[],"_links":{"self":[{"href":"https:\/\/www.muralunique.com\/fr\/wp-json\/wp\/v2\/product\/73863","targetHints":{"allow":["GET"]}}],"collection":[{"href":"https:\/\/www.muralunique.com\/fr\/wp-json\/wp\/v2\/product"}],"about":[{"href":"https:\/\/www.muralunique.com\/fr\/wp-json\/wp\/v2\/types\/product"}],"wp:featuredmedia":[{"embeddable":true,"href":"https:\/\/www.muralunique.com\/fr\/wp-json\/wp\/v2\/media\/73877"}],"wp:attachment":[{"href":"https:\/\/www.muralunique.com\/fr\/wp-json\/wp\/v2\/media?parent=73863"}],"wp:term":[{"taxonomy":"product_brand","embeddable":true,"href":"https:\/\/www.muralunique.com\/fr\/wp-json\/wp\/v2\/product_brand?post=73863"},{"taxonomy":"product_cat","embeddable":true,"href":"https:\/\/www.muralunique.com\/fr\/wp-json\/wp\/v2\/product_cat?post=73863"},{"taxonomy":"product_tag","embeddable":true,"href":"https:\/\/www.muralunique.com\/fr\/wp-json\/wp\/v2\/product_tag?post=73863"}],"curies":[{"name":"wp","href":"https:\/\/api.w.org\/{rel}","templated":true}]}}