{"id":73903,"date":"2023-02-03T11:54:08","date_gmt":"2023-02-03T16:54:08","guid":{"rendered":"https:\/\/www.muralunique.com\/?post_type=product&#038;p=73903"},"modified":"2023-02-16T13:44:30","modified_gmt":"2023-02-16T18:44:30","slug":"fleurs-dherbe-blanche","status":"publish","type":"product","link":"https:\/\/www.muralunique.com\/fr\/produit\/fleurs-dherbe-blanche\/","title":{"rendered":"Fleurs d&#8217;Herbe Blanche"},"content":{"rendered":"<p>-Splendide murale de fleurs d&#8217;herbe blanche. Un design floral \u00e9l\u00e9gant qui respire la fra\u00eecheur et la beaut\u00e9 de M\u00e8re Nature. Une murale versatile qui s&#8217;agence facilement dans un d\u00e9cor de chambre \u00e0 coucher, de salon ou de salle de bain.<\/p>\n<p>-La murale comprend des laizes de 18\u2033 (45cm) de largeur. Par exemple, une murale de 6\u2032 (1,83m) de largeur a 4 laizes et une murale de 12\u2032 (3,66m) de largeur a 8 laizes.<\/p>\n<p>-Murale en papier\u00a0peint pr\u00e9encoll\u00e9e, lavable, s\u2019enl\u00e8ve \u00e0 sec et r\u00e9utilisable. Facile \u00e0 installer, se pose comme du papier\u00a0peint (tapisserie).<\/p>\n<p>-murale fleurs d&#8217;herbe blanche, murale en papier peint fleurs d&#8217;herbe blanche, tapisserie murale fleurs d&#8217;herbe blanche, papier peint fleurs d&#8217;herbe blanche, murale florale, papier peint floral, tapisserie florale<\/p>\n","protected":false},"excerpt":{"rendered":"<p>-Splendide murale de fleurs d&#8217;herbe blanche. Un design floral \u00e9l\u00e9gant qui respire la fra\u00eecheur et la beaut\u00e9 de M\u00e8re Nature. Une murale versatile qui s&#8217;agence facilement dans un d\u00e9cor de chambre \u00e0 coucher, de salon ou de salle de bain. -La murale comprend des laizes de 18\u2033 (45cm) de largeur. Par exemple, une murale de [&hellip;]<\/p>\n","protected":false},"featured_media":73918,"template":"","meta":{"_acf_changed":false},"product_brand":[],"product_cat":[150,305,401],"product_tag":[9009,9010,9006,9078,10043,10135,10034,10035,9413,9414],"class_list":{"0":"post-73903","1":"product","2":"type-product","3":"status-publish","4":"has-post-thumbnail","6":"product_cat-fleurs-et-feuillages","7":"product_cat-produits-vedettes","8":"product_cat-tous-nos-produits","9":"product_tag-fleur","10":"product_tag-fleurs","11":"product_tag-floral-fr","12":"product_tag-herbe","13":"product_tag-herbe-blanche","14":"product_tag-herbes-fr","15":"product_tag-roseau","16":"product_tag-roseaux","17":"product_tag-tige","18":"product_tag-tiges","20":"first","21":"instock","22":"taxable","23":"shipping-taxable","24":"purchasable","25":"product-type-variable","26":"has-default-attributes"},"acf":[],"_links":{"self":[{"href":"https:\/\/www.muralunique.com\/fr\/wp-json\/wp\/v2\/product\/73903","targetHints":{"allow":["GET"]}}],"collection":[{"href":"https:\/\/www.muralunique.com\/fr\/wp-json\/wp\/v2\/product"}],"about":[{"href":"https:\/\/www.muralunique.com\/fr\/wp-json\/wp\/v2\/types\/product"}],"wp:featuredmedia":[{"embeddable":true,"href":"https:\/\/www.muralunique.com\/fr\/wp-json\/wp\/v2\/media\/73918"}],"wp:attachment":[{"href":"https:\/\/www.muralunique.com\/fr\/wp-json\/wp\/v2\/media?parent=73903"}],"wp:term":[{"taxonomy":"product_brand","embeddable":true,"href":"https:\/\/www.muralunique.com\/fr\/wp-json\/wp\/v2\/product_brand?post=73903"},{"taxonomy":"product_cat","embeddable":true,"href":"https:\/\/www.muralunique.com\/fr\/wp-json\/wp\/v2\/product_cat?post=73903"},{"taxonomy":"product_tag","embeddable":true,"href":"https:\/\/www.muralunique.com\/fr\/wp-json\/wp\/v2\/product_tag?post=73903"}],"curies":[{"name":"wp","href":"https:\/\/api.w.org\/{rel}","templated":true}]}}