{"id":74104,"date":"2023-02-09T12:26:24","date_gmt":"2023-02-09T17:26:24","guid":{"rendered":"https:\/\/www.muralunique.com\/?post_type=product&#038;p=74104"},"modified":"2023-02-09T12:41:16","modified_gmt":"2023-02-09T17:41:16","slug":"chenes-myrtle-beach","status":"publish","type":"product","link":"https:\/\/www.muralunique.com\/fr\/produit\/chenes-myrtle-beach\/","title":{"rendered":"Ch\u00eanes, Myrtle Beach"},"content":{"rendered":"<p>-Tapisserie murale d&#8217;une splendide sc\u00e8ne de la nature pr\u00e9sentant de majestueux ch\u00eanes dans un parc situ\u00e9 \u00e0 Myrtle Beach en Caroline du Sud, \u00c9tats-Unis. Un paysage paisible parfait pour cr\u00e9er une atmosph\u00e8re de repos et de d\u00e9tente.<\/p>\n<p>-La murale comprend des laizes de 18\u2033 (45cm) de largeur. Par exemple, une murale de 6\u2032 (1,83m) de largeur a 4 laizes et une murale de 12\u2032 (3,66m) de largeur a 8 laizes.<\/p>\n<p>-Murale en papier\u00a0peint pr\u00e9encoll\u00e9e, lavable, s\u2019enl\u00e8ve \u00e0 sec et r\u00e9utilisable. Facile \u00e0 installer, se pose comme du papier\u00a0peint (tapisserie).<\/p>\n<p>-murale ch\u00eanes, tapisserie murale ch\u00eanes, murale en papier peint ch\u00eanes, papier peint ch\u00eanes, murale d&#8217;arbres, murale de la nature, murale de paysage, tapisserie arbres, tapisserie nature, tapisserie paysage<\/p>\n","protected":false},"excerpt":{"rendered":"<p>-Tapisserie murale d&#8217;une splendide sc\u00e8ne de la nature pr\u00e9sentant de majestueux ch\u00eanes dans un parc situ\u00e9 \u00e0 Myrtle Beach en Caroline du Sud, \u00c9tats-Unis. Un paysage paisible parfait pour cr\u00e9er une atmosph\u00e8re de repos et de d\u00e9tente. -La murale comprend des laizes de 18\u2033 (45cm) de largeur. Par exemple, une murale de 6\u2032 (1,83m) de [&hellip;]<\/p>\n","protected":false},"featured_media":74101,"template":"","meta":{"_acf_changed":false},"product_brand":[],"product_cat":[141,401],"product_tag":[9478,8864,10049,10047,10048,9019,9219,9261,9252,9137,9467],"class_list":{"0":"post-74104","1":"product","2":"type-product","3":"status-publish","4":"has-post-thumbnail","6":"product_cat-nature-et-paysages","7":"product_cat-tous-nos-produits","8":"product_tag-arbres","9":"product_tag-calme","10":"product_tag-chene-fr","11":"product_tag-chene","12":"product_tag-chenes","13":"product_tag-foret","14":"product_tag-nature-fr","15":"product_tag-paisible","16":"product_tag-parc","17":"product_tag-paysage","18":"product_tag-tranquilite","20":"first","21":"instock","22":"taxable","23":"shipping-taxable","24":"purchasable","25":"product-type-variable","26":"has-default-attributes"},"acf":[],"_links":{"self":[{"href":"https:\/\/www.muralunique.com\/fr\/wp-json\/wp\/v2\/product\/74104","targetHints":{"allow":["GET"]}}],"collection":[{"href":"https:\/\/www.muralunique.com\/fr\/wp-json\/wp\/v2\/product"}],"about":[{"href":"https:\/\/www.muralunique.com\/fr\/wp-json\/wp\/v2\/types\/product"}],"wp:featuredmedia":[{"embeddable":true,"href":"https:\/\/www.muralunique.com\/fr\/wp-json\/wp\/v2\/media\/74101"}],"wp:attachment":[{"href":"https:\/\/www.muralunique.com\/fr\/wp-json\/wp\/v2\/media?parent=74104"}],"wp:term":[{"taxonomy":"product_brand","embeddable":true,"href":"https:\/\/www.muralunique.com\/fr\/wp-json\/wp\/v2\/product_brand?post=74104"},{"taxonomy":"product_cat","embeddable":true,"href":"https:\/\/www.muralunique.com\/fr\/wp-json\/wp\/v2\/product_cat?post=74104"},{"taxonomy":"product_tag","embeddable":true,"href":"https:\/\/www.muralunique.com\/fr\/wp-json\/wp\/v2\/product_tag?post=74104"}],"curies":[{"name":"wp","href":"https:\/\/api.w.org\/{rel}","templated":true}]}}