{"id":74146,"date":"2023-02-10T10:33:31","date_gmt":"2023-02-10T15:33:31","guid":{"rendered":"https:\/\/www.muralunique.com\/?post_type=product&#038;p=74146"},"modified":"2023-02-16T13:30:36","modified_gmt":"2023-02-16T18:30:36","slug":"graines-de-pissenlit-fragile","status":"publish","type":"product","link":"https:\/\/www.muralunique.com\/fr\/produit\/graines-de-pissenlit-fragile\/","title":{"rendered":"Graines de Pissenlit Fragile"},"content":{"rendered":"<p>-Murale en papier peint d&#8217;un plan rapproch\u00e9 d&#8217;un pissenlit. Cette murale dans les tons de beiges est id\u00e9ale pour cr\u00e9\u00e9er un mur d&#8217;accent unique et une ambiance chaleureuse. Tout indiqu\u00e9 pour un mur de chambre, de salon ou de salle de bain.<\/p>\n<p>-La murale comprend des laizes de 18\u2033 (45cm) de largeur. Par exemple, une murale de 6\u2032 (1,83m) de largeur a 4 laizes et une murale de 12\u2032 (3,66m) de largeur a 8 laizes.<\/p>\n<p>-Murale en papier\u00a0peint pr\u00e9encoll\u00e9e, lavable, s\u2019enl\u00e8ve \u00e0 sec et r\u00e9utilisable. Facile \u00e0 installer, se pose comme du papier\u00a0peint (tapisserie).<\/p>\n<p>-murale pissenlit, murale en papier peint pissenlit, tapisserie pissenlit, tapisserie murale pissenlit, papier peint graines de pissenlit, tapisserie murale graines de pissenlit, tapisserie graines de pissenlit<\/p>\n","protected":false},"excerpt":{"rendered":"<p>-Murale en papier peint d&#8217;un plan rapproch\u00e9 d&#8217;un pissenlit. Cette murale dans les tons de beiges est id\u00e9ale pour cr\u00e9\u00e9er un mur d&#8217;accent unique et une ambiance chaleureuse. Tout indiqu\u00e9 pour un mur de chambre, de salon ou de salle de bain. -La murale comprend des laizes de 18\u2033 (45cm) de largeur. Par exemple, une [&hellip;]<\/p>\n","protected":false},"featured_media":74150,"template":"","meta":{"_acf_changed":false},"product_brand":[],"product_cat":[150,401],"product_tag":[9009,9010,9006,9167,9810,8905],"class_list":{"0":"post-74146","1":"product","2":"type-product","3":"status-publish","4":"has-post-thumbnail","6":"product_cat-fleurs-et-feuillages","7":"product_cat-tous-nos-produits","8":"product_tag-fleur","9":"product_tag-fleurs","10":"product_tag-floral-fr","11":"product_tag-macro-fr","12":"product_tag-pissenlit","13":"product_tag-plan-rapproche","15":"first","16":"instock","17":"taxable","18":"shipping-taxable","19":"purchasable","20":"product-type-variable","21":"has-default-attributes"},"acf":[],"_links":{"self":[{"href":"https:\/\/www.muralunique.com\/fr\/wp-json\/wp\/v2\/product\/74146","targetHints":{"allow":["GET"]}}],"collection":[{"href":"https:\/\/www.muralunique.com\/fr\/wp-json\/wp\/v2\/product"}],"about":[{"href":"https:\/\/www.muralunique.com\/fr\/wp-json\/wp\/v2\/types\/product"}],"wp:featuredmedia":[{"embeddable":true,"href":"https:\/\/www.muralunique.com\/fr\/wp-json\/wp\/v2\/media\/74150"}],"wp:attachment":[{"href":"https:\/\/www.muralunique.com\/fr\/wp-json\/wp\/v2\/media?parent=74146"}],"wp:term":[{"taxonomy":"product_brand","embeddable":true,"href":"https:\/\/www.muralunique.com\/fr\/wp-json\/wp\/v2\/product_brand?post=74146"},{"taxonomy":"product_cat","embeddable":true,"href":"https:\/\/www.muralunique.com\/fr\/wp-json\/wp\/v2\/product_cat?post=74146"},{"taxonomy":"product_tag","embeddable":true,"href":"https:\/\/www.muralunique.com\/fr\/wp-json\/wp\/v2\/product_tag?post=74146"}],"curies":[{"name":"wp","href":"https:\/\/api.w.org\/{rel}","templated":true}]}}