{"id":74182,"date":"2023-02-10T14:27:19","date_gmt":"2023-02-10T19:27:19","guid":{"rendered":"https:\/\/www.muralunique.com\/?post_type=product&#038;p=74182"},"modified":"2023-02-23T15:37:47","modified_gmt":"2023-02-23T20:37:47","slug":"auvent-de-feuilles-vertes","status":"publish","type":"product","link":"https:\/\/www.muralunique.com\/fr\/produit\/auvent-de-feuilles-vertes\/","title":{"rendered":"Auvent de Feuilles Vertes"},"content":{"rendered":"<p>-Tapisserie murale d&#8217;un auvent de feuilles vertes. La canop\u00e9e est la partie de la for\u00eat correspondant \u00e0 la cime des arbres les plus hauts d&#8217;un regroupement forestier. La murale parfaite pour s&#8217;immerger dans la beaut\u00e9 de M\u00e8re Nature au quotidien.<\/p>\n<p>-La murale comprend des laizes de 18\u2033 (45cm) de largeur. Par exemple, une murale de 6\u2032 (1,83m) de largeur a 4 laizes et une murale de 12\u2032 (3,66m) de largeur a 8 laizes.<\/p>\n<p>-Murale en papier\u00a0peint pr\u00e9encoll\u00e9e, lavable, s\u2019enl\u00e8ve \u00e0 sec et r\u00e9utilisable. Facile \u00e0 installer, se pose comme du papier\u00a0peint (tapisserie).<\/p>\n<p>-murale auvent de feuilles vertes, tapisserie auvent de feuilles vertes, tapisserie murale auvent de feuilles vertes, murale en papier peint auvent de feuilles vertes, papier peint auvent de feuilles vertes<\/p>\n","protected":false},"excerpt":{"rendered":"<p>-Tapisserie murale d&#8217;un auvent de feuilles vertes. La canop\u00e9e est la partie de la for\u00eat correspondant \u00e0 la cime des arbres les plus hauts d&#8217;un regroupement forestier. La murale parfaite pour s&#8217;immerger dans la beaut\u00e9 de M\u00e8re Nature au quotidien. -La murale comprend des laizes de 18\u2033 (45cm) de largeur. Par exemple, une murale de [&hellip;]<\/p>\n","protected":false},"featured_media":74195,"template":"","meta":{"_acf_changed":false},"product_brand":[],"product_cat":[150,401],"product_tag":[9478,10051,9014,9144,9019,9219],"class_list":{"0":"post-74182","1":"product","2":"type-product","3":"status-publish","4":"has-post-thumbnail","6":"product_cat-fleurs-et-feuillages","7":"product_cat-tous-nos-produits","8":"product_tag-arbres","9":"product_tag-canopee","10":"product_tag-feuillage","11":"product_tag-feuilles","12":"product_tag-foret","13":"product_tag-nature-fr","15":"first","16":"instock","17":"taxable","18":"shipping-taxable","19":"purchasable","20":"product-type-variable","21":"has-default-attributes"},"acf":[],"_links":{"self":[{"href":"https:\/\/www.muralunique.com\/fr\/wp-json\/wp\/v2\/product\/74182","targetHints":{"allow":["GET"]}}],"collection":[{"href":"https:\/\/www.muralunique.com\/fr\/wp-json\/wp\/v2\/product"}],"about":[{"href":"https:\/\/www.muralunique.com\/fr\/wp-json\/wp\/v2\/types\/product"}],"wp:featuredmedia":[{"embeddable":true,"href":"https:\/\/www.muralunique.com\/fr\/wp-json\/wp\/v2\/media\/74195"}],"wp:attachment":[{"href":"https:\/\/www.muralunique.com\/fr\/wp-json\/wp\/v2\/media?parent=74182"}],"wp:term":[{"taxonomy":"product_brand","embeddable":true,"href":"https:\/\/www.muralunique.com\/fr\/wp-json\/wp\/v2\/product_brand?post=74182"},{"taxonomy":"product_cat","embeddable":true,"href":"https:\/\/www.muralunique.com\/fr\/wp-json\/wp\/v2\/product_cat?post=74182"},{"taxonomy":"product_tag","embeddable":true,"href":"https:\/\/www.muralunique.com\/fr\/wp-json\/wp\/v2\/product_tag?post=74182"}],"curies":[{"name":"wp","href":"https:\/\/api.w.org\/{rel}","templated":true}]}}