{"id":74778,"date":"2023-02-21T11:45:44","date_gmt":"2023-02-21T16:45:44","guid":{"rendered":"https:\/\/www.muralunique.com\/?post_type=product&#038;p=74778"},"modified":"2023-02-23T13:24:59","modified_gmt":"2023-02-23T18:24:59","slug":"feuilles-de-canna-pastel","status":"publish","type":"product","link":"https:\/\/www.muralunique.com\/fr\/produit\/feuilles-de-canna-pastel\/","title":{"rendered":"Feuilles de Canna Pastel"},"content":{"rendered":"<p>-Murale en papier peint de feuilles de canna pastel. Un design chic qui transformera votre int\u00e9rieur dans un clin d&#8217;oeil. Une bonne id\u00e9e d\u00e9co pour n&#8217;importe quelle pi\u00e8ce: une salle de bain, une chambre, un salon ou n&#8217;importe quelle autre pi\u00e8ce.<\/p>\n<p>-La murale comprend des laizes de 18\u2033 (45cm) de largeur. Par exemple, une murale de 6\u2032 (1,83m) de largeur a 4 laizes et une murale de 12\u2032 (3,66m) de largeur a 8 laizes.<\/p>\n<p>-Murale en papier\u00a0peint pr\u00e9encoll\u00e9e, lavable, s\u2019enl\u00e8ve \u00e0 sec et r\u00e9utilisable. Facile \u00e0 installer, se pose comme du papier\u00a0peint (tapisserie).<\/p>\n<p>-murale feuilles de canna pastel, tapisserie feuilles de canna pastel, papier peint feuilles de canna pastel, murale en papier peint feuilles de canna pastel, tapisserie de feuillage<\/p>\n","protected":false},"excerpt":{"rendered":"<p>-Murale en papier peint de feuilles de canna pastel. Un design chic qui transformera votre int\u00e9rieur dans un clin d&#8217;oeil. Une bonne id\u00e9e d\u00e9co pour n&#8217;importe quelle pi\u00e8ce: une salle de bain, une chambre, un salon ou n&#8217;importe quelle autre pi\u00e8ce. -La murale comprend des laizes de 18\u2033 (45cm) de largeur. Par exemple, une murale [&hellip;]<\/p>\n","protected":false},"featured_media":74792,"template":"","meta":{"_acf_changed":false},"product_brand":[],"product_cat":[150,401],"product_tag":[10039,9014,9144,9567,10138,9242],"class_list":{"0":"post-74778","1":"product","2":"type-product","3":"status-publish","4":"has-post-thumbnail","6":"product_cat-fleurs-et-feuillages","7":"product_cat-tous-nos-produits","8":"product_tag-canna-fr","9":"product_tag-feuillage","10":"product_tag-feuilles","11":"product_tag-feuilles-de-palmier","12":"product_tag-palmier-fr","13":"product_tag-palmiers","15":"first","16":"instock","17":"taxable","18":"shipping-taxable","19":"purchasable","20":"product-type-variable","21":"has-default-attributes"},"acf":[],"_links":{"self":[{"href":"https:\/\/www.muralunique.com\/fr\/wp-json\/wp\/v2\/product\/74778","targetHints":{"allow":["GET"]}}],"collection":[{"href":"https:\/\/www.muralunique.com\/fr\/wp-json\/wp\/v2\/product"}],"about":[{"href":"https:\/\/www.muralunique.com\/fr\/wp-json\/wp\/v2\/types\/product"}],"wp:featuredmedia":[{"embeddable":true,"href":"https:\/\/www.muralunique.com\/fr\/wp-json\/wp\/v2\/media\/74792"}],"wp:attachment":[{"href":"https:\/\/www.muralunique.com\/fr\/wp-json\/wp\/v2\/media?parent=74778"}],"wp:term":[{"taxonomy":"product_brand","embeddable":true,"href":"https:\/\/www.muralunique.com\/fr\/wp-json\/wp\/v2\/product_brand?post=74778"},{"taxonomy":"product_cat","embeddable":true,"href":"https:\/\/www.muralunique.com\/fr\/wp-json\/wp\/v2\/product_cat?post=74778"},{"taxonomy":"product_tag","embeddable":true,"href":"https:\/\/www.muralunique.com\/fr\/wp-json\/wp\/v2\/product_tag?post=74778"}],"curies":[{"name":"wp","href":"https:\/\/api.w.org\/{rel}","templated":true}]}}