{"id":74876,"date":"2023-02-22T12:43:01","date_gmt":"2023-02-22T17:43:01","guid":{"rendered":"https:\/\/www.muralunique.com\/?post_type=product&#038;p=74876"},"modified":"2024-01-17T14:45:47","modified_gmt":"2024-01-17T19:45:47","slug":"murmure-blanc","status":"publish","type":"product","link":"https:\/\/www.muralunique.com\/fr\/produit\/murmure-blanc\/","title":{"rendered":"Murmure Blanc"},"content":{"rendered":"<p>-Murale d&#8217;un design \u00e9l\u00e9gant de vagues dans les tons de blanc. Il s&#8217;agit d&#8217;un plan rapproch\u00e9 d&#8217;un champignon blanc. Ajoutez une touche d\u00e9corative \u00e0 une pi\u00e8ce qui serait autrement tr\u00e8s ordinaire. Le moyen id\u00e9al d\u2019ajouter de la personnalit\u00e9 et de la cr\u00e9ativit\u00e9 \u00e0 votre int\u00e9rieur.<\/p>\n<p>-La murale comprend des laizes de 18\u2033 (45cm) de largeur. Par exemple, une murale de 6\u2032 (1,83m) de largeur a 4 laizes et une murale de 12\u2032 (3,66m) de largeur a 8 laizes.<\/p>\n<p>-Murale en papier\u00a0peint pr\u00e9encoll\u00e9e, lavable, s\u2019enl\u00e8ve \u00e0 sec et r\u00e9utilisable. Facile \u00e0 installer, se pose comme du papier\u00a0peint (tapisserie).<\/p>\n<p>-murale murmure blanc, murale en papier peint murmure blanc, tapisserie murale murmure blanc, papier peint murmure blanc, murale champignon, papier peint champignon, tapisserie champignon<\/p>\n","protected":false},"excerpt":{"rendered":"<p>-Murale d&#8217;un design \u00e9l\u00e9gant de vagues dans les tons de blanc. Il s&#8217;agit d&#8217;un plan rapproch\u00e9 d&#8217;un champignon blanc. Ajoutez une touche d\u00e9corative \u00e0 une pi\u00e8ce qui serait autrement tr\u00e8s ordinaire. Le moyen id\u00e9al d\u2019ajouter de la personnalit\u00e9 et de la cr\u00e9ativit\u00e9 \u00e0 votre int\u00e9rieur. -La murale comprend des laizes de 18\u2033 (45cm) de largeur. [&hellip;]<\/p>\n","protected":false},"featured_media":74893,"template":"","meta":{"_acf_changed":false},"product_brand":[],"product_cat":[125,471,169,401],"product_tag":[10056,10057,9167,10058,10059,8905,9519,9520],"class_list":{"0":"post-74876","1":"product","2":"type-product","3":"status-publish","4":"has-post-thumbnail","6":"product_cat-abstrait-et-geometrie","7":"product_cat-cuisine-nourriture","8":"product_cat-textures-2","9":"product_cat-tous-nos-produits","10":"product_tag-champignon","11":"product_tag-champignons","12":"product_tag-macro-fr","13":"product_tag-murmure","14":"product_tag-murmures","15":"product_tag-plan-rapproche","16":"product_tag-vague","17":"product_tag-vagues","19":"first","20":"instock","21":"taxable","22":"shipping-taxable","23":"purchasable","24":"product-type-variable","25":"has-default-attributes"},"acf":[],"_links":{"self":[{"href":"https:\/\/www.muralunique.com\/fr\/wp-json\/wp\/v2\/product\/74876","targetHints":{"allow":["GET"]}}],"collection":[{"href":"https:\/\/www.muralunique.com\/fr\/wp-json\/wp\/v2\/product"}],"about":[{"href":"https:\/\/www.muralunique.com\/fr\/wp-json\/wp\/v2\/types\/product"}],"wp:featuredmedia":[{"embeddable":true,"href":"https:\/\/www.muralunique.com\/fr\/wp-json\/wp\/v2\/media\/74893"}],"wp:attachment":[{"href":"https:\/\/www.muralunique.com\/fr\/wp-json\/wp\/v2\/media?parent=74876"}],"wp:term":[{"taxonomy":"product_brand","embeddable":true,"href":"https:\/\/www.muralunique.com\/fr\/wp-json\/wp\/v2\/product_brand?post=74876"},{"taxonomy":"product_cat","embeddable":true,"href":"https:\/\/www.muralunique.com\/fr\/wp-json\/wp\/v2\/product_cat?post=74876"},{"taxonomy":"product_tag","embeddable":true,"href":"https:\/\/www.muralunique.com\/fr\/wp-json\/wp\/v2\/product_tag?post=74876"}],"curies":[{"name":"wp","href":"https:\/\/api.w.org\/{rel}","templated":true}]}}