{"id":74994,"date":"2023-02-23T16:56:03","date_gmt":"2023-02-23T21:56:03","guid":{"rendered":"https:\/\/www.muralunique.com\/?post_type=product&#038;p=74994"},"modified":"2024-01-29T13:29:13","modified_gmt":"2024-01-29T18:29:13","slug":"douceur-blanche","status":"publish","type":"product","link":"https:\/\/www.muralunique.com\/fr\/produit\/douceur-blanche\/","title":{"rendered":"Douceur Blanche"},"content":{"rendered":"<p>-Murale en papier peint d&#8217;une grosse fleur blanche avec une texture de peinture \u00e0 l&#8217;huile. Un design doux, simple et \u00e9l\u00e9gant. Une murale dans les tons de blanc et de beige, un excellent choix pour habiller un mur avec style et originalit\u00e9.<\/p>\n<p>-La murale comprend des laizes de 18\u2033 (45cm) de largeur. Par exemple, une murale de 6\u2032 (1,83m) de largeur a 4 laizes et une murale de 12\u2032 (3,66m) de largeur a 8 laizes.<\/p>\n<p>-Murale en papier\u00a0peint pr\u00e9encoll\u00e9e, lavable, s\u2019enl\u00e8ve \u00e0 sec et r\u00e9utilisable. Facile \u00e0 installer, se pose comme du papier\u00a0peint (tapisserie).<\/p>\n<p>-murale grosse fleur blanche, murale en papier peint grosse fleur blanche, tapisserie murale grosse fleur blanche, papier peint grosse fleur blanche, tapisserie grosse fleur blanche<\/p>\n","protected":false},"excerpt":{"rendered":"<p>-Murale en papier peint d&#8217;une grosse fleur blanche avec une texture de peinture \u00e0 l&#8217;huile. Un design doux, simple et \u00e9l\u00e9gant. Une murale dans les tons de blanc et de beige, un excellent choix pour habiller un mur avec style et originalit\u00e9. -La murale comprend des laizes de 18\u2033 (45cm) de largeur. Par exemple, une [&hellip;]<\/p>\n","protected":false},"featured_media":88342,"template":"","meta":{"_acf_changed":false},"product_brand":[],"product_cat":[150,305,401],"product_tag":[9009,9010,9006,9447,9448,9449],"class_list":{"0":"post-74994","1":"product","2":"type-product","3":"status-publish","4":"has-post-thumbnail","6":"product_cat-fleurs-et-feuillages","7":"product_cat-produits-vedettes","8":"product_cat-tous-nos-produits","9":"product_tag-fleur","10":"product_tag-fleurs","11":"product_tag-floral-fr","12":"product_tag-texture-fr","13":"product_tag-texture-fr-2","14":"product_tag-textures","16":"first","17":"instock","18":"taxable","19":"shipping-taxable","20":"purchasable","21":"product-type-variable","22":"has-default-attributes"},"acf":[],"_links":{"self":[{"href":"https:\/\/www.muralunique.com\/fr\/wp-json\/wp\/v2\/product\/74994","targetHints":{"allow":["GET"]}}],"collection":[{"href":"https:\/\/www.muralunique.com\/fr\/wp-json\/wp\/v2\/product"}],"about":[{"href":"https:\/\/www.muralunique.com\/fr\/wp-json\/wp\/v2\/types\/product"}],"wp:featuredmedia":[{"embeddable":true,"href":"https:\/\/www.muralunique.com\/fr\/wp-json\/wp\/v2\/media\/88342"}],"wp:attachment":[{"href":"https:\/\/www.muralunique.com\/fr\/wp-json\/wp\/v2\/media?parent=74994"}],"wp:term":[{"taxonomy":"product_brand","embeddable":true,"href":"https:\/\/www.muralunique.com\/fr\/wp-json\/wp\/v2\/product_brand?post=74994"},{"taxonomy":"product_cat","embeddable":true,"href":"https:\/\/www.muralunique.com\/fr\/wp-json\/wp\/v2\/product_cat?post=74994"},{"taxonomy":"product_tag","embeddable":true,"href":"https:\/\/www.muralunique.com\/fr\/wp-json\/wp\/v2\/product_tag?post=74994"}],"curies":[{"name":"wp","href":"https:\/\/api.w.org\/{rel}","templated":true}]}}