{"id":75039,"date":"2023-02-24T11:21:03","date_gmt":"2023-02-24T16:21:03","guid":{"rendered":"https:\/\/www.muralunique.com\/?post_type=product&#038;p=75039"},"modified":"2023-02-24T11:36:37","modified_gmt":"2023-02-24T16:36:37","slug":"feuilles-de-papier-en-noir-et-blanc","status":"publish","type":"product","link":"https:\/\/www.muralunique.com\/fr\/produit\/feuilles-de-papier-en-noir-et-blanc\/","title":{"rendered":"Feuilles de Papier en Noir et Blanc"},"content":{"rendered":"<p>-Murale en papier peint de feuilles de papier en noir et blanc. Une murale rafraichissante qui donnera de la vie et de l&#8217;originalit\u00e9 \u00e0 votre int\u00e9rieur. Une bonne id\u00e9e d\u00e9co pour une chambre \u00e0 coucher, un salon, une salle de bain ou n&#8217;importe quelle autre pi\u00e8ce de votre int\u00e9rieur.<\/p>\n<p>-La murale comprend des laizes de 18\u2033 (45cm) de largeur. Par exemple, une murale de 6\u2032 (1,83m) de largeur a 4 laizes et une murale de 12\u2032 (3,66m) de largeur a 8 laizes.<\/p>\n<p>-Murale en papier\u00a0peint pr\u00e9encoll\u00e9e, lavable, s\u2019enl\u00e8ve \u00e0 sec et r\u00e9utilisable. Facile \u00e0 installer, se pose comme du papier\u00a0peint (tapisserie).<\/p>\n<p>-murale feuilles de papier en noir et blanc, murale en papier peint feuilles de papier en noir et blanc, tapisserie feuilles de papier en noir et blanc, tapisserie murale feuilles de papier en noir et blanc<\/p>\n","protected":false},"excerpt":{"rendered":"<p>-Murale en papier peint de feuilles de papier en noir et blanc. Une murale rafraichissante qui donnera de la vie et de l&#8217;originalit\u00e9 \u00e0 votre int\u00e9rieur. Une bonne id\u00e9e d\u00e9co pour une chambre \u00e0 coucher, un salon, une salle de bain ou n&#8217;importe quelle autre pi\u00e8ce de votre int\u00e9rieur. -La murale comprend des laizes de [&hellip;]<\/p>\n","protected":false},"featured_media":75053,"template":"","meta":{"_acf_changed":false},"product_brand":[],"product_cat":[150,401],"product_tag":[9014,9144,9246],"class_list":{"0":"post-75039","1":"product","2":"type-product","3":"status-publish","4":"has-post-thumbnail","6":"product_cat-fleurs-et-feuillages","7":"product_cat-tous-nos-produits","8":"product_tag-feuillage","9":"product_tag-feuilles","10":"product_tag-papier","12":"first","13":"instock","14":"taxable","15":"shipping-taxable","16":"purchasable","17":"product-type-variable","18":"has-default-attributes"},"acf":[],"_links":{"self":[{"href":"https:\/\/www.muralunique.com\/fr\/wp-json\/wp\/v2\/product\/75039","targetHints":{"allow":["GET"]}}],"collection":[{"href":"https:\/\/www.muralunique.com\/fr\/wp-json\/wp\/v2\/product"}],"about":[{"href":"https:\/\/www.muralunique.com\/fr\/wp-json\/wp\/v2\/types\/product"}],"wp:featuredmedia":[{"embeddable":true,"href":"https:\/\/www.muralunique.com\/fr\/wp-json\/wp\/v2\/media\/75053"}],"wp:attachment":[{"href":"https:\/\/www.muralunique.com\/fr\/wp-json\/wp\/v2\/media?parent=75039"}],"wp:term":[{"taxonomy":"product_brand","embeddable":true,"href":"https:\/\/www.muralunique.com\/fr\/wp-json\/wp\/v2\/product_brand?post=75039"},{"taxonomy":"product_cat","embeddable":true,"href":"https:\/\/www.muralunique.com\/fr\/wp-json\/wp\/v2\/product_cat?post=75039"},{"taxonomy":"product_tag","embeddable":true,"href":"https:\/\/www.muralunique.com\/fr\/wp-json\/wp\/v2\/product_tag?post=75039"}],"curies":[{"name":"wp","href":"https:\/\/api.w.org\/{rel}","templated":true}]}}