{"id":7519,"date":"2015-05-08T13:49:49","date_gmt":"2015-05-08T13:49:49","guid":{"rendered":"https:\/\/muralunique.com\/?post_type=product&#038;p=7519"},"modified":"2022-02-14T11:33:49","modified_gmt":"2022-02-14T16:33:49","slug":"roche-de-marbre-fissuree","status":"publish","type":"product","link":"https:\/\/www.muralunique.com\/fr\/produit\/roche-de-marbre-fissuree\/","title":{"rendered":"Roche de Marbre Fissur\u00e9e"},"content":{"rendered":"<p>-Photo murale d&#8217;une roche de marbre fissur\u00e9e. La qualit\u00e9 (r\u00e9solution) de cette image est exceptionnelle (900 M\u00e9gaPixels). Paroi rocheuse d&#8217;une carri\u00e8re de marbre priv\u00e9e (propri\u00e9t\u00e9 de Willy et Vivian Graf) \u00e0 Bancroft, Ontario, qui a commenc\u00e9 \u00e0 \u00eatre exploit\u00e9e en mille neuf cent vingt huit. La couleur du marbre de Bancroft est unique en Am\u00e9rique du Nord et a \u00e9t\u00e9 utilis\u00e9 dans la construction des b\u00e2timents du gouvernement d\u2019Ottawa. La carri\u00e8re est situ\u00e9e \u00e0 environ 5 km au sud de Bancroft, Ontario. Pour une visite guid\u00e9e, s&#8217;il vous pla\u00eet appeler au 613-332-3542.<\/p>\n<p>-La murale comprend des laizes de 18&#8243; (45cm) de largeur. Par exemple, une murale de 6&#8242; (1,83m) de largeur a 4 laizes et une murale de 12&#8242; (3,66m) de largeur a 8 laizes.<\/p>\n<p>-Murale en papier\u00a0peint pr\u00e9encoll\u00e9e, lavable, s&#8217;enl\u00e8ve \u00e0 sec et r\u00e9utilisable. Facile \u00e0 installer, se pose comme du papier\u00a0peint (tapisserie).<\/p>\n<p>-Photographie de Donn Petelka. Vous pouvez obtenir plus d&#8217;informations \u00e0 cette adresse:\u00a0<a href=\"mailto:donnpetelka@gmail.com\" target=\"_blank\" rel=\"noopener noreferrer\">donnpetelka@gmail.com<\/a>.<\/p>\n<p>-murale roche de marbre, murale marbre, papier peint marbre, tapisserie marbre, murale texture de marbre<\/p>\n","protected":false},"excerpt":{"rendered":"<p>-Photo murale d&#8217;une roche de marbre fissur\u00e9e. La qualit\u00e9 (r\u00e9solution) de cette image est exceptionnelle (900 M\u00e9gaPixels). Paroi rocheuse d&#8217;une carri\u00e8re de marbre priv\u00e9e (propri\u00e9t\u00e9 de Willy et Vivian Graf) \u00e0 Bancroft, Ontario, qui a commenc\u00e9 \u00e0 \u00eatre exploit\u00e9e en mille neuf cent vingt huit. La couleur du marbre de Bancroft est unique en Am\u00e9rique [&hellip;]<\/p>\n","protected":false},"featured_media":7520,"template":"","meta":{"_acf_changed":false},"product_brand":[197],"product_cat":[169,401,427],"product_tag":[9416,9333,9447,9448,9449],"class_list":{"0":"post-7519","1":"product","2":"type-product","3":"status-publish","4":"has-post-thumbnail","6":"artist-donn-petelka-fr","7":"product_brand-donn-petelka-2","8":"product_cat-textures-2","9":"product_cat-tous-nos-produits","10":"product_cat-ultra-haute-d-finition-photos","11":"product_tag-pierre","12":"product_tag-rocher-fr","13":"product_tag-texture-fr","14":"product_tag-texture-fr-2","15":"product_tag-textures","17":"first","18":"instock","19":"taxable","20":"shipping-taxable","21":"purchasable","22":"product-type-variable","23":"has-default-attributes"},"acf":[],"_links":{"self":[{"href":"https:\/\/www.muralunique.com\/fr\/wp-json\/wp\/v2\/product\/7519","targetHints":{"allow":["GET"]}}],"collection":[{"href":"https:\/\/www.muralunique.com\/fr\/wp-json\/wp\/v2\/product"}],"about":[{"href":"https:\/\/www.muralunique.com\/fr\/wp-json\/wp\/v2\/types\/product"}],"wp:featuredmedia":[{"embeddable":true,"href":"https:\/\/www.muralunique.com\/fr\/wp-json\/wp\/v2\/media\/7520"}],"wp:attachment":[{"href":"https:\/\/www.muralunique.com\/fr\/wp-json\/wp\/v2\/media?parent=7519"}],"wp:term":[{"taxonomy":"product_brand","embeddable":true,"href":"https:\/\/www.muralunique.com\/fr\/wp-json\/wp\/v2\/product_brand?post=7519"},{"taxonomy":"product_cat","embeddable":true,"href":"https:\/\/www.muralunique.com\/fr\/wp-json\/wp\/v2\/product_cat?post=7519"},{"taxonomy":"product_tag","embeddable":true,"href":"https:\/\/www.muralunique.com\/fr\/wp-json\/wp\/v2\/product_tag?post=7519"}],"curies":[{"name":"wp","href":"https:\/\/api.w.org\/{rel}","templated":true}]}}