{"id":75225,"date":"2023-02-28T11:01:45","date_gmt":"2023-02-28T16:01:45","guid":{"rendered":"https:\/\/www.muralunique.com\/?post_type=product&#038;p=75225"},"modified":"2023-02-28T11:18:44","modified_gmt":"2023-02-28T16:18:44","slug":"vue-de-la-montagne","status":"publish","type":"product","link":"https:\/\/www.muralunique.com\/fr\/produit\/vue-de-la-montagne\/","title":{"rendered":"Vue de la Montagne"},"content":{"rendered":"<p>-Murale d&#8217;une splendide vue sur les montagnes pour profiter de la beaut\u00e9 de M\u00e8re Nature au quotidien. Cette murale pr\u00e9sente un bel effet de profondeur et cr\u00e9era une atmosph\u00e8re de d\u00e9tente dans votre int\u00e9rieur.<\/p>\n<p>-La murale comprend des laizes de 18\u2033 (45cm) de largeur. Par exemple, une murale de 6\u2032 (1,83m) de largeur a 4 laizes et une murale de 12\u2032 (3,66m) de largeur a 8 laizes.<\/p>\n<p>-Murale en papier\u00a0peint pr\u00e9encoll\u00e9e, lavable, s\u2019enl\u00e8ve \u00e0 sec et r\u00e9utilisable. Facile \u00e0 installer, se pose comme du papier\u00a0peint (tapisserie).<\/p>\n<p>-murale vue sur la montagne, tapisserie murale vue sur la montagne, papier peint vue sur la montagne, murale en papier peint vue sur la montagne, murale montagne, papier peint montagne<\/p>\n","protected":false},"excerpt":{"rendered":"<p>-Murale d&#8217;une splendide vue sur les montagnes pour profiter de la beaut\u00e9 de M\u00e8re Nature au quotidien. Cette murale pr\u00e9sente un bel effet de profondeur et cr\u00e9era une atmosph\u00e8re de d\u00e9tente dans votre int\u00e9rieur. -La murale comprend des laizes de 18\u2033 (45cm) de largeur. Par exemple, une murale de 6\u2032 (1,83m) de largeur a 4 [&hellip;]<\/p>\n","protected":false},"featured_media":75223,"template":"","meta":{"_acf_changed":false},"product_brand":[],"product_cat":[10434,141,401],"product_tag":[9478,8864,8926,9208,9209,9219,9261,9137,9467,9508],"class_list":{"0":"post-75225","1":"product","2":"type-product","3":"status-publish","4":"has-post-thumbnail","6":"product_cat-images-panoramiques","7":"product_cat-nature-et-paysages","8":"product_cat-tous-nos-produits","9":"product_tag-arbres","10":"product_tag-calme","11":"product_tag-campagne","12":"product_tag-montagne","13":"product_tag-montagnes","14":"product_tag-nature-fr","15":"product_tag-paisible","16":"product_tag-paysage","17":"product_tag-tranquilite","18":"product_tag-vue","20":"first","21":"instock","22":"taxable","23":"shipping-taxable","24":"purchasable","25":"product-type-variable","26":"has-default-attributes"},"acf":[],"_links":{"self":[{"href":"https:\/\/www.muralunique.com\/fr\/wp-json\/wp\/v2\/product\/75225","targetHints":{"allow":["GET"]}}],"collection":[{"href":"https:\/\/www.muralunique.com\/fr\/wp-json\/wp\/v2\/product"}],"about":[{"href":"https:\/\/www.muralunique.com\/fr\/wp-json\/wp\/v2\/types\/product"}],"wp:featuredmedia":[{"embeddable":true,"href":"https:\/\/www.muralunique.com\/fr\/wp-json\/wp\/v2\/media\/75223"}],"wp:attachment":[{"href":"https:\/\/www.muralunique.com\/fr\/wp-json\/wp\/v2\/media?parent=75225"}],"wp:term":[{"taxonomy":"product_brand","embeddable":true,"href":"https:\/\/www.muralunique.com\/fr\/wp-json\/wp\/v2\/product_brand?post=75225"},{"taxonomy":"product_cat","embeddable":true,"href":"https:\/\/www.muralunique.com\/fr\/wp-json\/wp\/v2\/product_cat?post=75225"},{"taxonomy":"product_tag","embeddable":true,"href":"https:\/\/www.muralunique.com\/fr\/wp-json\/wp\/v2\/product_tag?post=75225"}],"curies":[{"name":"wp","href":"https:\/\/api.w.org\/{rel}","templated":true}]}}