{"id":7530,"date":"2015-05-26T10:46:08","date_gmt":"2015-05-26T10:46:08","guid":{"rendered":"https:\/\/muralunique.com\/?post_type=product&#038;p=7530"},"modified":"2021-07-30T13:31:45","modified_gmt":"2021-07-30T17:31:45","slug":"foret-de-bambou-dasie","status":"publish","type":"product","link":"https:\/\/www.muralunique.com\/fr\/produit\/foret-de-bambou-dasie\/","title":{"rendered":"For\u00eat de Bambou d&#8217;Asie"},"content":{"rendered":"<p>-Murale\u00a0en papier\u00a0peint d&#8217;une for\u00eat de bambou ensoleill\u00e9e (photo murale). Tr\u00e8s\u00a0polyvalente, cette murale est un tr\u00e8s bon choix d\u00e9co pour les murs d&#8217;un salon, d&#8217;une chambre, d&#8217;un bureau, un spa ou salle de d\u00e9tente.<\/p>\n<p>-La murale comprend des laizes de 18&#8243; (45cm) de largeur. Par exemple, une murale de 6&#8242; (1,83m) de largeur a 4 laizes et une murale de 12&#8242; (3,66m) de largeur a 8 laizes.<\/p>\n<p>-Murale en papier\u00a0peint pr\u00e9encoll\u00e9e, lavable, s&#8217;enl\u00e8ve \u00e0 sec et r\u00e9utilisable. Facile \u00e0 installer, se pose comme du papier\u00a0peint (tapisserie).<\/p>\n<p>-murale for\u00eat de bambou, papier peint for\u00eat de bambou, tapisserie for\u00eat de bambou, murale for\u00eat de bambou d&#8217;Asie, papier peint for\u00eat de bambou d&#8217;Asie<\/p>\n","protected":false},"excerpt":{"rendered":"<p>-Murale\u00a0en papier\u00a0peint d&#8217;une for\u00eat de bambou ensoleill\u00e9e (photo murale). Tr\u00e8s\u00a0polyvalente, cette murale est un tr\u00e8s bon choix d\u00e9co pour les murs d&#8217;un salon, d&#8217;une chambre, d&#8217;un bureau, un spa ou salle de d\u00e9tente. -La murale comprend des laizes de 18&#8243; (45cm) de largeur. Par exemple, une murale de 6&#8242; (1,83m) de largeur a 4 laizes [&hellip;]<\/p>\n","protected":false},"featured_media":31650,"template":"","meta":{"_acf_changed":false},"product_brand":[203],"product_cat":[150,141,138,401],"product_tag":[9478,8784,8783,8797,8864,8896,8897,9427,9019,9117,9118,9219,9238,9261,9137,9467,9552],"class_list":{"0":"post-7530","1":"product","2":"type-product","3":"status-publish","4":"has-post-thumbnail","6":"product_brand-muralunique-com","7":"product_cat-fleurs-et-feuillages","8":"product_cat-nature-et-paysages","9":"product_cat-oriental-religion-spiritualite","10":"product_cat-tous-nos-produits","11":"product_tag-arbres","12":"product_tag-asiatique","13":"product_tag-asie","14":"product_tag-bambous","15":"product_tag-calme","16":"product_tag-chine","17":"product_tag-chiois","18":"product_tag-ete","19":"product_tag-foret","20":"product_tag-japon","21":"product_tag-japonais","22":"product_tag-nature-fr","23":"product_tag-oriental-fr","24":"product_tag-paisible","25":"product_tag-paysage","26":"product_tag-tranquilite","27":"product_tag-zen-fr","29":"first","30":"instock","31":"taxable","32":"shipping-taxable","33":"purchasable","34":"product-type-variable","35":"has-default-attributes"},"acf":[],"_links":{"self":[{"href":"https:\/\/www.muralunique.com\/fr\/wp-json\/wp\/v2\/product\/7530","targetHints":{"allow":["GET"]}}],"collection":[{"href":"https:\/\/www.muralunique.com\/fr\/wp-json\/wp\/v2\/product"}],"about":[{"href":"https:\/\/www.muralunique.com\/fr\/wp-json\/wp\/v2\/types\/product"}],"wp:featuredmedia":[{"embeddable":true,"href":"https:\/\/www.muralunique.com\/fr\/wp-json\/wp\/v2\/media\/31650"}],"wp:attachment":[{"href":"https:\/\/www.muralunique.com\/fr\/wp-json\/wp\/v2\/media?parent=7530"}],"wp:term":[{"taxonomy":"product_brand","embeddable":true,"href":"https:\/\/www.muralunique.com\/fr\/wp-json\/wp\/v2\/product_brand?post=7530"},{"taxonomy":"product_cat","embeddable":true,"href":"https:\/\/www.muralunique.com\/fr\/wp-json\/wp\/v2\/product_cat?post=7530"},{"taxonomy":"product_tag","embeddable":true,"href":"https:\/\/www.muralunique.com\/fr\/wp-json\/wp\/v2\/product_tag?post=7530"}],"curies":[{"name":"wp","href":"https:\/\/api.w.org\/{rel}","templated":true}]}}