{"id":75384,"date":"2023-03-02T16:13:43","date_gmt":"2023-03-02T21:13:43","guid":{"rendered":"https:\/\/www.muralunique.com\/?post_type=product&#038;p=75384"},"modified":"2023-03-02T16:42:03","modified_gmt":"2023-03-02T21:42:03","slug":"bouquet-printanier","status":"publish","type":"product","link":"https:\/\/www.muralunique.com\/fr\/produit\/bouquet-printanier\/","title":{"rendered":"Bouquet Printanier"},"content":{"rendered":"<p>-Tapisserie murale d&#8217;un splendide bouquet de fleurs. Une murale tr\u00e8s tendance qui ajoutera une touche d&#8217;\u00e9l\u00e9gance et d&#8217;originalit\u00e9 \u00e0 votre int\u00e9rieur. Cette murale florale s&#8217;int\u00e8gre tr\u00e8s bien dans un d\u00e9cor de chambre, de salon, de salle \u00e0 diner ou salle de bain.<\/p>\n<p>-La murale comprend des laizes de 18\u2033 (45cm) de largeur. Par exemple, une murale de 6\u2032 (1,83m) de largeur a 4 laizes et une murale de 12\u2032 (3,66m) de largeur a 8 laizes.<\/p>\n<p>-Murale en papier\u00a0peint pr\u00e9encoll\u00e9e, lavable, s\u2019enl\u00e8ve \u00e0 sec et r\u00e9utilisable. Facile \u00e0 installer, se pose comme du papier\u00a0peint (tapisserie).<\/p>\n<p>-murale bouquet printanier, murale en papier peint bouquet printanier, papier peint bouquet printanier, murale de grosses fleurs, murale en papier peint de grosses fleurs, tapisserie grosses fleurs<\/p>\n","protected":false},"excerpt":{"rendered":"<p>-Tapisserie murale d&#8217;un splendide bouquet de fleurs. Une murale tr\u00e8s tendance qui ajoutera une touche d&#8217;\u00e9l\u00e9gance et d&#8217;originalit\u00e9 \u00e0 votre int\u00e9rieur. Cette murale florale s&#8217;int\u00e8gre tr\u00e8s bien dans un d\u00e9cor de chambre, de salon, de salle \u00e0 diner ou salle de bain. -La murale comprend des laizes de 18\u2033 (45cm) de largeur. Par exemple, une [&hellip;]<\/p>\n","protected":false},"featured_media":75381,"template":"","meta":{"_acf_changed":false},"product_brand":[],"product_cat":[150,401],"product_tag":[9944,9009,9010,9006,9401],"class_list":{"0":"post-75384","1":"product","2":"type-product","3":"status-publish","4":"has-post-thumbnail","6":"product_cat-fleurs-et-feuillages","7":"product_cat-tous-nos-produits","8":"product_tag-bouquet-fr","9":"product_tag-fleur","10":"product_tag-fleurs","11":"product_tag-floral-fr","12":"product_tag-printemps-fr","14":"first","15":"instock","16":"taxable","17":"shipping-taxable","18":"purchasable","19":"product-type-variable","20":"has-default-attributes"},"acf":[],"_links":{"self":[{"href":"https:\/\/www.muralunique.com\/fr\/wp-json\/wp\/v2\/product\/75384","targetHints":{"allow":["GET"]}}],"collection":[{"href":"https:\/\/www.muralunique.com\/fr\/wp-json\/wp\/v2\/product"}],"about":[{"href":"https:\/\/www.muralunique.com\/fr\/wp-json\/wp\/v2\/types\/product"}],"wp:featuredmedia":[{"embeddable":true,"href":"https:\/\/www.muralunique.com\/fr\/wp-json\/wp\/v2\/media\/75381"}],"wp:attachment":[{"href":"https:\/\/www.muralunique.com\/fr\/wp-json\/wp\/v2\/media?parent=75384"}],"wp:term":[{"taxonomy":"product_brand","embeddable":true,"href":"https:\/\/www.muralunique.com\/fr\/wp-json\/wp\/v2\/product_brand?post=75384"},{"taxonomy":"product_cat","embeddable":true,"href":"https:\/\/www.muralunique.com\/fr\/wp-json\/wp\/v2\/product_cat?post=75384"},{"taxonomy":"product_tag","embeddable":true,"href":"https:\/\/www.muralunique.com\/fr\/wp-json\/wp\/v2\/product_tag?post=75384"}],"curies":[{"name":"wp","href":"https:\/\/api.w.org\/{rel}","templated":true}]}}