{"id":7554,"date":"2015-06-01T12:59:20","date_gmt":"2015-06-01T12:59:20","guid":{"rendered":"https:\/\/muralunique.com\/?post_type=product&#038;p=7554"},"modified":"2025-10-23T12:46:07","modified_gmt":"2025-10-23T16:46:07","slug":"bois-antique","status":"publish","type":"product","link":"https:\/\/www.muralunique.com\/fr\/produit\/bois-antique\/","title":{"rendered":"Bois Antique"},"content":{"rendered":"<p>-Murale en papier peint d&#8217;un mur de bois antique. La qualit\u00e9 (r\u00e9solution) de cette image est exceptionnelle (700\u00a0M\u00e9gaPixels).\u00a0Le bois est un \u00e9l\u00e9ment \u00e0 prioriser lorsque vous souhaitez cr\u00e9er un environnement chaleureux dans une pi\u00e8ce.\u00a0<span style=\"white-space: pre-wrap;\">Cette murale en bois antique est un \u00e9l\u00e9ment de d\u00e9coration facile \u00e0 installer qui donnera du cachet \u00e0 votre int\u00e9rieur. <\/span><\/p>\n<p><strong>-Cette murale peut \u00eatre r\u00e9p\u00e9t\u00e9e horizontalement.<\/strong><\/p>\n<p>-La murale comprend des laizes de 18&#8243; (45cm) de largeur. Par exemple, une murale de 6&#8242; (1,83m) de largeur a 4 laizes et une murale de 12&#8242; (3,66m) de largeur a 8 laizes.<\/p>\n<p>-Murale en papier\u00a0peint pr\u00e9encoll\u00e9e, lavable, s&#8217;enl\u00e8ve \u00e0 sec et r\u00e9utilisable. Facile \u00e0 installer, se pose comme du papier\u00a0peint (tapisserie).<\/p>\n<p>-Photographie de Donn Petelka. Vous pouvez obtenir plus d&#8217;informations \u00e0 cette adresse:\u00a0<u><a style=\"color: #1155cc; font-family: verdana, sans-serif; font-size: large;\" href=\"mailto:donnpetelka@gmail.com\" target=\"_blank\" rel=\"noopener noreferrer\">donnpetelka@gmail.com<\/a><\/u>.<\/p>\n<p>-murale de bois antique, murale en papier peint de bois antique, tapisserie bois antique, papier peint bois antique, murale imitation bois<\/p>\n","protected":false},"excerpt":{"rendered":"<p>-Murale en papier peint d&#8217;un mur de bois antique. La qualit\u00e9 (r\u00e9solution) de cette image est exceptionnelle (700\u00a0M\u00e9gaPixels).\u00a0Le bois est un \u00e9l\u00e9ment \u00e0 prioriser lorsque vous souhaitez cr\u00e9er un environnement chaleureux dans une pi\u00e8ce.\u00a0Cette murale en bois antique est un \u00e9l\u00e9ment de d\u00e9coration facile \u00e0 installer qui donnera du cachet \u00e0 votre int\u00e9rieur. -Cette murale [&hellip;]<\/p>\n","protected":false},"featured_media":40582,"template":"","meta":{"_acf_changed":false},"product_brand":[197],"product_cat":[10434,367,169,401,427],"product_tag":[8771,9538,9515,9283,9449,9483,9482,9485,9234],"class_list":{"0":"post-7554","1":"product","2":"type-product","3":"status-publish","4":"has-post-thumbnail","6":"artist-donn-petelka-fr","7":"product_brand-donn-petelka-2","8":"product_cat-images-panoramiques","9":"product_cat-murales-en-r-p-tition","10":"product_cat-textures-2","11":"product_cat-tous-nos-produits","12":"product_cat-ultra-haute-d-finition-photos","13":"product_tag-antique-fr","14":"product_tag-bois","15":"product_tag-mur","16":"product_tag-planches","17":"product_tag-textures","18":"product_tag-trompe-l-oeil","19":"product_tag-trompe-loeil","20":"product_tag-trompe-oeil-fr","21":"product_tag-vieux","23":"first","24":"instock","25":"taxable","26":"shipping-taxable","27":"purchasable","28":"product-type-variable","29":"has-default-attributes"},"acf":[],"_links":{"self":[{"href":"https:\/\/www.muralunique.com\/fr\/wp-json\/wp\/v2\/product\/7554","targetHints":{"allow":["GET"]}}],"collection":[{"href":"https:\/\/www.muralunique.com\/fr\/wp-json\/wp\/v2\/product"}],"about":[{"href":"https:\/\/www.muralunique.com\/fr\/wp-json\/wp\/v2\/types\/product"}],"wp:featuredmedia":[{"embeddable":true,"href":"https:\/\/www.muralunique.com\/fr\/wp-json\/wp\/v2\/media\/40582"}],"wp:attachment":[{"href":"https:\/\/www.muralunique.com\/fr\/wp-json\/wp\/v2\/media?parent=7554"}],"wp:term":[{"taxonomy":"product_brand","embeddable":true,"href":"https:\/\/www.muralunique.com\/fr\/wp-json\/wp\/v2\/product_brand?post=7554"},{"taxonomy":"product_cat","embeddable":true,"href":"https:\/\/www.muralunique.com\/fr\/wp-json\/wp\/v2\/product_cat?post=7554"},{"taxonomy":"product_tag","embeddable":true,"href":"https:\/\/www.muralunique.com\/fr\/wp-json\/wp\/v2\/product_tag?post=7554"}],"curies":[{"name":"wp","href":"https:\/\/api.w.org\/{rel}","templated":true}]}}