{"id":75601,"date":"2023-03-07T16:30:43","date_gmt":"2023-03-07T21:30:43","guid":{"rendered":"https:\/\/www.muralunique.com\/?post_type=product&#038;p=75601"},"modified":"2023-05-09T18:59:24","modified_gmt":"2023-05-09T22:59:24","slug":"herbes-blanches","status":"publish","type":"product","link":"https:\/\/www.muralunique.com\/fr\/produit\/herbes-blanches\/","title":{"rendered":"Herbes Blanches"},"content":{"rendered":"<p>-Murale en papier peint d&#8217;un plan rapproch\u00e9 d&#8217;herbes blanches balay\u00e9es par le vent. Une murale qui convient aussi bien \u00e0 un d\u00e9cor sophistiqu\u00e9 et \u00e9l\u00e9gant qu&#8217;\u00e0 un d\u00e9cor simple et rustique.<\/p>\n<p>-La murale comprend des laizes de 18\u2033 (45cm) de largeur. Par exemple, une murale de 6\u2032 (1,83m) de largeur a 4 laizes et une murale de 12\u2032 (3,66m) de largeur a 8 laizes.<\/p>\n<p>-Murale en papier\u00a0peint pr\u00e9encoll\u00e9e, lavable, s\u2019enl\u00e8ve \u00e0 sec et r\u00e9utilisable. Facile \u00e0 installer, se pose comme du papier\u00a0peint (tapisserie).<\/p>\n<p>-murale herbes blanches, tapisserie herbes blanches, tapisserie murale herbes blanches, murale en papier peint herbes blanches, murale de feuillage, tapisserie de feuillage<\/p>\n","protected":false},"excerpt":{"rendered":"<p>-Murale en papier peint d&#8217;un plan rapproch\u00e9 d&#8217;herbes blanches balay\u00e9es par le vent. Une murale qui convient aussi bien \u00e0 un d\u00e9cor sophistiqu\u00e9 et \u00e9l\u00e9gant qu&#8217;\u00e0 un d\u00e9cor simple et rustique. -La murale comprend des laizes de 18\u2033 (45cm) de largeur. Par exemple, une murale de 6\u2032 (1,83m) de largeur a 4 laizes et une [&hellip;]<\/p>\n","protected":false},"featured_media":75599,"template":"","meta":{"_acf_changed":false},"product_brand":[],"product_cat":[150,305,401],"product_tag":[9014,9063,9078,10065,10135,9167,8905,10034,10035,9413,9414],"class_list":{"0":"post-75601","1":"product","2":"type-product","3":"status-publish","4":"has-post-thumbnail","6":"product_cat-fleurs-et-feuillages","7":"product_cat-produits-vedettes","8":"product_cat-tous-nos-produits","9":"product_tag-feuillage","10":"product_tag-gazon","11":"product_tag-herbe","12":"product_tag-herbes","13":"product_tag-herbes-fr","14":"product_tag-macro-fr","15":"product_tag-plan-rapproche","16":"product_tag-roseau","17":"product_tag-roseaux","18":"product_tag-tige","19":"product_tag-tiges","21":"first","22":"instock","23":"taxable","24":"shipping-taxable","25":"purchasable","26":"product-type-variable","27":"has-default-attributes"},"acf":[],"_links":{"self":[{"href":"https:\/\/www.muralunique.com\/fr\/wp-json\/wp\/v2\/product\/75601","targetHints":{"allow":["GET"]}}],"collection":[{"href":"https:\/\/www.muralunique.com\/fr\/wp-json\/wp\/v2\/product"}],"about":[{"href":"https:\/\/www.muralunique.com\/fr\/wp-json\/wp\/v2\/types\/product"}],"wp:featuredmedia":[{"embeddable":true,"href":"https:\/\/www.muralunique.com\/fr\/wp-json\/wp\/v2\/media\/75599"}],"wp:attachment":[{"href":"https:\/\/www.muralunique.com\/fr\/wp-json\/wp\/v2\/media?parent=75601"}],"wp:term":[{"taxonomy":"product_brand","embeddable":true,"href":"https:\/\/www.muralunique.com\/fr\/wp-json\/wp\/v2\/product_brand?post=75601"},{"taxonomy":"product_cat","embeddable":true,"href":"https:\/\/www.muralunique.com\/fr\/wp-json\/wp\/v2\/product_cat?post=75601"},{"taxonomy":"product_tag","embeddable":true,"href":"https:\/\/www.muralunique.com\/fr\/wp-json\/wp\/v2\/product_tag?post=75601"}],"curies":[{"name":"wp","href":"https:\/\/api.w.org\/{rel}","templated":true}]}}