{"id":75714,"date":"2023-03-09T12:25:32","date_gmt":"2023-03-09T17:25:32","guid":{"rendered":"https:\/\/www.muralunique.com\/?post_type=product&#038;p=75714"},"modified":"2025-09-30T16:18:04","modified_gmt":"2025-09-30T20:18:04","slug":"riviere-tranquille-en-automne","status":"publish","type":"product","link":"https:\/\/www.muralunique.com\/fr\/produit\/riviere-tranquille-en-automne\/","title":{"rendered":"Rivi\u00e8re Tranquille en Automne"},"content":{"rendered":"<p>-Tapisserie murale d&#8217;une petite rivi\u00e8ve paisible au milieu d&#8217;une for\u00eat. Ce paysage d&#8217;automne respire la beaut\u00e9 et tranquilit\u00e9 de la nature. Un \u00e9l\u00e9ment d\u00e9co parfait pour vos murs pour cr\u00e9er une atmosph\u00e8re zen et paisible.<\/p>\n<p>-La murale comprend des laizes de 18\u2033 (45cm) de largeur. Par exemple, une murale de 6\u2032 (1,83m) de largeur a 4 laizes et une murale de 12\u2032 (3,66m) de largeur a 8 laizes.<\/p>\n<p>-Murale en papier\u00a0peint pr\u00e9encoll\u00e9e, lavable, s\u2019enl\u00e8ve \u00e0 sec et r\u00e9utilisable. Facile \u00e0 installer, se pose comme du papier\u00a0peint (tapisserie).<\/p>\n<p>-murale rivi\u00e8re tranquille en automne, murale en papier peint rivi\u00e8re tranquille en automne, tapisserie rivi\u00e8re tranquille en automne, papier peint rivi\u00e8re tranquille en automne<\/p>\n","protected":false},"excerpt":{"rendered":"<p>-Tapisserie murale d&#8217;une petite rivi\u00e8ve paisible au milieu d&#8217;une for\u00eat. Ce paysage d&#8217;automne respire la beaut\u00e9 et tranquilit\u00e9 de la nature. Un \u00e9l\u00e9ment d\u00e9co parfait pour vos murs pour cr\u00e9er une atmosph\u00e8re zen et paisible. -La murale comprend des laizes de 18\u2033 (45cm) de largeur. Par exemple, une murale de 6\u2032 (1,83m) de largeur a [&hellip;]<\/p>\n","protected":false},"featured_media":75713,"template":"","meta":{"_acf_changed":false},"product_brand":[],"product_cat":[153,141,401],"product_tag":[9478,8979,8788,9517,9019,9219,9137,9330],"class_list":{"0":"post-75714","1":"product","2":"type-product","3":"status-publish","4":"has-post-thumbnail","6":"product_cat-eau-et-plages","7":"product_cat-nature-et-paysages","8":"product_cat-tous-nos-produits","9":"product_tag-arbres","10":"product_tag-automne-fr","11":"product_tag-automne","12":"product_tag-eau","13":"product_tag-foret","14":"product_tag-nature-fr","15":"product_tag-paysage","16":"product_tag-riviere","18":"first","19":"instock","20":"taxable","21":"shipping-taxable","22":"purchasable","23":"product-type-variable","24":"has-default-attributes"},"acf":[],"_links":{"self":[{"href":"https:\/\/www.muralunique.com\/fr\/wp-json\/wp\/v2\/product\/75714","targetHints":{"allow":["GET"]}}],"collection":[{"href":"https:\/\/www.muralunique.com\/fr\/wp-json\/wp\/v2\/product"}],"about":[{"href":"https:\/\/www.muralunique.com\/fr\/wp-json\/wp\/v2\/types\/product"}],"wp:featuredmedia":[{"embeddable":true,"href":"https:\/\/www.muralunique.com\/fr\/wp-json\/wp\/v2\/media\/75713"}],"wp:attachment":[{"href":"https:\/\/www.muralunique.com\/fr\/wp-json\/wp\/v2\/media?parent=75714"}],"wp:term":[{"taxonomy":"product_brand","embeddable":true,"href":"https:\/\/www.muralunique.com\/fr\/wp-json\/wp\/v2\/product_brand?post=75714"},{"taxonomy":"product_cat","embeddable":true,"href":"https:\/\/www.muralunique.com\/fr\/wp-json\/wp\/v2\/product_cat?post=75714"},{"taxonomy":"product_tag","embeddable":true,"href":"https:\/\/www.muralunique.com\/fr\/wp-json\/wp\/v2\/product_tag?post=75714"}],"curies":[{"name":"wp","href":"https:\/\/api.w.org\/{rel}","templated":true}]}}