{"id":75759,"date":"2023-03-09T16:12:05","date_gmt":"2023-03-09T21:12:05","guid":{"rendered":"https:\/\/www.muralunique.com\/?post_type=product&#038;p=75759"},"modified":"2023-03-13T17:41:01","modified_gmt":"2023-03-13T21:41:01","slug":"sous-les-feuilles-de-palmiers-en-bleu","status":"publish","type":"product","link":"https:\/\/www.muralunique.com\/fr\/produit\/sous-les-feuilles-de-palmiers-en-bleu\/","title":{"rendered":"Sous les Feuilles de Palmiers en Bleu"},"content":{"rendered":"<p>-Murale dans les tons de bleu de feuilles de palmiers. Une murale tr\u00e8s int\u00e9ressante pour cr\u00e9er un mur d&#8217;accent vivant, original et color\u00e9. Une bonne id\u00e9e d\u00e9co pour n&#8217;importe quelle pi\u00e8ce de votre int\u00e9rieur.<\/p>\n<p>-La murale comprend des laizes de 18\u2033 (45cm) de largeur. Par exemple, une murale de 6\u2032 (1,83m) de largeur a 4 laizes et une murale de 12\u2032 (3,66m) de largeur a 8 laizes.<\/p>\n<p>-Murale en papier\u00a0peint pr\u00e9encoll\u00e9e, lavable, s\u2019enl\u00e8ve \u00e0 sec et r\u00e9utilisable. Facile \u00e0 installer, se pose comme du papier\u00a0peint (tapisserie).<\/p>\n<p>-murale sous les feuilles de palmiers en bleu, tapisserie sous les feuilles de palmiers en bleu, papier peint sous les feuilles de palmiers en bleu, murale de feuillage, tapisserie feuillage<\/p>\n","protected":false},"excerpt":{"rendered":"<p>-Murale dans les tons de bleu de feuilles de palmiers. Une murale tr\u00e8s int\u00e9ressante pour cr\u00e9er un mur d&#8217;accent vivant, original et color\u00e9. Une bonne id\u00e9e d\u00e9co pour n&#8217;importe quelle pi\u00e8ce de votre int\u00e9rieur. -La murale comprend des laizes de 18\u2033 (45cm) de largeur. Par exemple, une murale de 6\u2032 (1,83m) de largeur a 4 [&hellip;]<\/p>\n","protected":false},"featured_media":75897,"template":"","meta":{"_acf_changed":false},"product_brand":[],"product_cat":[150,401],"product_tag":[8970,9014,9567,9702,9486],"class_list":{"0":"post-75759","1":"product","2":"type-product","3":"status-publish","4":"has-post-thumbnail","6":"product_cat-fleurs-et-feuillages","7":"product_cat-tous-nos-produits","8":"product_tag-exotique","9":"product_tag-feuillage","10":"product_tag-feuilles-de-palmier","11":"product_tag-palmier","12":"product_tag-tropical-fr","14":"first","15":"instock","16":"taxable","17":"shipping-taxable","18":"purchasable","19":"product-type-variable","20":"has-default-attributes"},"acf":[],"_links":{"self":[{"href":"https:\/\/www.muralunique.com\/fr\/wp-json\/wp\/v2\/product\/75759","targetHints":{"allow":["GET"]}}],"collection":[{"href":"https:\/\/www.muralunique.com\/fr\/wp-json\/wp\/v2\/product"}],"about":[{"href":"https:\/\/www.muralunique.com\/fr\/wp-json\/wp\/v2\/types\/product"}],"wp:featuredmedia":[{"embeddable":true,"href":"https:\/\/www.muralunique.com\/fr\/wp-json\/wp\/v2\/media\/75897"}],"wp:attachment":[{"href":"https:\/\/www.muralunique.com\/fr\/wp-json\/wp\/v2\/media?parent=75759"}],"wp:term":[{"taxonomy":"product_brand","embeddable":true,"href":"https:\/\/www.muralunique.com\/fr\/wp-json\/wp\/v2\/product_brand?post=75759"},{"taxonomy":"product_cat","embeddable":true,"href":"https:\/\/www.muralunique.com\/fr\/wp-json\/wp\/v2\/product_cat?post=75759"},{"taxonomy":"product_tag","embeddable":true,"href":"https:\/\/www.muralunique.com\/fr\/wp-json\/wp\/v2\/product_tag?post=75759"}],"curies":[{"name":"wp","href":"https:\/\/api.w.org\/{rel}","templated":true}]}}