{"id":76022,"date":"2023-03-14T11:26:53","date_gmt":"2023-03-14T15:26:53","guid":{"rendered":"https:\/\/www.muralunique.com\/?post_type=product&#038;p=76022"},"modified":"2023-08-04T11:01:59","modified_gmt":"2023-08-04T15:01:59","slug":"briques-de-marbre-beige","status":"publish","type":"product","link":"https:\/\/www.muralunique.com\/fr\/produit\/briques-de-marbre-beige\/","title":{"rendered":"Briques de Marbre Beige"},"content":{"rendered":"<p>-Murale en papier peint de briques de marbre beige. Avec cette murale de texture de marble vous donnerez un look \u00e9l\u00e9gant et styl\u00e9 \u00e0 votre int\u00e9rieur. Moins dispendieux, plus facile \u00e0 installer et enlever que du vrai marbre. La qualit\u00e9 (r\u00e9solution) de cette image est exceptionnelle.<\/p>\n<p>-La murale comprend des laizes de 18\u2033 (45cm) de largeur. Par exemple, une murale de 6\u2032 (1,83m) de largeur a 4 laizes et une murale de 12\u2032 (3,66m) de largeur a 8 laizes.<\/p>\n<p>-Murale en papier\u00a0peint pr\u00e9encoll\u00e9e, lavable, s\u2019enl\u00e8ve \u00e0 sec et r\u00e9utilisable. Facile \u00e0 installer, se pose comme du papier\u00a0peint (tapisserie).<\/p>\n<p>-Photographie de Donn Petelka. Vous pouvez obtenir plus d\u2019informations \u00e0 cette adresse:\u00a0<a href=\"mailto:donnpetelka@gmail.com\" target=\"_blank\" rel=\"noopener noreferrer\">donnpetelka@gmail.com<\/a>.<\/p>\n<p>-murale briques de marbre beige, murale en papier peint briques de marbre beige, tapisserie briques de marbre beige, tapisserie murale briques de marbre beige, murale de texture<\/p>\n<p>&nbsp;<\/p>\n","protected":false},"excerpt":{"rendered":"<p>-Murale en papier peint de briques de marbre beige. Avec cette murale de texture de marble vous donnerez un look \u00e9l\u00e9gant et styl\u00e9 \u00e0 votre int\u00e9rieur. Moins dispendieux, plus facile \u00e0 installer et enlever que du vrai marbre. La qualit\u00e9 (r\u00e9solution) de cette image est exceptionnelle. -La murale comprend des laizes de 18\u2033 (45cm) de [&hellip;]<\/p>\n","protected":false},"featured_media":88714,"template":"","meta":{"_acf_changed":false},"product_brand":[],"product_cat":[169,401],"product_tag":[8846,8847,9174,9447,9448,9449],"class_list":{"0":"post-76022","1":"product","2":"type-product","3":"status-publish","4":"has-post-thumbnail","6":"artist-donn-petelka-fr","7":"product_cat-textures-2","8":"product_cat-tous-nos-produits","9":"product_tag-brique","10":"product_tag-briques","11":"product_tag-marbre","12":"product_tag-texture-fr","13":"product_tag-texture-fr-2","14":"product_tag-textures","16":"first","17":"instock","18":"taxable","19":"shipping-taxable","20":"purchasable","21":"product-type-variable","22":"has-default-attributes"},"acf":[],"_links":{"self":[{"href":"https:\/\/www.muralunique.com\/fr\/wp-json\/wp\/v2\/product\/76022","targetHints":{"allow":["GET"]}}],"collection":[{"href":"https:\/\/www.muralunique.com\/fr\/wp-json\/wp\/v2\/product"}],"about":[{"href":"https:\/\/www.muralunique.com\/fr\/wp-json\/wp\/v2\/types\/product"}],"wp:featuredmedia":[{"embeddable":true,"href":"https:\/\/www.muralunique.com\/fr\/wp-json\/wp\/v2\/media\/88714"}],"wp:attachment":[{"href":"https:\/\/www.muralunique.com\/fr\/wp-json\/wp\/v2\/media?parent=76022"}],"wp:term":[{"taxonomy":"product_brand","embeddable":true,"href":"https:\/\/www.muralunique.com\/fr\/wp-json\/wp\/v2\/product_brand?post=76022"},{"taxonomy":"product_cat","embeddable":true,"href":"https:\/\/www.muralunique.com\/fr\/wp-json\/wp\/v2\/product_cat?post=76022"},{"taxonomy":"product_tag","embeddable":true,"href":"https:\/\/www.muralunique.com\/fr\/wp-json\/wp\/v2\/product_tag?post=76022"}],"curies":[{"name":"wp","href":"https:\/\/api.w.org\/{rel}","templated":true}]}}