{"id":76111,"date":"2023-03-15T13:08:34","date_gmt":"2023-03-15T17:08:34","guid":{"rendered":"https:\/\/www.muralunique.com\/?post_type=product&#038;p=76111"},"modified":"2023-05-08T17:32:52","modified_gmt":"2023-05-08T21:32:52","slug":"tasseaux-de-bois-de-couleur-naturelle","status":"publish","type":"product","link":"https:\/\/www.muralunique.com\/fr\/produit\/tasseaux-de-bois-de-couleur-naturelle\/","title":{"rendered":"Tasseaux de Bois de Couleur Naturelle"},"content":{"rendered":"<p>-Murale d&#8217;un mur de tasseaux de bois de couleur naturelle. Une bonne id\u00e9e d\u00e9co pour cr\u00e9er un mur d&#8217;accent en un clin d&#8217;oeil sans \u00e0 avoir \u00e0 utiliser du v\u00e9ritable bois. Disponible en diff\u00e9rentes couleurs, cette murale convient aussi bien \u00e0 un mur de salon, de salle \u00e0 manger, de chambre \u00e0 coucher ou de salle de bain.<\/p>\n<p>-La murale comprend des laizes de 18\u2033 (45cm) de largeur. Par exemple, une murale de 6\u2032 (1,83m) de largeur a 4 laizes et une murale de 12\u2032 (3,66m) de largeur a 8 laizes.<\/p>\n<p>-Murale en papier\u00a0peint pr\u00e9encoll\u00e9e, lavable, s\u2019enl\u00e8ve \u00e0 sec et r\u00e9utilisable. Facile \u00e0 installer, se pose comme du papier\u00a0peint (tapisserie).<\/p>\n<p>-murale tasseaux de bois de couleur naturelle, murale en papier peint tasseaux de bois de couleur naturelle, tapisserie tasseaux de bois de couleur naturelle<\/p>\n","protected":false},"excerpt":{"rendered":"<p>-Murale d&#8217;un mur de tasseaux de bois de couleur naturelle. Une bonne id\u00e9e d\u00e9co pour cr\u00e9er un mur d&#8217;accent en un clin d&#8217;oeil sans \u00e0 avoir \u00e0 utiliser du v\u00e9ritable bois. Disponible en diff\u00e9rentes couleurs, cette murale convient aussi bien \u00e0 un mur de salon, de salle \u00e0 manger, de chambre \u00e0 coucher ou de [&hellip;]<\/p>\n","protected":false},"featured_media":89825,"template":"","meta":{"_acf_changed":false},"product_brand":[],"product_cat":[305,169,401,163],"product_tag":[10063,10064,9538,9539,9447,9448,9449,9483,9482,9485],"class_list":{"0":"post-76111","1":"product","2":"type-product","3":"status-publish","4":"has-post-thumbnail","6":"product_cat-produits-vedettes","7":"product_cat-textures-2","8":"product_cat-tous-nos-produits","9":"product_cat-trompe-loeil","10":"product_tag-barrotin","11":"product_tag-barrotins","12":"product_tag-bois","13":"product_tag-en-bois","14":"product_tag-texture-fr","15":"product_tag-texture-fr-2","16":"product_tag-textures","17":"product_tag-trompe-l-oeil","18":"product_tag-trompe-loeil","19":"product_tag-trompe-oeil-fr","21":"first","22":"instock","23":"taxable","24":"shipping-taxable","25":"purchasable","26":"product-type-variable","27":"has-default-attributes"},"acf":[],"_links":{"self":[{"href":"https:\/\/www.muralunique.com\/fr\/wp-json\/wp\/v2\/product\/76111","targetHints":{"allow":["GET"]}}],"collection":[{"href":"https:\/\/www.muralunique.com\/fr\/wp-json\/wp\/v2\/product"}],"about":[{"href":"https:\/\/www.muralunique.com\/fr\/wp-json\/wp\/v2\/types\/product"}],"wp:featuredmedia":[{"embeddable":true,"href":"https:\/\/www.muralunique.com\/fr\/wp-json\/wp\/v2\/media\/89825"}],"wp:attachment":[{"href":"https:\/\/www.muralunique.com\/fr\/wp-json\/wp\/v2\/media?parent=76111"}],"wp:term":[{"taxonomy":"product_brand","embeddable":true,"href":"https:\/\/www.muralunique.com\/fr\/wp-json\/wp\/v2\/product_brand?post=76111"},{"taxonomy":"product_cat","embeddable":true,"href":"https:\/\/www.muralunique.com\/fr\/wp-json\/wp\/v2\/product_cat?post=76111"},{"taxonomy":"product_tag","embeddable":true,"href":"https:\/\/www.muralunique.com\/fr\/wp-json\/wp\/v2\/product_tag?post=76111"}],"curies":[{"name":"wp","href":"https:\/\/api.w.org\/{rel}","templated":true}]}}