{"id":7618,"date":"2015-06-05T13:53:55","date_gmt":"2015-06-05T13:53:55","guid":{"rendered":"https:\/\/muralunique.com\/?post_type=product&#038;p=7618"},"modified":"2021-07-30T13:31:55","modified_gmt":"2021-07-30T17:31:55","slug":"carte-de-lamerique-du-nord-version-anglaise","status":"publish","type":"product","link":"https:\/\/www.muralunique.com\/fr\/produit\/carte-de-lamerique-du-nord-version-anglaise\/","title":{"rendered":"Carte de l&#8217;Am\u00e9rique du Nord (Version Anglaise)"},"content":{"rendered":"<p>-Murale en papier\u00a0peint de la carte g\u00e9ographique de l&#8217;Am\u00e9rique du Nord (en anglais).<\/p>\n<p>-La murale comprend des laizes de 18\u2033 (45cm) de largeur. Par exemple, une murale de 6\u2032 (1,83m) de largeur a 4 laizes et une murale de 12\u2032 (3,66m) de largeur a 8 laizes.<\/p>\n<p>-Murale en papier\u00a0peint pr\u00e9encoll\u00e9e, lavable, s\u2019enl\u00e8ve \u00e0 sec et r\u00e9utilisable. Facile \u00e0 installer, se pose comme du papier\u00a0peint (tapisserie).<\/p>\n<p>-Cette murale peut s&#8217;adapter \u00e0 un mur de 8&#8242; en coupant 3 pouces de blanc dans le haut et le bas.<\/p>\n<p>-murale carte de l&#8217;Am\u00e9rique du Nord, murale carte g\u00e9ographique, papier peint carte de l&#8217;Am\u00e9rique du Nord, papier peint carte g\u00e9ographique, tapisserie atlas<\/p>\n","protected":false},"excerpt":{"rendered":"<p>-Murale en papier\u00a0peint de la carte g\u00e9ographique de l&#8217;Am\u00e9rique du Nord (en anglais). -La murale comprend des laizes de 18\u2033 (45cm) de largeur. Par exemple, une murale de 6\u2032 (1,83m) de largeur a 4 laizes et une murale de 12\u2032 (3,66m) de largeur a 8 laizes. -Murale en papier\u00a0peint pr\u00e9encoll\u00e9e, lavable, s\u2019enl\u00e8ve \u00e0 sec et [&hellip;]<\/p>\n","protected":false},"featured_media":7619,"template":"","meta":{"_acf_changed":false},"product_brand":[203],"product_cat":[160,401,427],"product_tag":[8662,8714,8787,9171,8715,9172,8963,8962,9046,9045],"class_list":{"0":"post-7618","1":"product","2":"type-product","3":"status-publish","4":"has-post-thumbnail","6":"product_brand-muralunique-com","7":"product_cat-cartes-et-drapeaux","8":"product_cat-tous-nos-produits","9":"product_cat-ultra-haute-d-finition-photos","10":"product_tag-amerique","11":"product_tag-amerique-du-nord","12":"product_tag-atlas-fr","13":"product_tag-carte-fr","14":"product_tag-carte-amerique-du-nord","15":"product_tag-cartes","16":"product_tag-educatif","17":"product_tag-education-fr","18":"product_tag-geographie","19":"product_tag-geographique","21":"first","22":"instock","23":"taxable","24":"shipping-taxable","25":"purchasable","26":"product-type-variable","27":"has-default-attributes"},"acf":[],"_links":{"self":[{"href":"https:\/\/www.muralunique.com\/fr\/wp-json\/wp\/v2\/product\/7618","targetHints":{"allow":["GET"]}}],"collection":[{"href":"https:\/\/www.muralunique.com\/fr\/wp-json\/wp\/v2\/product"}],"about":[{"href":"https:\/\/www.muralunique.com\/fr\/wp-json\/wp\/v2\/types\/product"}],"wp:featuredmedia":[{"embeddable":true,"href":"https:\/\/www.muralunique.com\/fr\/wp-json\/wp\/v2\/media\/7619"}],"wp:attachment":[{"href":"https:\/\/www.muralunique.com\/fr\/wp-json\/wp\/v2\/media?parent=7618"}],"wp:term":[{"taxonomy":"product_brand","embeddable":true,"href":"https:\/\/www.muralunique.com\/fr\/wp-json\/wp\/v2\/product_brand?post=7618"},{"taxonomy":"product_cat","embeddable":true,"href":"https:\/\/www.muralunique.com\/fr\/wp-json\/wp\/v2\/product_cat?post=7618"},{"taxonomy":"product_tag","embeddable":true,"href":"https:\/\/www.muralunique.com\/fr\/wp-json\/wp\/v2\/product_tag?post=7618"}],"curies":[{"name":"wp","href":"https:\/\/api.w.org\/{rel}","templated":true}]}}