{"id":76212,"date":"2023-03-17T10:23:36","date_gmt":"2023-03-17T14:23:36","guid":{"rendered":"https:\/\/www.muralunique.com\/?post_type=product&#038;p=76212"},"modified":"2023-03-17T10:52:30","modified_gmt":"2023-03-17T14:52:30","slug":"marbre-gris-fume-dore-yanicko","status":"publish","type":"product","link":"https:\/\/www.muralunique.com\/fr\/produit\/marbre-gris-fume-dore-yanicko\/","title":{"rendered":"Marbre Gris Fum\u00e9 Dor\u00e9 Yanicko"},"content":{"rendered":"<p>-Murale d&#8217;un marbre dans les tons de gris et or. Un design original et \u00e9l\u00e9gant, parfait pour cr\u00e9er un mur d&#8217;accent chic et tendance. Une bonne id\u00e9e pour un mur de cuisine, de salle \u00e0 diner, de salon, de chambre \u00e0 coucher ou de une salle de bain.<\/p>\n<p>-La murale comprend des laizes de 18\u2033 (45cm) de largeur. Par exemple, une murale de 6\u2032 (1,83m) de largeur a 4 laizes et une murale de 12\u2032 (3,66m) de largeur a 8 laizes.<\/p>\n<p>-Murale en papier\u00a0peint pr\u00e9encoll\u00e9e, lavable, s\u2019enl\u00e8ve \u00e0 sec et r\u00e9utilisable. Facile \u00e0 installer, se pose comme du papier\u00a0peint (tapisserie).<\/p>\n<p>-murale marbre gris et or, murale en papier peint marbre gris et or, tapisserie murale marbre gris et or, papier peint marbre gris et or, murale en papier peint marbre gris fum\u00e9 dor\u00e9 yanicko<\/p>\n<p>&nbsp;<\/p>\n","protected":false},"excerpt":{"rendered":"<p>-Murale d&#8217;un marbre dans les tons de gris et or. Un design original et \u00e9l\u00e9gant, parfait pour cr\u00e9er un mur d&#8217;accent chic et tendance. Une bonne id\u00e9e pour un mur de cuisine, de salle \u00e0 diner, de salon, de chambre \u00e0 coucher ou de une salle de bain. -La murale comprend des laizes de 18\u2033 [&hellip;]<\/p>\n","protected":false},"featured_media":76210,"template":"","meta":{"_acf_changed":false},"product_brand":[],"product_cat":[305,169,401],"product_tag":[10068,10069,9985,9174,9780,9447,9448,9449],"class_list":{"0":"post-76212","1":"product","2":"type-product","3":"status-publish","4":"has-post-thumbnail","6":"product_cat-produits-vedettes","7":"product_cat-textures-2","8":"product_cat-tous-nos-produits","9":"product_tag-dore","10":"product_tag-fume","11":"product_tag-fumee","12":"product_tag-marbre","13":"product_tag-or","14":"product_tag-texture-fr","15":"product_tag-texture-fr-2","16":"product_tag-textures","18":"first","19":"instock","20":"taxable","21":"shipping-taxable","22":"purchasable","23":"product-type-variable","24":"has-default-attributes"},"acf":[],"_links":{"self":[{"href":"https:\/\/www.muralunique.com\/fr\/wp-json\/wp\/v2\/product\/76212","targetHints":{"allow":["GET"]}}],"collection":[{"href":"https:\/\/www.muralunique.com\/fr\/wp-json\/wp\/v2\/product"}],"about":[{"href":"https:\/\/www.muralunique.com\/fr\/wp-json\/wp\/v2\/types\/product"}],"wp:featuredmedia":[{"embeddable":true,"href":"https:\/\/www.muralunique.com\/fr\/wp-json\/wp\/v2\/media\/76210"}],"wp:attachment":[{"href":"https:\/\/www.muralunique.com\/fr\/wp-json\/wp\/v2\/media?parent=76212"}],"wp:term":[{"taxonomy":"product_brand","embeddable":true,"href":"https:\/\/www.muralunique.com\/fr\/wp-json\/wp\/v2\/product_brand?post=76212"},{"taxonomy":"product_cat","embeddable":true,"href":"https:\/\/www.muralunique.com\/fr\/wp-json\/wp\/v2\/product_cat?post=76212"},{"taxonomy":"product_tag","embeddable":true,"href":"https:\/\/www.muralunique.com\/fr\/wp-json\/wp\/v2\/product_tag?post=76212"}],"curies":[{"name":"wp","href":"https:\/\/api.w.org\/{rel}","templated":true}]}}