{"id":76259,"date":"2023-03-17T13:30:07","date_gmt":"2023-03-17T17:30:07","guid":{"rendered":"https:\/\/www.muralunique.com\/?post_type=product&#038;p=76259"},"modified":"2024-08-28T11:42:36","modified_gmt":"2024-08-28T15:42:36","slug":"mur-de-beton-gris","status":"publish","type":"product","link":"https:\/\/www.muralunique.com\/fr\/produit\/mur-de-beton-gris\/","title":{"rendered":"Mur de B\u00e9ton Gris"},"content":{"rendered":"<p>-Murale en papier peint d&#8217;une texture de b\u00e9ton gris. Une murale tendance et tr\u00e8s polyvalente qui peut \u00eatre facilement utilis\u00e9e dans tout type de d\u00e9cor. Que ce soit pour un d\u00e9cor moderne, classique ou rustique, cette murale en b\u00e9ton est parfaite pour cr\u00e9er un magnifique mur d&#8217;accent. La qualit\u00e9 (r\u00e9solution) de cette image est exceptionnelle (850 Mb).<\/p>\n<p>-La murale comprend des laizes de 18\u2033 (45cm) de largeur. Par exemple, une murale de 6\u2032 (1,83m) de largeur a 4 laizes et une murale de 12\u2032 (3,66m) de largeur a 8 laizes.<\/p>\n<p>-Murale en papier\u00a0peint pr\u00e9encoll\u00e9e, lavable, s\u2019enl\u00e8ve \u00e0 sec et r\u00e9utilisable. Facile \u00e0 installer, se pose comme du papier\u00a0peint (tapisserie).<\/p>\n<p>-Photographie de Donn Petelka. Vous pouvez obtenir plus d\u2019informations \u00e0 cette adresse:\u00a0<a href=\"mailto:donnpetelka@gmail.com\" target=\"_blank\" rel=\"noopener noreferrer\">donnpetelka@gmail.com<\/a>.<\/p>\n<p>-murale mur de b\u00e9ton gris, murale en papier peint mur de b\u00e9ton gris, tapisserie mur de b\u00e9ton gris, tapisserie murale mur de b\u00e9ton gris, papier peint mur de b\u00e9ton gris, murale de b\u00e9ton<\/p>\n","protected":false},"excerpt":{"rendered":"<p>-Murale en papier peint d&#8217;une texture de b\u00e9ton gris. Une murale tendance et tr\u00e8s polyvalente qui peut \u00eatre facilement utilis\u00e9e dans tout type de d\u00e9cor. Que ce soit pour un d\u00e9cor moderne, classique ou rustique, cette murale en b\u00e9ton est parfaite pour cr\u00e9er un magnifique mur d&#8217;accent. La qualit\u00e9 (r\u00e9solution) de cette image est exceptionnelle [&hellip;]<\/p>\n","protected":false},"featured_media":76258,"template":"","meta":{"_acf_changed":false},"product_brand":[],"product_cat":[10434,169,401],"product_tag":[8919,8882,9447,9448,9449],"class_list":{"0":"post-76259","1":"product","2":"type-product","3":"status-publish","4":"has-post-thumbnail","6":"artist-donn-petelka-fr","7":"product_cat-images-panoramiques","8":"product_cat-textures-2","9":"product_cat-tous-nos-produits","10":"product_tag-beton","11":"product_tag-ciment","12":"product_tag-texture-fr","13":"product_tag-texture-fr-2","14":"product_tag-textures","16":"first","17":"instock","18":"taxable","19":"shipping-taxable","20":"purchasable","21":"product-type-variable"},"acf":[],"_links":{"self":[{"href":"https:\/\/www.muralunique.com\/fr\/wp-json\/wp\/v2\/product\/76259","targetHints":{"allow":["GET"]}}],"collection":[{"href":"https:\/\/www.muralunique.com\/fr\/wp-json\/wp\/v2\/product"}],"about":[{"href":"https:\/\/www.muralunique.com\/fr\/wp-json\/wp\/v2\/types\/product"}],"wp:featuredmedia":[{"embeddable":true,"href":"https:\/\/www.muralunique.com\/fr\/wp-json\/wp\/v2\/media\/76258"}],"wp:attachment":[{"href":"https:\/\/www.muralunique.com\/fr\/wp-json\/wp\/v2\/media?parent=76259"}],"wp:term":[{"taxonomy":"product_brand","embeddable":true,"href":"https:\/\/www.muralunique.com\/fr\/wp-json\/wp\/v2\/product_brand?post=76259"},{"taxonomy":"product_cat","embeddable":true,"href":"https:\/\/www.muralunique.com\/fr\/wp-json\/wp\/v2\/product_cat?post=76259"},{"taxonomy":"product_tag","embeddable":true,"href":"https:\/\/www.muralunique.com\/fr\/wp-json\/wp\/v2\/product_tag?post=76259"}],"curies":[{"name":"wp","href":"https:\/\/api.w.org\/{rel}","templated":true}]}}