{"id":7632,"date":"2015-06-11T12:14:33","date_gmt":"2015-06-11T12:14:33","guid":{"rendered":"https:\/\/muralunique.com\/?post_type=product&#038;p=7632"},"modified":"2021-07-30T13:31:57","modified_gmt":"2021-07-30T17:31:57","slug":"hong-kong","status":"publish","type":"product","link":"https:\/\/www.muralunique.com\/fr\/produit\/hong-kong\/","title":{"rendered":"Hong Kong"},"content":{"rendered":"<p>-Photo murale en papier peint avec une magnifique vue de Hong Kong, Chine.<\/p>\n<p>-La murale comprend des laizes de 18&#8243; (45cm) de largeur. Par exemple, une murale de 6&#8242; (1,83m) de largeur a 4 laizes et une murale de 12&#8242; (3,66m) de largeur a 8 laizes.<\/p>\n<p>-Murale en papier\u00a0peint pr\u00e9encoll\u00e9e, lavable, s&#8217;enl\u00e8ve \u00e0 sec et r\u00e9utilisable. Facile \u00e0 installer, se pose comme du papier\u00a0peint (tapisserie).<\/p>\n<p>-murale Hong Kong, papier peint Hong Kong, tapisserie Hong Kong, murale ville, papier peint ville<\/p>\n","protected":false},"excerpt":{"rendered":"<p>-Photo murale en papier peint avec une magnifique vue de Hong Kong, Chine. -La murale comprend des laizes de 18&#8243; (45cm) de largeur. Par exemple, une murale de 6&#8242; (1,83m) de largeur a 4 laizes et une murale de 12&#8242; (3,66m) de largeur a 8 laizes. -Murale en papier\u00a0peint pr\u00e9encoll\u00e9e, lavable, s&#8217;enl\u00e8ve \u00e0 sec et [&hellip;]<\/p>\n","protected":false},"featured_media":7633,"template":"","meta":{"_acf_changed":false},"product_brand":[203],"product_cat":[166,401],"product_tag":[8784,8783,8896,8921,9382,9381,9227,8902,9500,8901],"class_list":{"0":"post-7632","1":"product","2":"type-product","3":"status-publish","4":"has-post-thumbnail","6":"product_brand-muralunique-com","7":"product_cat-scenes-urbaines-villes","8":"product_cat-tous-nos-produits","9":"product_tag-asiatique","10":"product_tag-asie","11":"product_tag-chine","12":"product_tag-contemporain","13":"product_tag-grattes-ciels","14":"product_tag-horizon","15":"product_tag-nuit","16":"product_tag-paysage-urbain","17":"product_tag-urbain","18":"product_tag-ville","20":"first","21":"instock","22":"taxable","23":"shipping-taxable","24":"purchasable","25":"product-type-variable","26":"has-default-attributes"},"acf":[],"_links":{"self":[{"href":"https:\/\/www.muralunique.com\/fr\/wp-json\/wp\/v2\/product\/7632","targetHints":{"allow":["GET"]}}],"collection":[{"href":"https:\/\/www.muralunique.com\/fr\/wp-json\/wp\/v2\/product"}],"about":[{"href":"https:\/\/www.muralunique.com\/fr\/wp-json\/wp\/v2\/types\/product"}],"wp:featuredmedia":[{"embeddable":true,"href":"https:\/\/www.muralunique.com\/fr\/wp-json\/wp\/v2\/media\/7633"}],"wp:attachment":[{"href":"https:\/\/www.muralunique.com\/fr\/wp-json\/wp\/v2\/media?parent=7632"}],"wp:term":[{"taxonomy":"product_brand","embeddable":true,"href":"https:\/\/www.muralunique.com\/fr\/wp-json\/wp\/v2\/product_brand?post=7632"},{"taxonomy":"product_cat","embeddable":true,"href":"https:\/\/www.muralunique.com\/fr\/wp-json\/wp\/v2\/product_cat?post=7632"},{"taxonomy":"product_tag","embeddable":true,"href":"https:\/\/www.muralunique.com\/fr\/wp-json\/wp\/v2\/product_tag?post=7632"}],"curies":[{"name":"wp","href":"https:\/\/api.w.org\/{rel}","templated":true}]}}