{"id":7638,"date":"2015-06-11T13:01:07","date_gmt":"2015-06-11T13:01:07","guid":{"rendered":"https:\/\/muralunique.com\/?post_type=product&#038;p=7638"},"modified":"2021-07-30T13:32:00","modified_gmt":"2021-07-30T17:32:00","slug":"toscane","status":"publish","type":"product","link":"https:\/\/www.muralunique.com\/fr\/produit\/toscane\/","title":{"rendered":"Toscane"},"content":{"rendered":"<p>-Murale en papier\u00a0peint d&#8217;un paysage paisible de Toscane, Italie.<\/p>\n<p>-La murale comprend des laizes de 18\u2033 (45cm) de largeur. Par exemple, une murale de 6\u2032 (1,83m) de largeur a 4 laizes et une murale de 12\u2032 (3,66m) de largeur a 8 laizes.<\/p>\n<p>-Murale en papier\u00a0peint pr\u00e9encoll\u00e9e, lavable, s\u2019enl\u00e8ve \u00e0 sec et r\u00e9utilisable. Facile \u00e0 installer, se pose comme du papier\u00a0peint (tapisserie).<\/p>\n<p>-murale Toscane, photo murale Toscane, murale en papier peint Toscane, tapisserie murale Toscane, papier peint Toscane<\/p>\n","protected":false},"excerpt":{"rendered":"<p>-Murale en papier\u00a0peint d&#8217;un paysage paisible de Toscane, Italie. -La murale comprend des laizes de 18\u2033 (45cm) de largeur. Par exemple, une murale de 6\u2032 (1,83m) de largeur a 4 laizes et une murale de 12\u2032 (3,66m) de largeur a 8 laizes. -Murale en papier\u00a0peint pr\u00e9encoll\u00e9e, lavable, s\u2019enl\u00e8ve \u00e0 sec et r\u00e9utilisable. Facile \u00e0 installer, [&hellip;]<\/p>\n","protected":false},"featured_media":31686,"template":"","meta":{"_acf_changed":false},"product_brand":[203],"product_cat":[141,401],"product_tag":[8864,8926,9115,9219,9261,9137,9467,8739],"class_list":{"0":"post-7638","1":"product","2":"type-product","3":"status-publish","4":"has-post-thumbnail","6":"product_brand-muralunique-com","7":"product_cat-nature-et-paysages","8":"product_cat-tous-nos-produits","9":"product_tag-calme","10":"product_tag-campagne","11":"product_tag-italie","12":"product_tag-nature-fr","13":"product_tag-paisible","14":"product_tag-paysage","15":"product_tag-tranquilite","16":"product_tag-tuscane","18":"first","19":"instock","20":"taxable","21":"shipping-taxable","22":"purchasable","23":"product-type-variable","24":"has-default-attributes"},"acf":[],"_links":{"self":[{"href":"https:\/\/www.muralunique.com\/fr\/wp-json\/wp\/v2\/product\/7638","targetHints":{"allow":["GET"]}}],"collection":[{"href":"https:\/\/www.muralunique.com\/fr\/wp-json\/wp\/v2\/product"}],"about":[{"href":"https:\/\/www.muralunique.com\/fr\/wp-json\/wp\/v2\/types\/product"}],"wp:featuredmedia":[{"embeddable":true,"href":"https:\/\/www.muralunique.com\/fr\/wp-json\/wp\/v2\/media\/31686"}],"wp:attachment":[{"href":"https:\/\/www.muralunique.com\/fr\/wp-json\/wp\/v2\/media?parent=7638"}],"wp:term":[{"taxonomy":"product_brand","embeddable":true,"href":"https:\/\/www.muralunique.com\/fr\/wp-json\/wp\/v2\/product_brand?post=7638"},{"taxonomy":"product_cat","embeddable":true,"href":"https:\/\/www.muralunique.com\/fr\/wp-json\/wp\/v2\/product_cat?post=7638"},{"taxonomy":"product_tag","embeddable":true,"href":"https:\/\/www.muralunique.com\/fr\/wp-json\/wp\/v2\/product_tag?post=7638"}],"curies":[{"name":"wp","href":"https:\/\/api.w.org\/{rel}","templated":true}]}}