{"id":7663,"date":"2015-06-19T13:36:21","date_gmt":"2015-06-19T13:36:21","guid":{"rendered":"https:\/\/muralunique.com\/?post_type=product&#038;p=7663"},"modified":"2021-07-30T13:32:02","modified_gmt":"2021-07-30T17:32:02","slug":"collage-new-york","status":"publish","type":"product","link":"https:\/\/www.muralunique.com\/fr\/produit\/collage-new-york\/","title":{"rendered":"Collage New York"},"content":{"rendered":"<p>-Murale en papier peint d&#8217;un collage &#8220;New York&#8221; abstrait tr\u00e8s tendance.<\/p>\n<p>-La murale comprend des laizes de 18\u2033 (45cm) de largeur. Par exemple, une murale de 6\u2032 (1,83m) de largeur a 4 laizes et une murale de 12\u2032 (3,66m) de largeur a 8 laizes.<\/p>\n<p>-Murale en papier\u00a0peint pr\u00e9encoll\u00e9e, lavable, s\u2019enl\u00e8ve \u00e0 sec et r\u00e9utilisable. Facile \u00e0 installer, se pose comme du papier\u00a0peint (tapisserie).<\/p>\n<p>-murale collage New York, papier peint collage New York, tapisserie collage New York, murale collage, papier peint collage<\/p>\n","protected":false},"excerpt":{"rendered":"<p>-Murale en papier peint d&#8217;un collage &#8220;New York&#8221; abstrait tr\u00e8s tendance. -La murale comprend des laizes de 18\u2033 (45cm) de largeur. Par exemple, une murale de 6\u2032 (1,83m) de largeur a 4 laizes et une murale de 12\u2032 (3,66m) de largeur a 8 laizes. -Murale en papier\u00a0peint pr\u00e9encoll\u00e9e, lavable, s\u2019enl\u00e8ve \u00e0 sec et r\u00e9utilisable. Facile [&hellip;]<\/p>\n","protected":false},"featured_media":7664,"template":"","meta":{"_acf_changed":false},"product_brand":[203],"product_cat":[125,131,169,401],"product_tag":[8751,9442,8915,9499,9037,9049,9170,9226,9230,9447,9448,9449,8741],"class_list":{"0":"post-7663","1":"product","2":"type-product","3":"status-publish","4":"has-post-thumbnail","6":"product_brand-muralunique-com","7":"product_cat-abstrait-et-geometrie","8":"product_cat-adolescents","9":"product_cat-textures-2","10":"product_cat-tous-nos-produits","11":"product_tag-abstrait","12":"product_tag-adolescents","13":"product_tag-collages-fr","14":"product_tag-etats-unis","15":"product_tag-funky-fr","16":"product_tag-geometrique","17":"product_tag-manhattan-fr","18":"product_tag-new-york-fr","19":"product_tag-nyc-fr","20":"product_tag-texture-fr","21":"product_tag-texture-fr-2","22":"product_tag-textures","23":"product_tag-usa-fr","25":"first","26":"instock","27":"taxable","28":"shipping-taxable","29":"purchasable","30":"product-type-variable"},"acf":[],"_links":{"self":[{"href":"https:\/\/www.muralunique.com\/fr\/wp-json\/wp\/v2\/product\/7663","targetHints":{"allow":["GET"]}}],"collection":[{"href":"https:\/\/www.muralunique.com\/fr\/wp-json\/wp\/v2\/product"}],"about":[{"href":"https:\/\/www.muralunique.com\/fr\/wp-json\/wp\/v2\/types\/product"}],"wp:featuredmedia":[{"embeddable":true,"href":"https:\/\/www.muralunique.com\/fr\/wp-json\/wp\/v2\/media\/7664"}],"wp:attachment":[{"href":"https:\/\/www.muralunique.com\/fr\/wp-json\/wp\/v2\/media?parent=7663"}],"wp:term":[{"taxonomy":"product_brand","embeddable":true,"href":"https:\/\/www.muralunique.com\/fr\/wp-json\/wp\/v2\/product_brand?post=7663"},{"taxonomy":"product_cat","embeddable":true,"href":"https:\/\/www.muralunique.com\/fr\/wp-json\/wp\/v2\/product_cat?post=7663"},{"taxonomy":"product_tag","embeddable":true,"href":"https:\/\/www.muralunique.com\/fr\/wp-json\/wp\/v2\/product_tag?post=7663"}],"curies":[{"name":"wp","href":"https:\/\/api.w.org\/{rel}","templated":true}]}}