{"id":76767,"date":"2023-03-31T13:55:21","date_gmt":"2023-03-31T17:55:21","guid":{"rendered":"https:\/\/www.muralunique.com\/?post_type=product&#038;p=76767"},"modified":"2023-03-31T14:37:52","modified_gmt":"2023-03-31T18:37:52","slug":"chanterelle","status":"publish","type":"product","link":"https:\/\/www.muralunique.com\/fr\/produit\/chanterelle\/","title":{"rendered":"Chanterelle"},"content":{"rendered":"<p>-Murale en papier peint d&#8217;un plan rapproch\u00e9 d&#8217;une chanterelle (un champignon). Une bonne id\u00e9e pour cr\u00e9er un mur d&#8217;accent original dans une cuisine, une salle \u00e0 diner ou un restaurant.<\/p>\n<p>-La murale comprend des laizes de 18\u2033 (45cm) de largeur. Par exemple, une murale de 6\u2032 (1,83m) de largeur a 4 laizes et une murale de 12\u2032 (3,66m) de largeur a 8 laizes.<\/p>\n<p>-Murale en papier\u00a0peint pr\u00e9encoll\u00e9e, lavable, s\u2019enl\u00e8ve \u00e0 sec et r\u00e9utilisable. Facile \u00e0 installer, se pose comme du papier\u00a0peint (tapisserie).<\/p>\n<p>-murale chanterelle, papier peint chanterelle, tapisserie chanterelle, murale en papier peint chanterelle, papier peint champignon, murale champignon<\/p>\n","protected":false},"excerpt":{"rendered":"<p>-Murale en papier peint d&#8217;un plan rapproch\u00e9 d&#8217;une chanterelle (un champignon). Une bonne id\u00e9e pour cr\u00e9er un mur d&#8217;accent original dans une cuisine, une salle \u00e0 diner ou un restaurant. -La murale comprend des laizes de 18\u2033 (45cm) de largeur. Par exemple, une murale de 6\u2032 (1,83m) de largeur a 4 laizes et une murale [&hellip;]<\/p>\n","protected":false},"featured_media":76765,"template":"","meta":{"_acf_changed":false},"product_brand":[],"product_cat":[125,471,169,401],"product_tag":[10056,10057,10075,9167,8905],"class_list":{"0":"post-76767","1":"product","2":"type-product","3":"status-publish","4":"has-post-thumbnail","6":"product_cat-abstrait-et-geometrie","7":"product_cat-cuisine-nourriture","8":"product_cat-textures-2","9":"product_cat-tous-nos-produits","10":"product_tag-champignon","11":"product_tag-champignons","12":"product_tag-chanterelle-fr-2","13":"product_tag-macro-fr","14":"product_tag-plan-rapproche","16":"first","17":"instock","18":"taxable","19":"shipping-taxable","20":"purchasable","21":"product-type-variable","22":"has-default-attributes"},"acf":[],"_links":{"self":[{"href":"https:\/\/www.muralunique.com\/fr\/wp-json\/wp\/v2\/product\/76767","targetHints":{"allow":["GET"]}}],"collection":[{"href":"https:\/\/www.muralunique.com\/fr\/wp-json\/wp\/v2\/product"}],"about":[{"href":"https:\/\/www.muralunique.com\/fr\/wp-json\/wp\/v2\/types\/product"}],"wp:featuredmedia":[{"embeddable":true,"href":"https:\/\/www.muralunique.com\/fr\/wp-json\/wp\/v2\/media\/76765"}],"wp:attachment":[{"href":"https:\/\/www.muralunique.com\/fr\/wp-json\/wp\/v2\/media?parent=76767"}],"wp:term":[{"taxonomy":"product_brand","embeddable":true,"href":"https:\/\/www.muralunique.com\/fr\/wp-json\/wp\/v2\/product_brand?post=76767"},{"taxonomy":"product_cat","embeddable":true,"href":"https:\/\/www.muralunique.com\/fr\/wp-json\/wp\/v2\/product_cat?post=76767"},{"taxonomy":"product_tag","embeddable":true,"href":"https:\/\/www.muralunique.com\/fr\/wp-json\/wp\/v2\/product_tag?post=76767"}],"curies":[{"name":"wp","href":"https:\/\/api.w.org\/{rel}","templated":true}]}}