{"id":7690,"date":"2015-07-01T13:31:59","date_gmt":"2015-07-01T13:31:59","guid":{"rendered":"https:\/\/muralunique.com\/?post_type=product&#038;p=7690"},"modified":"2025-09-30T16:18:38","modified_gmt":"2025-09-30T20:18:38","slug":"tissu-tie-dye-pastel","status":"publish","type":"product","link":"https:\/\/www.muralunique.com\/fr\/produit\/tissu-tie-dye-pastel\/","title":{"rendered":"Tissu Tie-Dye Pastel"},"content":{"rendered":"<p>-Une murale color\u00e9e d&#8217;un tissu tie-dye pastel.<\/p>\n<p>-La murale comprend des laizes de 18\u2033 (45cm) de largeur. Par exemple, une murale de 6\u2032 (1,83m) de largeur a 4 laizes et une murale de 12\u2032 (3,66m) de largeur a 8 laizes.<\/p>\n<p>-Murale en papier\u00a0peint pr\u00e9encoll\u00e9e, lavable, s\u2019enl\u00e8ve \u00e0 sec et r\u00e9utilisable. Facile \u00e0 installer, se pose comme du papier\u00a0peint (tapisserie).<\/p>\n<p>-murale tissu tie-dye, murale en papier peint tissu tie-dye, papier peint tissu tie-dye, photo murale tissu tie-dye, tapisserie tissu tie-dye<\/p>\n","protected":false},"excerpt":{"rendered":"<p>-Une murale color\u00e9e d&#8217;un tissu tie-dye pastel. -La murale comprend des laizes de 18\u2033 (45cm) de largeur. Par exemple, une murale de 6\u2032 (1,83m) de largeur a 4 laizes et une murale de 12\u2032 (3,66m) de largeur a 8 laizes. -Murale en papier\u00a0peint pr\u00e9encoll\u00e9e, lavable, s\u2019enl\u00e8ve \u00e0 sec et r\u00e9utilisable. Facile \u00e0 installer, se pose [&hellip;]<\/p>\n","protected":false},"featured_media":7691,"template":"","meta":{"_acf_changed":false},"product_brand":[203],"product_cat":[125,131,169,401],"product_tag":[9441,9442,8894,8895,9125,9447,9448,9449,9436,9483,9612,9485],"class_list":{"0":"post-7690","1":"product","2":"type-product","3":"status-publish","4":"has-post-thumbnail","6":"product_brand-muralunique-com","7":"product_cat-abstrait-et-geometrie","8":"product_cat-adolescents","9":"product_cat-textures-2","10":"product_cat-tous-nos-produits","11":"product_tag-ado","12":"product_tag-adolescents","13":"product_tag-enfant","14":"product_tag-enfants","15":"product_tag-gamins","16":"product_tag-texture-fr","17":"product_tag-texture-fr-2","18":"product_tag-textures","19":"product_tag-tourbillon","20":"product_tag-trompe-l-oeil","21":"product_tag-trompe-loeil-fr","22":"product_tag-trompe-oeil-fr","24":"first","25":"instock","26":"taxable","27":"shipping-taxable","28":"purchasable","29":"product-type-variable","30":"has-default-attributes"},"acf":[],"_links":{"self":[{"href":"https:\/\/www.muralunique.com\/fr\/wp-json\/wp\/v2\/product\/7690","targetHints":{"allow":["GET"]}}],"collection":[{"href":"https:\/\/www.muralunique.com\/fr\/wp-json\/wp\/v2\/product"}],"about":[{"href":"https:\/\/www.muralunique.com\/fr\/wp-json\/wp\/v2\/types\/product"}],"wp:featuredmedia":[{"embeddable":true,"href":"https:\/\/www.muralunique.com\/fr\/wp-json\/wp\/v2\/media\/7691"}],"wp:attachment":[{"href":"https:\/\/www.muralunique.com\/fr\/wp-json\/wp\/v2\/media?parent=7690"}],"wp:term":[{"taxonomy":"product_brand","embeddable":true,"href":"https:\/\/www.muralunique.com\/fr\/wp-json\/wp\/v2\/product_brand?post=7690"},{"taxonomy":"product_cat","embeddable":true,"href":"https:\/\/www.muralunique.com\/fr\/wp-json\/wp\/v2\/product_cat?post=7690"},{"taxonomy":"product_tag","embeddable":true,"href":"https:\/\/www.muralunique.com\/fr\/wp-json\/wp\/v2\/product_tag?post=7690"}],"curies":[{"name":"wp","href":"https:\/\/api.w.org\/{rel}","templated":true}]}}