{"id":77232,"date":"2023-04-17T15:51:41","date_gmt":"2023-04-17T19:51:41","guid":{"rendered":"https:\/\/www.muralunique.com\/?post_type=product&#038;p=77232"},"modified":"2023-04-17T16:08:31","modified_gmt":"2023-04-17T20:08:31","slug":"arbres-tropicaux-dans-une-foret-brumeuse","status":"publish","type":"product","link":"https:\/\/www.muralunique.com\/fr\/produit\/arbres-tropicaux-dans-une-foret-brumeuse\/","title":{"rendered":"Arbres Tropicaux dans une For\u00eat Brumeuse"},"content":{"rendered":"<p>-Murale de palmiers dans une for\u00eat tropicale brumeuse. Une murale tendance, id\u00e9ale pour cr\u00e9er un d\u00e9cor \u00e9l\u00e9gant et exotique dans votre int\u00e9rieur. Une bonne id\u00e9e d\u00e9co pour un salon, une chambre, une salle de bain ou n&#8217;importe quelle autre pi\u00e8ce de votre int\u00e9rieur.<\/p>\n<p>-La murale comprend des laizes de 18\u2033 (45cm) de largeur. Par exemple, une murale de 6\u2032 (1,83m) de largeur a 4 laizes et une murale de 12\u2032 (3,66m) de largeur a 8 laizes.<\/p>\n<p>-Murale en papier\u00a0peint pr\u00e9encoll\u00e9e, lavable, s\u2019enl\u00e8ve \u00e0 sec et r\u00e9utilisable. Facile \u00e0 installer, se pose comme du papier\u00a0peint (tapisserie).<\/p>\n<p>-murale arbres tropicaux dans une for\u00eat brumeuse, tapisserie murale arbres tropicaux dans une for\u00eat brumeuse, papier peint arbres tropicaux dans une for\u00eat brumeuse, murale tropicale, tapisserie tropicale<\/p>\n","protected":false},"excerpt":{"rendered":"<p>-Murale de palmiers dans une for\u00eat tropicale brumeuse. Une murale tendance, id\u00e9ale pour cr\u00e9er un d\u00e9cor \u00e9l\u00e9gant et exotique dans votre int\u00e9rieur. Une bonne id\u00e9e d\u00e9co pour un salon, une chambre, une salle de bain ou n&#8217;importe quelle autre pi\u00e8ce de votre int\u00e9rieur. -La murale comprend des laizes de 18\u2033 (45cm) de largeur. Par exemple, [&hellip;]<\/p>\n","protected":false},"featured_media":77231,"template":"","meta":{"_acf_changed":false},"product_brand":[],"product_cat":[150,141,305,401],"product_tag":[9013,9012,9011,8970,9014,9567,9313,9219,9702,9242,9137,9486],"class_list":{"0":"post-77232","1":"product","2":"type-product","3":"status-publish","4":"has-post-thumbnail","6":"product_cat-fleurs-et-feuillages","7":"product_cat-nature-et-paysages","8":"product_cat-produits-vedettes","9":"product_cat-tous-nos-produits","10":"product_tag-brouillard","11":"product_tag-brumailles","12":"product_tag-brumeux","13":"product_tag-exotique","14":"product_tag-feuillage","15":"product_tag-feuilles-de-palmier","16":"product_tag-foret-tropicale","17":"product_tag-nature-fr","18":"product_tag-palmier","19":"product_tag-palmiers","20":"product_tag-paysage","21":"product_tag-tropical-fr","23":"first","24":"instock","25":"taxable","26":"shipping-taxable","27":"purchasable","28":"product-type-variable","29":"has-default-attributes"},"acf":[],"_links":{"self":[{"href":"https:\/\/www.muralunique.com\/fr\/wp-json\/wp\/v2\/product\/77232","targetHints":{"allow":["GET"]}}],"collection":[{"href":"https:\/\/www.muralunique.com\/fr\/wp-json\/wp\/v2\/product"}],"about":[{"href":"https:\/\/www.muralunique.com\/fr\/wp-json\/wp\/v2\/types\/product"}],"wp:featuredmedia":[{"embeddable":true,"href":"https:\/\/www.muralunique.com\/fr\/wp-json\/wp\/v2\/media\/77231"}],"wp:attachment":[{"href":"https:\/\/www.muralunique.com\/fr\/wp-json\/wp\/v2\/media?parent=77232"}],"wp:term":[{"taxonomy":"product_brand","embeddable":true,"href":"https:\/\/www.muralunique.com\/fr\/wp-json\/wp\/v2\/product_brand?post=77232"},{"taxonomy":"product_cat","embeddable":true,"href":"https:\/\/www.muralunique.com\/fr\/wp-json\/wp\/v2\/product_cat?post=77232"},{"taxonomy":"product_tag","embeddable":true,"href":"https:\/\/www.muralunique.com\/fr\/wp-json\/wp\/v2\/product_tag?post=77232"}],"curies":[{"name":"wp","href":"https:\/\/api.w.org\/{rel}","templated":true}]}}