{"id":77248,"date":"2023-04-17T17:13:24","date_gmt":"2023-04-17T21:13:24","guid":{"rendered":"https:\/\/www.muralunique.com\/?post_type=product&#038;p=77248"},"modified":"2023-04-17T18:00:49","modified_gmt":"2023-04-17T22:00:49","slug":"arbres-tropicaux-dans-une-foret-brumeuse-en-noir-et-blanc","status":"publish","type":"product","link":"https:\/\/www.muralunique.com\/fr\/produit\/arbres-tropicaux-dans-une-foret-brumeuse-en-noir-et-blanc\/","title":{"rendered":"Arbres Tropicaux dans une For\u00eat Brumeuse en Noir et Blanc"},"content":{"rendered":"<p>-Murale de palmiers dans une for\u00eat tropicale brumeuse en noir et blanc. Une murale tendance, id\u00e9ale pour cr\u00e9er un d\u00e9cor \u00e9l\u00e9gant et exotique dans votre int\u00e9rieur. Une bonne id\u00e9e d\u00e9co pour un salon, une chambre, une salle de bain ou n&#8217;importe quelle autre pi\u00e8ce de votre int\u00e9rieur.<\/p>\n<p>-La murale comprend des laizes de 18\u2033 (45cm) de largeur. Par exemple, une murale de 6\u2032 (1,83m) de largeur a 4 laizes et une murale de 12\u2032 (3,66m) de largeur a 8 laizes.<\/p>\n<p>-Murale en papier\u00a0peint pr\u00e9encoll\u00e9e, lavable, s\u2019enl\u00e8ve \u00e0 sec et r\u00e9utilisable. Facile \u00e0 installer, se pose comme du papier\u00a0peint (tapisserie).<\/p>\n<p>-murale arbres tropicaux dans une for\u00eat brumeuse en noir et blanc, tapisserie murale arbres tropicaux dans une for\u00eat brumeuse en noir et blanc, papier peint arbres tropicaux dans une for\u00eat brumeuse en noir et blanc<\/p>\n","protected":false},"excerpt":{"rendered":"<p>-Murale de palmiers dans une for\u00eat tropicale brumeuse en noir et blanc. Une murale tendance, id\u00e9ale pour cr\u00e9er un d\u00e9cor \u00e9l\u00e9gant et exotique dans votre int\u00e9rieur. Une bonne id\u00e9e d\u00e9co pour un salon, une chambre, une salle de bain ou n&#8217;importe quelle autre pi\u00e8ce de votre int\u00e9rieur. -La murale comprend des laizes de 18\u2033 (45cm) [&hellip;]<\/p>\n","protected":false},"featured_media":88709,"template":"","meta":{"_acf_changed":false},"product_brand":[],"product_cat":[150,141,401],"product_tag":[9013,9012,9011,8970,9014,9567,9313,9219,9702,9242,9137,9486],"class_list":{"0":"post-77248","1":"product","2":"type-product","3":"status-publish","4":"has-post-thumbnail","6":"product_cat-fleurs-et-feuillages","7":"product_cat-nature-et-paysages","8":"product_cat-tous-nos-produits","9":"product_tag-brouillard","10":"product_tag-brumailles","11":"product_tag-brumeux","12":"product_tag-exotique","13":"product_tag-feuillage","14":"product_tag-feuilles-de-palmier","15":"product_tag-foret-tropicale","16":"product_tag-nature-fr","17":"product_tag-palmier","18":"product_tag-palmiers","19":"product_tag-paysage","20":"product_tag-tropical-fr","22":"first","23":"instock","24":"taxable","25":"shipping-taxable","26":"purchasable","27":"product-type-variable","28":"has-default-attributes"},"acf":[],"_links":{"self":[{"href":"https:\/\/www.muralunique.com\/fr\/wp-json\/wp\/v2\/product\/77248","targetHints":{"allow":["GET"]}}],"collection":[{"href":"https:\/\/www.muralunique.com\/fr\/wp-json\/wp\/v2\/product"}],"about":[{"href":"https:\/\/www.muralunique.com\/fr\/wp-json\/wp\/v2\/types\/product"}],"wp:featuredmedia":[{"embeddable":true,"href":"https:\/\/www.muralunique.com\/fr\/wp-json\/wp\/v2\/media\/88709"}],"wp:attachment":[{"href":"https:\/\/www.muralunique.com\/fr\/wp-json\/wp\/v2\/media?parent=77248"}],"wp:term":[{"taxonomy":"product_brand","embeddable":true,"href":"https:\/\/www.muralunique.com\/fr\/wp-json\/wp\/v2\/product_brand?post=77248"},{"taxonomy":"product_cat","embeddable":true,"href":"https:\/\/www.muralunique.com\/fr\/wp-json\/wp\/v2\/product_cat?post=77248"},{"taxonomy":"product_tag","embeddable":true,"href":"https:\/\/www.muralunique.com\/fr\/wp-json\/wp\/v2\/product_tag?post=77248"}],"curies":[{"name":"wp","href":"https:\/\/api.w.org\/{rel}","templated":true}]}}