{"id":7738,"date":"2015-08-14T11:40:33","date_gmt":"2015-08-14T11:40:33","guid":{"rendered":"https:\/\/muralunique.com\/?post_type=product&#038;p=7738"},"modified":"2023-12-12T17:49:59","modified_gmt":"2023-12-12T22:49:59","slug":"sinfonia-della-foresta-noir-et-blanc","status":"publish","type":"product","link":"https:\/\/www.muralunique.com\/fr\/produit\/sinfonia-della-foresta-noir-et-blanc\/","title":{"rendered":"Sinfonia Della Foresta (Noir et Blanc)"},"content":{"rendered":"<p>-D\u00e9couvrez la magie des photographies de l&#8217;artiste Lars Van de Goor avec cette magnifique murale en papier peint en noir et blanc &#8220;Sinfonia Della Foresta&#8221;.<\/p>\n<p>-La murale comprend des laizes de 18\u2033 (45cm) de largeur. Par exemple, une murale de 6\u2032 (1,83m) de largeur a 4 laizes et une murale de 12\u2032 (3,66m) de largeur a 8 laizes.<\/p>\n<p>-Murale en papier\u00a0peint pr\u00e9encoll\u00e9e, lavable, s\u2019enl\u00e8ve \u00e0 sec et r\u00e9utilisable. Facile \u00e0 installer, se pose comme du papier\u00a0peint (tapisserie).<\/p>\n<p>-Photographie de Lars Van de Goor. Vous pouvez obtenir plus d&#8217;informations \u00e0\u00a0<a href=\"http:\/\/www.larsvandegoor.com\" rel=\"nofollow noopener\" target=\"_blank\">www.larsvandegoor.com<\/a>.<\/p>\n<p>-murale for\u00eat en noir et blanc, photo murale for\u00eat en noir et blanc, tapisserie for\u00eat en noir et blanc, murale papier peint for\u00eat en noir et blanc<\/p>\n","protected":false},"excerpt":{"rendered":"<p>-D\u00e9couvrez la magie des photographies de l&#8217;artiste Lars Van de Goor avec cette magnifique murale en papier peint en noir et blanc &#8220;Sinfonia Della Foresta&#8221;. -La murale comprend des laizes de 18\u2033 (45cm) de largeur. Par exemple, une murale de 6\u2032 (1,83m) de largeur a 4 laizes et une murale de 12\u2032 (3,66m) de largeur [&hellip;]<\/p>\n","protected":false},"featured_media":85570,"template":"","meta":{"_acf_changed":false},"product_brand":[185],"product_cat":[141,305,401],"product_tag":[9478,8979,8788,8864,9019,9219,9261,9137,9770,9767,9429,9428,9467],"class_list":{"0":"post-7738","1":"product","2":"type-product","3":"status-publish","4":"has-post-thumbnail","6":"artist-lars-van-de-goor-fr","7":"product_brand-lars-van-de-goor","8":"product_cat-nature-et-paysages","9":"product_cat-produits-vedettes","10":"product_cat-tous-nos-produits","11":"product_tag-arbres","12":"product_tag-automne-fr","13":"product_tag-automne","14":"product_tag-calme","15":"product_tag-foret","16":"product_tag-nature-fr","17":"product_tag-paisible","18":"product_tag-paysage","19":"product_tag-rayons-de-soleil-fr-2","20":"product_tag-rayons-de-soleil-fr","21":"product_tag-rayons-de-soleil","22":"product_tag-soleil","23":"product_tag-tranquilite","25":"first","26":"instock","27":"taxable","28":"shipping-taxable","29":"purchasable","30":"product-type-variable","31":"has-default-attributes"},"acf":[],"_links":{"self":[{"href":"https:\/\/www.muralunique.com\/fr\/wp-json\/wp\/v2\/product\/7738","targetHints":{"allow":["GET"]}}],"collection":[{"href":"https:\/\/www.muralunique.com\/fr\/wp-json\/wp\/v2\/product"}],"about":[{"href":"https:\/\/www.muralunique.com\/fr\/wp-json\/wp\/v2\/types\/product"}],"wp:featuredmedia":[{"embeddable":true,"href":"https:\/\/www.muralunique.com\/fr\/wp-json\/wp\/v2\/media\/85570"}],"wp:attachment":[{"href":"https:\/\/www.muralunique.com\/fr\/wp-json\/wp\/v2\/media?parent=7738"}],"wp:term":[{"taxonomy":"product_brand","embeddable":true,"href":"https:\/\/www.muralunique.com\/fr\/wp-json\/wp\/v2\/product_brand?post=7738"},{"taxonomy":"product_cat","embeddable":true,"href":"https:\/\/www.muralunique.com\/fr\/wp-json\/wp\/v2\/product_cat?post=7738"},{"taxonomy":"product_tag","embeddable":true,"href":"https:\/\/www.muralunique.com\/fr\/wp-json\/wp\/v2\/product_tag?post=7738"}],"curies":[{"name":"wp","href":"https:\/\/api.w.org\/{rel}","templated":true}]}}