{"id":77410,"date":"2023-04-20T13:27:29","date_gmt":"2023-04-20T17:27:29","guid":{"rendered":"https:\/\/www.muralunique.com\/?post_type=product&#038;p=77410"},"modified":"2023-04-20T13:44:06","modified_gmt":"2023-04-20T17:44:06","slug":"rosee-sur-pissenlit","status":"publish","type":"product","link":"https:\/\/www.muralunique.com\/fr\/produit\/rosee-sur-pissenlit\/","title":{"rendered":"Ros\u00e9e sur Pissenlit"},"content":{"rendered":"<p>&#8211;<span class=\"Y2IQFc\" lang=\"fr\">Une murale repr\u00e9sentant des gouttes d&#8217;eau sur un pissenlit. Cette murale transformera votre pi\u00e8ce en un espace chaleureux et \u00e9l\u00e9gant. Un design parfait pour une chambre, un salon ou une salle de bain mais aussi pour un spa ou tout autre espace o\u00f9 vous souhaitez cr\u00e9er une sensation de d\u00e9tente et de tranquillit\u00e9.<\/span><\/p>\n<p>-La murale comprend des laizes de 18\u2033 (45cm) de largeur. Par exemple, une murale de 6\u2032 (1,83m) de largeur a 4 laizes et une murale de 12\u2032 (3,66m) de largeur a 8 laizes.<\/p>\n<p>-Murale en papier\u00a0peint pr\u00e9encoll\u00e9e, lavable, s\u2019enl\u00e8ve \u00e0 sec et r\u00e9utilisable. Facile \u00e0 installer, se pose comme du papier\u00a0peint (tapisserie).<\/p>\n<p>-murale ros\u00e9e sur pissenlit, tapisserie murale ros\u00e9e sur pissenlit, tapisserie ros\u00e9e sur pissenlit, papier peint ros\u00e9e sur pissenlit, murale en papier peint ros\u00e9e sur pissenlit<\/p>\n","protected":false},"excerpt":{"rendered":"<p>&#8211;Une murale repr\u00e9sentant des gouttes d&#8217;eau sur un pissenlit. Cette murale transformera votre pi\u00e8ce en un espace chaleureux et \u00e9l\u00e9gant. Un design parfait pour une chambre, un salon ou une salle de bain mais aussi pour un spa ou tout autre espace o\u00f9 vous souhaitez cr\u00e9er une sensation de d\u00e9tente et de tranquillit\u00e9. -La murale [&hellip;]<\/p>\n","protected":false},"featured_media":77406,"template":"","meta":{"_acf_changed":false},"product_brand":[],"product_cat":[150,401],"product_tag":[9006,9167,9810,8937,8905],"class_list":{"0":"post-77410","1":"product","2":"type-product","3":"status-publish","4":"has-post-thumbnail","6":"product_cat-fleurs-et-feuillages","7":"product_cat-tous-nos-produits","8":"product_tag-floral-fr","9":"product_tag-macro-fr","10":"product_tag-pissenlit","11":"product_tag-pissenlits","12":"product_tag-plan-rapproche","14":"first","15":"instock","16":"taxable","17":"shipping-taxable","18":"purchasable","19":"product-type-variable","20":"has-default-attributes"},"acf":[],"_links":{"self":[{"href":"https:\/\/www.muralunique.com\/fr\/wp-json\/wp\/v2\/product\/77410","targetHints":{"allow":["GET"]}}],"collection":[{"href":"https:\/\/www.muralunique.com\/fr\/wp-json\/wp\/v2\/product"}],"about":[{"href":"https:\/\/www.muralunique.com\/fr\/wp-json\/wp\/v2\/types\/product"}],"wp:featuredmedia":[{"embeddable":true,"href":"https:\/\/www.muralunique.com\/fr\/wp-json\/wp\/v2\/media\/77406"}],"wp:attachment":[{"href":"https:\/\/www.muralunique.com\/fr\/wp-json\/wp\/v2\/media?parent=77410"}],"wp:term":[{"taxonomy":"product_brand","embeddable":true,"href":"https:\/\/www.muralunique.com\/fr\/wp-json\/wp\/v2\/product_brand?post=77410"},{"taxonomy":"product_cat","embeddable":true,"href":"https:\/\/www.muralunique.com\/fr\/wp-json\/wp\/v2\/product_cat?post=77410"},{"taxonomy":"product_tag","embeddable":true,"href":"https:\/\/www.muralunique.com\/fr\/wp-json\/wp\/v2\/product_tag?post=77410"}],"curies":[{"name":"wp","href":"https:\/\/api.w.org\/{rel}","templated":true}]}}