{"id":77467,"date":"2023-04-21T14:00:08","date_gmt":"2023-04-21T18:00:08","guid":{"rendered":"https:\/\/www.muralunique.com\/?post_type=product&#038;p=77467"},"modified":"2023-04-21T14:14:41","modified_gmt":"2023-04-21T18:14:41","slug":"geometrie-en-jaune-et-gris","status":"publish","type":"product","link":"https:\/\/www.muralunique.com\/fr\/produit\/geometrie-en-jaune-et-gris\/","title":{"rendered":"G\u00e9om\u00e9trie en Jaune et Gris"},"content":{"rendered":"<p>-Tapisserie murale de g\u00e9om\u00e9trie en jaune et gris. Un design g\u00e9om\u00e9trique moderne et tendance, parfait pour donner vie et originalit\u00e9 \u00e0 un mur. Une bonne id\u00e9e d\u00e9co pour un mur r\u00e9sidentiel, commercial ou industriel.<\/p>\n<p>-La murale comprend des laizes de 18\u2033 (45cm) de largeur. Par exemple, une murale de 6\u2032 (1,83m) de largeur a 4 laizes et une murale de 12\u2032 (3,66m) de largeur a 8 laizes.<\/p>\n<p>-Murale en papier\u00a0peint pr\u00e9encoll\u00e9e, lavable, s\u2019enl\u00e8ve \u00e0 sec et r\u00e9utilisable. Facile \u00e0 installer, se pose comme du papier\u00a0peint (tapisserie).<\/p>\n<p>-murale g\u00e9om\u00e9trie en jaune et gris, tapisserie g\u00e9om\u00e9trie en jaune et gris, tapisserie murale g\u00e9om\u00e9trie en jaune et gris, papier peint g\u00e9om\u00e9trie en jaune et gris<\/p>\n","protected":false},"excerpt":{"rendered":"<p>-Tapisserie murale de g\u00e9om\u00e9trie en jaune et gris. Un design g\u00e9om\u00e9trique moderne et tendance, parfait pour donner vie et originalit\u00e9 \u00e0 un mur. Une bonne id\u00e9e d\u00e9co pour un mur r\u00e9sidentiel, commercial ou industriel. -La murale comprend des laizes de 18\u2033 (45cm) de largeur. Par exemple, une murale de 6\u2032 (1,83m) de largeur a 4 [&hellip;]<\/p>\n","protected":false},"featured_media":77461,"template":"","meta":{"_acf_changed":false},"product_brand":[],"product_cat":[125,131,169,401],"product_tag":[9441,9901,9442,9402,9403,9047,9049,9187,9447,9448,9449],"class_list":{"0":"post-77467","1":"product","2":"type-product","3":"status-publish","4":"has-post-thumbnail","6":"product_cat-abstrait-et-geometrie","7":"product_cat-adolescents","8":"product_cat-textures-2","9":"product_cat-tous-nos-produits","10":"product_tag-ado","11":"product_tag-adolescent","12":"product_tag-adolescents","13":"product_tag-carre","14":"product_tag-carres","15":"product_tag-geometrie","16":"product_tag-geometrique","17":"product_tag-moderne","18":"product_tag-texture-fr","19":"product_tag-texture-fr-2","20":"product_tag-textures","22":"first","23":"instock","24":"taxable","25":"shipping-taxable","26":"purchasable","27":"product-type-variable","28":"has-default-attributes"},"acf":[],"_links":{"self":[{"href":"https:\/\/www.muralunique.com\/fr\/wp-json\/wp\/v2\/product\/77467","targetHints":{"allow":["GET"]}}],"collection":[{"href":"https:\/\/www.muralunique.com\/fr\/wp-json\/wp\/v2\/product"}],"about":[{"href":"https:\/\/www.muralunique.com\/fr\/wp-json\/wp\/v2\/types\/product"}],"wp:featuredmedia":[{"embeddable":true,"href":"https:\/\/www.muralunique.com\/fr\/wp-json\/wp\/v2\/media\/77461"}],"wp:attachment":[{"href":"https:\/\/www.muralunique.com\/fr\/wp-json\/wp\/v2\/media?parent=77467"}],"wp:term":[{"taxonomy":"product_brand","embeddable":true,"href":"https:\/\/www.muralunique.com\/fr\/wp-json\/wp\/v2\/product_brand?post=77467"},{"taxonomy":"product_cat","embeddable":true,"href":"https:\/\/www.muralunique.com\/fr\/wp-json\/wp\/v2\/product_cat?post=77467"},{"taxonomy":"product_tag","embeddable":true,"href":"https:\/\/www.muralunique.com\/fr\/wp-json\/wp\/v2\/product_tag?post=77467"}],"curies":[{"name":"wp","href":"https:\/\/api.w.org\/{rel}","templated":true}]}}