{"id":7826,"date":"2015-09-14T10:40:48","date_gmt":"2015-09-14T10:40:48","guid":{"rendered":"https:\/\/muralunique.com\/?post_type=product&#038;p=7826"},"modified":"2025-09-30T16:18:03","modified_gmt":"2025-09-30T20:18:03","slug":"pierres-de-chateau-blanches","status":"publish","type":"product","link":"https:\/\/www.muralunique.com\/fr\/produit\/pierres-de-chateau-blanches\/","title":{"rendered":"Pierres de Ch\u00e2teau Blanches"},"content":{"rendered":"<p>-Murale en papier peint d&#8217;un mur de pierres blanches. La qualit\u00e9 (r\u00e9solution) de cette image est exceptionnelle (mille M\u00e9gaPixels).<\/p>\n<p>-La murale comprend des laizes de 18\u2033 (45cm) de largeur. Par exemple, une murale de 6\u2032 (1,83m) de largeur a 4 laizes et une murale de 12\u2032 (3,66m) de largeur a 8 laizes.<\/p>\n<p>-Murale en papier\u00a0peint pr\u00e9encoll\u00e9e, lavable, s\u2019enl\u00e8ve \u00e0 sec et r\u00e9utilisable. Facile \u00e0 installer, se pose comme du papier\u00a0peint (tapisserie).<\/p>\n<p>-Photographie de Donn Petelka. Vous pouvez obtenir plus d&#8217;informations \u00e0 cette adresse:\u00a0<a href=\"mailto:donnpetelka@gmail.com\" target=\"_blank\" rel=\"noopener noreferrer\">donnpetelka@gmail.com<\/a>.<\/p>\n<p>-murale pierres blanches, murale en papier peint pierres blanches, photo murale pierres blanches, papier peint pierres blanches, tapisserie pierres blanches<\/p>\n","protected":false},"excerpt":{"rendered":"<p>-Murale en papier peint d&#8217;un mur de pierres blanches. La qualit\u00e9 (r\u00e9solution) de cette image est exceptionnelle (mille M\u00e9gaPixels). -La murale comprend des laizes de 18\u2033 (45cm) de largeur. Par exemple, une murale de 6\u2032 (1,83m) de largeur a 4 laizes et une murale de 12\u2032 (3,66m) de largeur a 8 laizes. -Murale en papier\u00a0peint [&hellip;]<\/p>\n","protected":false},"featured_media":7827,"template":"","meta":{"_acf_changed":false},"product_brand":[197],"product_cat":[10434,305,169,401,427],"product_tag":[8767,8771,8877,9515,9418,9416,9417,9447,9448,9449],"class_list":{"0":"post-7826","1":"product","2":"type-product","3":"status-publish","4":"has-post-thumbnail","6":"artist-donn-petelka-fr","7":"product_brand-donn-petelka-2","8":"product_cat-images-panoramiques","9":"product_cat-produits-vedettes","10":"product_cat-textures-2","11":"product_cat-tous-nos-produits","12":"product_cat-ultra-haute-d-finition-photos","13":"product_tag-ancient-fr","14":"product_tag-antique-fr","15":"product_tag-chateau","16":"product_tag-mur","17":"product_tag-mur-de-pierres","18":"product_tag-pierre","19":"product_tag-pierres","20":"product_tag-texture-fr","21":"product_tag-texture-fr-2","22":"product_tag-textures","24":"first","25":"instock","26":"taxable","27":"shipping-taxable","28":"purchasable","29":"product-type-variable","30":"has-default-attributes"},"acf":[],"_links":{"self":[{"href":"https:\/\/www.muralunique.com\/fr\/wp-json\/wp\/v2\/product\/7826","targetHints":{"allow":["GET"]}}],"collection":[{"href":"https:\/\/www.muralunique.com\/fr\/wp-json\/wp\/v2\/product"}],"about":[{"href":"https:\/\/www.muralunique.com\/fr\/wp-json\/wp\/v2\/types\/product"}],"wp:featuredmedia":[{"embeddable":true,"href":"https:\/\/www.muralunique.com\/fr\/wp-json\/wp\/v2\/media\/7827"}],"wp:attachment":[{"href":"https:\/\/www.muralunique.com\/fr\/wp-json\/wp\/v2\/media?parent=7826"}],"wp:term":[{"taxonomy":"product_brand","embeddable":true,"href":"https:\/\/www.muralunique.com\/fr\/wp-json\/wp\/v2\/product_brand?post=7826"},{"taxonomy":"product_cat","embeddable":true,"href":"https:\/\/www.muralunique.com\/fr\/wp-json\/wp\/v2\/product_cat?post=7826"},{"taxonomy":"product_tag","embeddable":true,"href":"https:\/\/www.muralunique.com\/fr\/wp-json\/wp\/v2\/product_tag?post=7826"}],"curies":[{"name":"wp","href":"https:\/\/api.w.org\/{rel}","templated":true}]}}