{"id":78277,"date":"2023-05-10T20:26:02","date_gmt":"2023-05-11T00:26:02","guid":{"rendered":"https:\/\/www.muralunique.com\/?post_type=product&#038;p=78277"},"modified":"2023-05-10T20:45:14","modified_gmt":"2023-05-11T00:45:14","slug":"foret-de-trembles-en-noir-et-blanc","status":"publish","type":"product","link":"https:\/\/www.muralunique.com\/fr\/produit\/foret-de-trembles-en-noir-et-blanc\/","title":{"rendered":"For\u00eat de Trembles en Noir et Blanc"},"content":{"rendered":"<p>-Transformez votre int\u00e9rieur avec la magnificence de la nature avec notre superbe murale de for\u00eat de trembles en noir et blanc. Que ce soit pour un salon, une chambre \u00e0 coucher, une salle de bain, cette murale s&#8217;agencera magnifiquement \u00e0 n&#8217;importe quel d\u00e9cor.<\/p>\n<p>-La murale comprend des laizes de 18\u2033 (45cm) de largeur. Par exemple, une murale de 6\u2032 (1,83m) de largeur a 4 laizes et une murale de 12\u2032 (3,66m) de largeur a 8 laizes.<\/p>\n<p>-Murale en papier\u00a0peint pr\u00e9encoll\u00e9e, lavable, s\u2019enl\u00e8ve \u00e0 sec et r\u00e9utilisable. Facile \u00e0 installer, se pose comme du papier\u00a0peint (tapisserie).<\/p>\n<p>-murale for\u00eat de trembles en noir et blanc, tapisserie for\u00eat de trembles en noir et blanc, papier peint for\u00eat de trembles en noir et blanc, murale for\u00eat Aspen en noir et banc, papier peint for\u00eat Aspen en noir et blanc, murale for\u00eat en noir et blanc<\/p>\n","protected":false},"excerpt":{"rendered":"<p>-Transformez votre int\u00e9rieur avec la magnificence de la nature avec notre superbe murale de for\u00eat de trembles en noir et blanc. Que ce soit pour un salon, une chambre \u00e0 coucher, une salle de bain, cette murale s&#8217;agencera magnifiquement \u00e0 n&#8217;importe quel d\u00e9cor. -La murale comprend des laizes de 18\u2033 (45cm) de largeur. Par exemple, [&hellip;]<\/p>\n","protected":false},"featured_media":78299,"template":"","meta":{"_acf_changed":false},"product_brand":[],"product_cat":[10434,141,401],"product_tag":[9478,10077,8864,9427,9019,9219,9261,9137,9467],"class_list":{"0":"post-78277","1":"product","2":"type-product","3":"status-publish","4":"has-post-thumbnail","6":"product_cat-images-panoramiques","7":"product_cat-nature-et-paysages","8":"product_cat-tous-nos-produits","9":"product_tag-arbres","10":"product_tag-aspen-fr","11":"product_tag-calme","12":"product_tag-ete","13":"product_tag-foret","14":"product_tag-nature-fr","15":"product_tag-paisible","16":"product_tag-paysage","17":"product_tag-tranquilite","19":"first","20":"instock","21":"taxable","22":"shipping-taxable","23":"purchasable","24":"product-type-variable","25":"has-default-attributes"},"acf":[],"_links":{"self":[{"href":"https:\/\/www.muralunique.com\/fr\/wp-json\/wp\/v2\/product\/78277","targetHints":{"allow":["GET"]}}],"collection":[{"href":"https:\/\/www.muralunique.com\/fr\/wp-json\/wp\/v2\/product"}],"about":[{"href":"https:\/\/www.muralunique.com\/fr\/wp-json\/wp\/v2\/types\/product"}],"wp:featuredmedia":[{"embeddable":true,"href":"https:\/\/www.muralunique.com\/fr\/wp-json\/wp\/v2\/media\/78299"}],"wp:attachment":[{"href":"https:\/\/www.muralunique.com\/fr\/wp-json\/wp\/v2\/media?parent=78277"}],"wp:term":[{"taxonomy":"product_brand","embeddable":true,"href":"https:\/\/www.muralunique.com\/fr\/wp-json\/wp\/v2\/product_brand?post=78277"},{"taxonomy":"product_cat","embeddable":true,"href":"https:\/\/www.muralunique.com\/fr\/wp-json\/wp\/v2\/product_cat?post=78277"},{"taxonomy":"product_tag","embeddable":true,"href":"https:\/\/www.muralunique.com\/fr\/wp-json\/wp\/v2\/product_tag?post=78277"}],"curies":[{"name":"wp","href":"https:\/\/api.w.org\/{rel}","templated":true}]}}