{"id":78472,"date":"2023-05-15T15:47:15","date_gmt":"2023-05-15T19:47:15","guid":{"rendered":"https:\/\/www.muralunique.com\/?post_type=product&#038;p=78472"},"modified":"2023-05-15T16:08:09","modified_gmt":"2023-05-15T20:08:09","slug":"vieux-mur-de-briques-beige","status":"publish","type":"product","link":"https:\/\/www.muralunique.com\/fr\/produit\/vieux-mur-de-briques-beige\/","title":{"rendered":"Vieux Mur de Briques Beige"},"content":{"rendered":"<p>-Magnifique murale d&#8217;une texture de vieilles briques de couleur beige. Une murale id\u00e9ale pour cr\u00e9er un mur d&#8217;accent. Murale d&#8217;une qualit\u00e9 (r\u00e9solution) exceptionnelle.<\/p>\n<p>-La murale comprend des laizes de 18\u2033 (45cm) de largeur. Par exemple, une murale de 6\u2032 (1,83m) de largeur a 4 laizes et une murale de 12\u2032 (3,66m) de largeur a 8 laizes.<\/p>\n<p>-Murale en papier\u00a0peint pr\u00e9encoll\u00e9e, lavable, s\u2019enl\u00e8ve \u00e0 sec et r\u00e9utilisable. Facile \u00e0 installer, se pose comme du papier\u00a0peint (tapisserie).<\/p>\n<p>-Photographie de Donn Petelka. Vous pouvez obtenir plus d\u2019informations \u00e0 cette adresse:\u00a0<a href=\"mailto:donnpetelka@gmail.com\" target=\"_blank\" rel=\"noopener noreferrer\">donnpetelka@gmail.com<\/a>.<\/p>\n<p>-murale mur de briques beige, tapisserie mur de briques beige, tapisserie murale mur de briques beige, papier peint mur de briques beige, murale en papier peint mur de briques beige<\/p>\n","protected":false},"excerpt":{"rendered":"<p>-Magnifique murale d&#8217;une texture de vieilles briques de couleur beige. Une murale id\u00e9ale pour cr\u00e9er un mur d&#8217;accent. Murale d&#8217;une qualit\u00e9 (r\u00e9solution) exceptionnelle. -La murale comprend des laizes de 18\u2033 (45cm) de largeur. Par exemple, une murale de 6\u2032 (1,83m) de largeur a 4 laizes et une murale de 12\u2032 (3,66m) de largeur a 8 [&hellip;]<\/p>\n","protected":false},"featured_media":78492,"template":"","meta":{"_acf_changed":false},"product_brand":[],"product_cat":[169,401,427],"product_tag":[8846,8847,8848,9447,9448,9449],"class_list":{"0":"post-78472","1":"product","2":"type-product","3":"status-publish","4":"has-post-thumbnail","6":"artist-donn-petelka-fr","7":"product_cat-textures-2","8":"product_cat-tous-nos-produits","9":"product_cat-ultra-haute-d-finition-photos","10":"product_tag-brique","11":"product_tag-briques","12":"product_tag-mur-de-briques","13":"product_tag-texture-fr","14":"product_tag-texture-fr-2","15":"product_tag-textures","17":"first","18":"instock","19":"taxable","20":"shipping-taxable","21":"purchasable","22":"product-type-variable","23":"has-default-attributes"},"acf":[],"_links":{"self":[{"href":"https:\/\/www.muralunique.com\/fr\/wp-json\/wp\/v2\/product\/78472","targetHints":{"allow":["GET"]}}],"collection":[{"href":"https:\/\/www.muralunique.com\/fr\/wp-json\/wp\/v2\/product"}],"about":[{"href":"https:\/\/www.muralunique.com\/fr\/wp-json\/wp\/v2\/types\/product"}],"wp:featuredmedia":[{"embeddable":true,"href":"https:\/\/www.muralunique.com\/fr\/wp-json\/wp\/v2\/media\/78492"}],"wp:attachment":[{"href":"https:\/\/www.muralunique.com\/fr\/wp-json\/wp\/v2\/media?parent=78472"}],"wp:term":[{"taxonomy":"product_brand","embeddable":true,"href":"https:\/\/www.muralunique.com\/fr\/wp-json\/wp\/v2\/product_brand?post=78472"},{"taxonomy":"product_cat","embeddable":true,"href":"https:\/\/www.muralunique.com\/fr\/wp-json\/wp\/v2\/product_cat?post=78472"},{"taxonomy":"product_tag","embeddable":true,"href":"https:\/\/www.muralunique.com\/fr\/wp-json\/wp\/v2\/product_tag?post=78472"}],"curies":[{"name":"wp","href":"https:\/\/api.w.org\/{rel}","templated":true}]}}