{"id":7856,"date":"2015-09-29T09:05:57","date_gmt":"2015-09-29T09:05:57","guid":{"rendered":"https:\/\/muralunique.com\/?post_type=product&#038;p=7856"},"modified":"2021-07-30T13:31:53","modified_gmt":"2021-07-30T17:31:53","slug":"cellier-en-toscane","status":"publish","type":"product","link":"https:\/\/www.muralunique.com\/fr\/produit\/cellier-en-toscane\/","title":{"rendered":"Cellier en Toscane"},"content":{"rendered":"<p>-Murale en papier peint trompe l&#8217;oeil d&#8217;un cellier en Toscane, Italie. Parfait pour une cave \u00e0 vin, un bar ou un restaurant.<\/p>\n<p>-La murale comprend des laizes de 18\u2033 (45cm) de largeur. Par exemple, une murale de 6\u2032 (1,83m) de largeur a 4 laizes et une murale de 12\u2032 (3,66m) de largeur a 8 laizes.<\/p>\n<p>-Murale en papier\u00a0peint pr\u00e9encoll\u00e9e, lavable, s\u2019enl\u00e8ve \u00e0 sec et r\u00e9utilisable. Facile \u00e0 installer, se pose comme du papier\u00a0peint (tapisserie).<\/p>\n<p>-murale cellier en Toscane, photo murale cellier en Toscane, murale en papier peint cellier en Toscane, papier peint cellier en Toscane, tapisserie cellier en Toscane<\/p>\n","protected":false},"excerpt":{"rendered":"<p>-Murale en papier peint trompe l&#8217;oeil d&#8217;un cellier en Toscane, Italie. Parfait pour une cave \u00e0 vin, un bar ou un restaurant. -La murale comprend des laizes de 18\u2033 (45cm) de largeur. Par exemple, une murale de 6\u2032 (1,83m) de largeur a 4 laizes et une murale de 12\u2032 (3,66m) de largeur a 8 laizes. [&hellip;]<\/p>\n","protected":false},"featured_media":7857,"template":"","meta":{"_acf_changed":false},"product_brand":[203],"product_cat":[471,401,163],"product_tag":[8759,8800,8880,8881,9115,9612,9485,8739,9531],"class_list":{"0":"post-7856","1":"product","2":"type-product","3":"status-publish","4":"has-post-thumbnail","6":"product_brand-muralunique-com","7":"product_cat-cuisine-nourriture","8":"product_cat-tous-nos-produits","9":"product_cat-trompe-loeil","10":"product_tag-alcool","11":"product_tag-bar-fr","12":"product_tag-cave-fr","13":"product_tag-cellier","14":"product_tag-italie","15":"product_tag-trompe-loeil-fr","16":"product_tag-trompe-oeil-fr","17":"product_tag-tuscane","18":"product_tag-vin","20":"first","21":"instock","22":"taxable","23":"shipping-taxable","24":"purchasable","25":"product-type-variable","26":"has-default-attributes"},"acf":[],"_links":{"self":[{"href":"https:\/\/www.muralunique.com\/fr\/wp-json\/wp\/v2\/product\/7856","targetHints":{"allow":["GET"]}}],"collection":[{"href":"https:\/\/www.muralunique.com\/fr\/wp-json\/wp\/v2\/product"}],"about":[{"href":"https:\/\/www.muralunique.com\/fr\/wp-json\/wp\/v2\/types\/product"}],"wp:featuredmedia":[{"embeddable":true,"href":"https:\/\/www.muralunique.com\/fr\/wp-json\/wp\/v2\/media\/7857"}],"wp:attachment":[{"href":"https:\/\/www.muralunique.com\/fr\/wp-json\/wp\/v2\/media?parent=7856"}],"wp:term":[{"taxonomy":"product_brand","embeddable":true,"href":"https:\/\/www.muralunique.com\/fr\/wp-json\/wp\/v2\/product_brand?post=7856"},{"taxonomy":"product_cat","embeddable":true,"href":"https:\/\/www.muralunique.com\/fr\/wp-json\/wp\/v2\/product_cat?post=7856"},{"taxonomy":"product_tag","embeddable":true,"href":"https:\/\/www.muralunique.com\/fr\/wp-json\/wp\/v2\/product_tag?post=7856"}],"curies":[{"name":"wp","href":"https:\/\/api.w.org\/{rel}","templated":true}]}}